{"id":81273,"date":"2025-03-27T12:08:48","date_gmt":"2025-03-27T11:08:48","guid":{"rendered":"https:\/\/whisky.ad\/?post_type=product&#038;p=81273"},"modified":"2025-11-23T17:44:01","modified_gmt":"2025-11-23T16:44:01","slug":"penelope-architect-bourbon-52-0-7l","status":"publish","type":"product","link":"https:\/\/whisky.ad\/fr\/product\/penelope-architect-bourbon-52-0-7l\/","title":{"rendered":"Penelope Architect Bourbon 52% 0.7l"},"content":{"rendered":"","protected":false},"excerpt":{"rendered":"<h3 class=\"\" data-start=\"0\" data-end=\"27\"><strong data-start=\"4\" data-end=\"25\">Penelope Architect Bourbon<\/strong><\/h3>\n<p class=\"\" data-start=\"29\" data-end=\"332\">Just as architecture is the art of designing and constructing structures, we apply the same principles to crafting bold and innovative flavor profiles. Inspired by the precision and creativity of an architect, we\u2019ve meticulously built a bourbon that stands as a testament to craftsmanship and balance.<\/p>\n<p class=\"\" data-start=\"334\" data-end=\"624\">In collaboration with <strong data-start=\"356\" data-end=\"378\">Tonnellerie Radoux<\/strong>, France\u2019s leading oak barrel manufacturer, we utilize <strong data-start=\"433\" data-end=\"454\">French oak staves<\/strong> and their cutting-edge <strong data-start=\"478\" data-end=\"501\">OakScan\u00ae technology<\/strong> to create a remarkably precise and complex flavor experience. After all, the best architecture leaves no room for error.<\/p>\n<p class=\"\" data-start=\"626\" data-end=\"680\">\n<h3 class=\"\" data-start=\"689\" data-end=\"712\"><strong data-start=\"693\" data-end=\"710\">Tasting Notes<\/strong><\/h3>\n<p class=\"\" data-start=\"714\" data-end=\"791\"><strong data-start=\"714\" data-end=\"723\">Aroma<\/strong><br data-start=\"723\" data-end=\"726\" \/>Sweet candied cream and floral notes with hints of cr\u00e8me br\u00fbl\u00e9e<\/p>\n<p class=\"\" data-start=\"793\" data-end=\"871\"><strong data-start=\"793\" data-end=\"810\">Forward Notes<\/strong><br data-start=\"810\" data-end=\"813\" \/>Smooth vanilla and rich cream with a touch of savory oak<\/p>\n<p class=\"\" data-start=\"873\" data-end=\"957\"><strong data-start=\"873\" data-end=\"881\">Body<\/strong><br data-start=\"881\" data-end=\"884\" \/>A creamy sweetness evolves into herbal, floral, and velvety cream notes<\/p>\n<p class=\"\" data-start=\"959\" data-end=\"1029\"><strong data-start=\"959\" data-end=\"969\">Finish<\/strong><br data-start=\"969\" data-end=\"972\" \/>Deep, rich vanilla lingers with a warm, satisfying heat<\/p>\n<hr class=\"\" data-start=\"1031\" data-end=\"1036\" \/>\n<h3 class=\"\" data-start=\"1038\" data-end=\"1061\"><strong data-start=\"1042\" data-end=\"1059\">Bourbon Facts<\/strong><\/h3>\n<p class=\"\" data-start=\"1063\" data-end=\"1081\"><strong data-start=\"1063\" data-end=\"1079\">Type &amp; Proof<\/strong><\/p>\n<ul data-start=\"1082\" data-end=\"1187\">\n<li class=\"\" data-start=\"1082\" data-end=\"1110\">\n<p class=\"\" data-start=\"1084\" data-end=\"1110\">Straight Bourbon Whiskey<\/p>\n<\/li>\n<li class=\"\" data-start=\"1111\" data-end=\"1146\">\n<p class=\"\" data-start=\"1113\" data-end=\"1146\">Finished with French Oak Staves<\/p>\n<\/li>\n<li class=\"\" data-start=\"1147\" data-end=\"1164\">\n<p class=\"\" data-start=\"1149\" data-end=\"1164\"><strong data-start=\"1149\" data-end=\"1162\">104 Proof<\/strong><\/p>\n<\/li>\n<li class=\"\" data-start=\"1165\" data-end=\"1187\">\n<p class=\"\" data-start=\"1167\" data-end=\"1187\">Non Chill-Filtered<\/p>\n<\/li>\n<\/ul>\n<p class=\"\" data-start=\"1189\" data-end=\"1202\"><strong data-start=\"1189\" data-end=\"1200\">Process<\/strong><\/p>\n<ul data-start=\"1203\" data-end=\"1290\">\n<li class=\"\" data-start=\"1203\" data-end=\"1290\">\n<p class=\"\" data-start=\"1205\" data-end=\"1290\">Straight bourbon whiskey finished with <strong data-start=\"1244\" data-end=\"1270\">complex, medium-tannin<\/strong> French oak staves<\/p>\n<\/li>\n<\/ul>\n<p class=\"\" data-start=\"1292\" data-end=\"1315\"><strong data-start=\"1292\" data-end=\"1313\">Age &amp; Barrel Char<\/strong><\/p>\n<ul data-start=\"1316\" data-end=\"1359\">\n<li class=\"\" data-start=\"1316\" data-end=\"1335\">\n<p class=\"\" data-start=\"1318\" data-end=\"1335\"><strong data-start=\"1318\" data-end=\"1333\">4 Years Old<\/strong><\/p>\n<\/li>\n<li class=\"\" data-start=\"1336\" data-end=\"1359\">\n<p class=\"\" data-start=\"1338\" data-end=\"1359\">#4 Staves, #2 Heads<\/p>\n<\/li>\n<\/ul>\n<p class=\"\" data-start=\"1361\" data-end=\"1376\"><strong data-start=\"1361\" data-end=\"1374\">Mash Bill<\/strong><\/p>\n<ul data-start=\"1377\" data-end=\"1434\">\n<li class=\"\" data-start=\"1377\" data-end=\"1393\">\n<p class=\"\" data-start=\"1379\" data-end=\"1393\"><strong data-start=\"1379\" data-end=\"1391\">75% Corn<\/strong><\/p>\n<\/li>\n<li class=\"\" data-start=\"1394\" data-end=\"1409\">\n<p class=\"\" data-start=\"1396\" data-end=\"1409\"><strong data-start=\"1396\" data-end=\"1407\">21% Rye<\/strong><\/p>\n<\/li>\n<li class=\"\" data-start=\"1410\" data-end=\"1434\">\n<p class=\"\" data-start=\"1412\" data-end=\"1434\"><strong data-start=\"1412\" data-end=\"1432\">4% Malted Barley<\/strong><\/p>\n<\/li>\n<\/ul>\n<p class=\"\" data-start=\"1436\" data-end=\"1556\">A masterpiece of balance and innovation, <strong data-start=\"1477\" data-end=\"1498\">Architect Bourbon<\/strong> is built for those who appreciate precision in every sip.<\/p>\n","protected":false},"featured_media":81274,"comment_status":"open","ping_status":"closed","template":"","meta":{"_acf_changed":false},"product_brand":[],"product_cat":[606,46,621],"product_tag":[],"class_list":{"0":"post-81273","1":"product","2":"type-product","3":"status-publish","4":"has-post-thumbnail","6":"product_cat-usa","7":"product_cat-whisky","8":"product_cat-penelope","10":"first","11":"instock","12":"taxable","13":"shipping-taxable","14":"purchasable","15":"product-type-simple"},"acf":[],"aioseo_notices":[],"jetpack_sharing_enabled":true,"_links":{"self":[{"href":"https:\/\/whisky.ad\/fr\/wp-json\/wp\/v2\/product\/81273","targetHints":{"allow":["GET"]}}],"collection":[{"href":"https:\/\/whisky.ad\/fr\/wp-json\/wp\/v2\/product"}],"about":[{"href":"https:\/\/whisky.ad\/fr\/wp-json\/wp\/v2\/types\/product"}],"replies":[{"embeddable":true,"href":"https:\/\/whisky.ad\/fr\/wp-json\/wp\/v2\/comments?post=81273"}],"wp:featuredmedia":[{"embeddable":true,"href":"https:\/\/whisky.ad\/fr\/wp-json\/wp\/v2\/media\/81274"}],"wp:attachment":[{"href":"https:\/\/whisky.ad\/fr\/wp-json\/wp\/v2\/media?parent=81273"}],"wp:term":[{"taxonomy":"product_brand","embeddable":true,"href":"https:\/\/whisky.ad\/fr\/wp-json\/wp\/v2\/product_brand?post=81273"},{"taxonomy":"product_cat","embeddable":true,"href":"https:\/\/whisky.ad\/fr\/wp-json\/wp\/v2\/product_cat?post=81273"},{"taxonomy":"product_tag","embeddable":true,"href":"https:\/\/whisky.ad\/fr\/wp-json\/wp\/v2\/product_tag?post=81273"}],"curies":[{"name":"wp","href":"https:\/\/api.w.org\/{rel}","templated":true}]}}