{"id":81251,"date":"2025-03-22T16:24:05","date_gmt":"2025-03-22T15:24:05","guid":{"rendered":"https:\/\/whisky.ad\/product\/rebel-6-year-old-bourbon-50-0-7l\/"},"modified":"2025-03-22T16:24:05","modified_gmt":"2025-03-22T15:24:05","slug":"rebel-6-year-old-bourbon-50-0-7l","status":"publish","type":"product","link":"https:\/\/whisky.ad\/fr\/produit\/rebel-6-year-old-bourbon-50-0-7l\/","title":{"rendered":"Rebel 6 year Old bourbon 50% 0.7l"},"content":{"rendered":"","protected":false},"excerpt":{"rendered":"<p class=\"\" data-start=\"0\" data-end=\"313\"><strong data-start=\"0\" data-end=\"19\">REBEL 100 6 Ans<\/strong> rend hommage \u00e0 notre recette originale de bourbon au bl\u00e9, \u00e9labor\u00e9e en 1849 et perfectionn\u00e9e au fil du temps. Mis en bouteille \u00e0 six ans et 100 proof, il prouve que l&#8217;\u00e2ge n&#8217;est qu&#8217;un avantage. Son h\u00e9ritage se refl\u00e8te dans chaque gorg\u00e9e : audacieux, intemporel et authentiquement sans compromis.<\/p>\n<h3 class=\"\" data-start=\"315\" data-end=\"345\"><strong data-start=\"319\" data-end=\"343\">NOTES DE D\u00c9GUSTATION<\/strong><\/h3>\n<p class=\"\" data-start=\"346\" data-end=\"616\">Vieilli pendant six ans complets et mis en bouteille \u00e0 100 proof, ce bourbon offre un caract\u00e8re riche et rebelle. Il s&#8217;ouvre sur des notes profondes de fruits noirs, suivies de citrus \u00e9clatants et de ch\u00eane, se terminant par une douceur velout\u00e9e avec une touche d&#8217;\u00e9pices.<\/p>\n<h3 class=\"\" data-start=\"618\" data-end=\"639\"><strong data-start=\"622\" data-end=\"637\">INGR\u00c9DIENTS<\/strong><\/h3>\n<p class=\"\" data-start=\"640\" data-end=\"658\">Ma\u00efs, bl\u00e9 et malt.<\/p>\n","protected":false},"featured_media":81156,"comment_status":"open","ping_status":"closed","template":"","meta":{"_acf_changed":false},"product_brand":[],"product_cat":[615,619],"product_tag":[],"class_list":{"0":"post-81251","1":"product","2":"type-product","3":"status-publish","4":"has-post-thumbnail","6":"product_cat-usa-fr","7":"product_cat-rebel-fr","9":"first","10":"instock","11":"taxable","12":"shipping-taxable","13":"product-type-simple"},"acf":[],"aioseo_notices":[],"jetpack_sharing_enabled":true,"_links":{"self":[{"href":"https:\/\/whisky.ad\/fr\/wp-json\/wp\/v2\/product\/81251","targetHints":{"allow":["GET"]}}],"collection":[{"href":"https:\/\/whisky.ad\/fr\/wp-json\/wp\/v2\/product"}],"about":[{"href":"https:\/\/whisky.ad\/fr\/wp-json\/wp\/v2\/types\/product"}],"replies":[{"embeddable":true,"href":"https:\/\/whisky.ad\/fr\/wp-json\/wp\/v2\/comments?post=81251"}],"wp:featuredmedia":[{"embeddable":true,"href":"https:\/\/whisky.ad\/fr\/wp-json\/wp\/v2\/media\/81156"}],"wp:attachment":[{"href":"https:\/\/whisky.ad\/fr\/wp-json\/wp\/v2\/media?parent=81251"}],"wp:term":[{"taxonomy":"product_brand","embeddable":true,"href":"https:\/\/whisky.ad\/fr\/wp-json\/wp\/v2\/product_brand?post=81251"},{"taxonomy":"product_cat","embeddable":true,"href":"https:\/\/whisky.ad\/fr\/wp-json\/wp\/v2\/product_cat?post=81251"},{"taxonomy":"product_tag","embeddable":true,"href":"https:\/\/whisky.ad\/fr\/wp-json\/wp\/v2\/product_tag?post=81251"}],"curies":[{"name":"wp","href":"https:\/\/api.w.org\/{rel}","templated":true}]}}