{"id":81246,"date":"2025-03-22T16:16:35","date_gmt":"2025-03-22T15:16:35","guid":{"rendered":"https:\/\/whisky.ad\/product\/rebel-yell-10-years-old-single-barrel-bourbon-50-0-7l\/"},"modified":"2025-03-22T16:16:35","modified_gmt":"2025-03-22T15:16:35","slug":"rebel-yell-10-years-old-single-barrel-bourbon-50-0-7l","status":"publish","type":"product","link":"https:\/\/whisky.ad\/fr\/produit\/rebel-yell-10-years-old-single-barrel-bourbon-50-0-7l\/","title":{"rendered":"Rebel Yell 10 Years old Single Barrel Bourbon 50% 0.7l"},"content":{"rendered":"","protected":false},"excerpt":{"rendered":"<div class=\"flex max-w-full flex-col flex-grow\">\n<div class=\"min-h-8 text-message relative flex w-full flex-col items-end gap-2 whitespace-normal break-words text-start [.text-message+&amp;]:mt-5\" dir=\"auto\" data-message-author-role=\"assistant\" data-message-id=\"88d4ab92-ab8c-4fc6-be3c-a79382631a38\" data-message-model-slug=\"gpt-4o-mini\">\n<div class=\"flex w-full flex-col gap-1 empty:hidden first:pt-[3px]\">\n<div class=\"markdown prose w-full break-words dark:prose-invert light\">\n<p class=\"\" data-start=\"0\" data-end=\"196\">Vieilli pendant une d\u00e9cennie enti\u00e8re dans des f\u00fbts de ch\u00eane carbonis\u00e9s, ce bourbon d\u00e9veloppe un caract\u00e8re distinct, unique \u00e0 chaque f\u00fbt. Unique en son genre\u2014tout comme les rebelles qui le boivent.<\/p>\n<h3 class=\"\" data-start=\"198\" data-end=\"228\"><strong data-start=\"202\" data-end=\"226\">NOTES DE D\u00c9GUSTATION<\/strong><\/h3>\n<p class=\"\" data-start=\"229\" data-end=\"414\">Le premier sip vous accueille avec des touches de caramel et d\u2019agrumes, mais continuez, et il se transforme en une richesse lisse de ch\u00eane avec des \u00e9pices audacieuses et sans compromis.<\/p>\n<h3 class=\"\" data-start=\"416\" data-end=\"437\"><strong data-start=\"420\" data-end=\"435\">INGR\u00c9DIENTS<\/strong><\/h3>\n<p class=\"\" data-start=\"438\" data-end=\"456\">Ma\u00efs, bl\u00e9 et malt.<\/p>\n<h3 class=\"\" data-start=\"458\" data-end=\"470\"><strong data-start=\"462\" data-end=\"470\">PRIX<\/strong><\/h3>\n<p class=\"\" data-start=\"472\" data-end=\"509\">M\u00e9daille Double Platine \u2013 ASCOT, 2022<\/p>\n<p class=\"\" data-start=\"511\" data-end=\"572\">M\u00e9daille d&#8217;Or \u2013 San Francisco World Spirits Competition, 2022<\/p>\n<p class=\"\" data-start=\"574\" data-end=\"662\">Meilleur Bourbon de Barril Unique au Monde \u2013 Whisky Magazine World Whiskies Awards, 2020<\/p>\n<p class=\"\" data-start=\"664\" data-end=\"755\">Meilleur Bourbon de Barril Unique du Kentucky \u2013 Whisky Magazine World Whiskies Awards, 2020<\/p>\n<p class=\"\" data-start=\"757\" data-end=\"795\">M\u00e9daille de Platine \u2013 SIP Awards, 2018<\/p>\n<p class=\"\" data-start=\"797\" data-end=\"863\">M\u00e9daille Double Or \u2013 San Francisco World Spirits Competition, 2017<\/p>\n<\/div>\n<\/div>\n<\/div>\n<\/div>\n","protected":false},"featured_media":81151,"comment_status":"open","ping_status":"closed","template":"","meta":{"_acf_changed":false},"product_brand":[],"product_cat":[615,619],"product_tag":[],"class_list":{"0":"post-81246","1":"product","2":"type-product","3":"status-publish","4":"has-post-thumbnail","6":"product_cat-usa-fr","7":"product_cat-rebel-fr","9":"first","10":"instock","11":"taxable","12":"shipping-taxable","13":"product-type-simple"},"acf":[],"aioseo_notices":[],"jetpack_sharing_enabled":true,"_links":{"self":[{"href":"https:\/\/whisky.ad\/fr\/wp-json\/wp\/v2\/product\/81246","targetHints":{"allow":["GET"]}}],"collection":[{"href":"https:\/\/whisky.ad\/fr\/wp-json\/wp\/v2\/product"}],"about":[{"href":"https:\/\/whisky.ad\/fr\/wp-json\/wp\/v2\/types\/product"}],"replies":[{"embeddable":true,"href":"https:\/\/whisky.ad\/fr\/wp-json\/wp\/v2\/comments?post=81246"}],"wp:featuredmedia":[{"embeddable":true,"href":"https:\/\/whisky.ad\/fr\/wp-json\/wp\/v2\/media\/81151"}],"wp:attachment":[{"href":"https:\/\/whisky.ad\/fr\/wp-json\/wp\/v2\/media?parent=81246"}],"wp:term":[{"taxonomy":"product_brand","embeddable":true,"href":"https:\/\/whisky.ad\/fr\/wp-json\/wp\/v2\/product_brand?post=81246"},{"taxonomy":"product_cat","embeddable":true,"href":"https:\/\/whisky.ad\/fr\/wp-json\/wp\/v2\/product_cat?post=81246"},{"taxonomy":"product_tag","embeddable":true,"href":"https:\/\/whisky.ad\/fr\/wp-json\/wp\/v2\/product_tag?post=81246"}],"curies":[{"name":"wp","href":"https:\/\/api.w.org\/{rel}","templated":true}]}}