{"id":81245,"date":"2025-03-22T16:11:49","date_gmt":"2025-03-22T15:11:49","guid":{"rendered":"https:\/\/whisky.ad\/product\/rebel-100-50-0-70l\/"},"modified":"2025-03-22T16:11:49","modified_gmt":"2025-03-22T15:11:49","slug":"rebel-100-50-0-70l","status":"publish","type":"product","link":"https:\/\/whisky.ad\/fr\/produit\/rebel-100-50-0-70l\/","title":{"rendered":"Rebel 100 50% 0.70l"},"content":{"rendered":"","protected":false},"excerpt":{"rendered":"<p class=\"\" data-start=\"0\" data-end=\"196\">En tant que derni\u00e8re addition \u00e0 la gamme <strong data-start=\"41\" data-end=\"58\">Rebel Bourbon<\/strong>, ce bourbon de bl\u00e9 amplifie tout ce que vous aimez dans notre <strong data-start=\"121\" data-end=\"150\">Kentucky Straight Bourbon<\/strong>. &#8220;Audacieux&#8221; ne suffit m\u00eame pas \u00e0 le d\u00e9crire.<\/p>\n<h3 class=\"\" data-start=\"198\" data-end=\"228\"><strong data-start=\"202\" data-end=\"226\">NOTES DE D\u00c9GUSTATION<\/strong><\/h3>\n<p class=\"\" data-start=\"229\" data-end=\"424\">L&#8217;ar\u00f4me sucr\u00e9 peut \u00eatre invitant, mais ne vous laissez pas tromper : ce bourbon a du caract\u00e8re. Attendez-vous \u00e0 des saveurs riches de caramel et de vanille avec une finition s\u00e8che et persistante.<\/p>\n<h3 class=\"\" data-start=\"426\" data-end=\"447\"><strong data-start=\"430\" data-end=\"445\">INGR\u00c9DIENTS<\/strong><\/h3>\n<p class=\"\" data-start=\"448\" data-end=\"466\">Ma\u00efs, bl\u00e9 et malt.<\/p>\n","protected":false},"featured_media":81146,"comment_status":"open","ping_status":"closed","template":"","meta":{"_acf_changed":false},"product_brand":[],"product_cat":[615,619],"product_tag":[],"class_list":{"0":"post-81245","1":"product","2":"type-product","3":"status-publish","4":"has-post-thumbnail","6":"product_cat-usa-fr","7":"product_cat-rebel-fr","9":"first","10":"instock","11":"taxable","12":"shipping-taxable","13":"product-type-simple"},"acf":[],"aioseo_notices":[],"jetpack_sharing_enabled":true,"_links":{"self":[{"href":"https:\/\/whisky.ad\/fr\/wp-json\/wp\/v2\/product\/81245","targetHints":{"allow":["GET"]}}],"collection":[{"href":"https:\/\/whisky.ad\/fr\/wp-json\/wp\/v2\/product"}],"about":[{"href":"https:\/\/whisky.ad\/fr\/wp-json\/wp\/v2\/types\/product"}],"replies":[{"embeddable":true,"href":"https:\/\/whisky.ad\/fr\/wp-json\/wp\/v2\/comments?post=81245"}],"wp:featuredmedia":[{"embeddable":true,"href":"https:\/\/whisky.ad\/fr\/wp-json\/wp\/v2\/media\/81146"}],"wp:attachment":[{"href":"https:\/\/whisky.ad\/fr\/wp-json\/wp\/v2\/media?parent=81245"}],"wp:term":[{"taxonomy":"product_brand","embeddable":true,"href":"https:\/\/whisky.ad\/fr\/wp-json\/wp\/v2\/product_brand?post=81245"},{"taxonomy":"product_cat","embeddable":true,"href":"https:\/\/whisky.ad\/fr\/wp-json\/wp\/v2\/product_cat?post=81245"},{"taxonomy":"product_tag","embeddable":true,"href":"https:\/\/whisky.ad\/fr\/wp-json\/wp\/v2\/product_tag?post=81245"}],"curies":[{"name":"wp","href":"https:\/\/api.w.org\/{rel}","templated":true}]}}