{"id":81242,"date":"2025-03-24T12:53:25","date_gmt":"2025-03-24T11:53:25","guid":{"rendered":"https:\/\/whisky.ad\/product\/yellowstone-select-whiskey-bourbon-46-50-0-7l\/"},"modified":"2025-03-24T12:53:25","modified_gmt":"2025-03-24T11:53:25","slug":"yellowstone-select-whiskey-bourbon-46-50-0-7l","status":"publish","type":"product","link":"https:\/\/whisky.ad\/fr\/produit\/yellowstone-select-whiskey-bourbon-46-50-0-7l\/","title":{"rendered":"Yellowstone Select Whiskey Bourbon 46.50% 0.7l"},"content":{"rendered":"","protected":false},"excerpt":{"rendered":"<p class=\"\" data-start=\"0\" data-end=\"309\">Un m\u00e9lange magistral de bourbons de 4 et 7 ans, <strong data-start=\"48\" data-end=\"70\">Yellowstone Select<\/strong> offre un profil \u00e0 la fois doux et complexe, restant fid\u00e8le aux traditions classiques du bourbon. \u00c9labor\u00e9e avec sept g\u00e9n\u00e9rations d&#8217;expertise en distillation, cette bouteille perp\u00e9tue l&#8217;h\u00e9ritage de Yellowstone en tant qu&#8217;ic\u00f4ne intemporelle.<\/p>\n<p class=\"\" data-start=\"311\" data-end=\"487\">\ud83d\udd38 <strong data-start=\"314\" data-end=\"323\">Nez :<\/strong> \u00c9pices de seigle avec de subtiles cerises en cuir.<br data-start=\"374\" data-end=\"377\" \/>\ud83d\udd38 <strong data-start=\"380\" data-end=\"392\">Bouche :<\/strong> Caramel fum\u00e9 avec des notes de vanille et de miel.<br data-start=\"443\" data-end=\"446\" \/>\ud83d\udd38 <strong data-start=\"449\" data-end=\"461\">Finale :<\/strong> Ch\u00eane fum\u00e9 et sucre brun.<\/p>\n","protected":false},"featured_media":81222,"comment_status":"open","ping_status":"closed","template":"","meta":{"_acf_changed":false},"product_brand":[],"product_cat":[357,615,616],"product_tag":[],"class_list":{"0":"post-81242","1":"product","2":"type-product","3":"status-publish","4":"has-post-thumbnail","6":"product_cat-whisky-by-brand-fr","7":"product_cat-usa-fr","8":"product_cat-yellowstone-fr","10":"first","11":"instock","12":"taxable","13":"shipping-taxable","14":"product-type-simple"},"acf":[],"aioseo_notices":[],"jetpack_sharing_enabled":true,"_links":{"self":[{"href":"https:\/\/whisky.ad\/fr\/wp-json\/wp\/v2\/product\/81242","targetHints":{"allow":["GET"]}}],"collection":[{"href":"https:\/\/whisky.ad\/fr\/wp-json\/wp\/v2\/product"}],"about":[{"href":"https:\/\/whisky.ad\/fr\/wp-json\/wp\/v2\/types\/product"}],"replies":[{"embeddable":true,"href":"https:\/\/whisky.ad\/fr\/wp-json\/wp\/v2\/comments?post=81242"}],"wp:featuredmedia":[{"embeddable":true,"href":"https:\/\/whisky.ad\/fr\/wp-json\/wp\/v2\/media\/81222"}],"wp:attachment":[{"href":"https:\/\/whisky.ad\/fr\/wp-json\/wp\/v2\/media?parent=81242"}],"wp:term":[{"taxonomy":"product_brand","embeddable":true,"href":"https:\/\/whisky.ad\/fr\/wp-json\/wp\/v2\/product_brand?post=81242"},{"taxonomy":"product_cat","embeddable":true,"href":"https:\/\/whisky.ad\/fr\/wp-json\/wp\/v2\/product_cat?post=81242"},{"taxonomy":"product_tag","embeddable":true,"href":"https:\/\/whisky.ad\/fr\/wp-json\/wp\/v2\/product_tag?post=81242"}],"curies":[{"name":"wp","href":"https:\/\/api.w.org\/{rel}","templated":true}]}}