{"id":81239,"date":"2025-03-24T12:56:23","date_gmt":"2025-03-24T11:56:23","guid":{"rendered":"https:\/\/whisky.ad\/product\/yellowstone-single-malt-54-0-7l\/"},"modified":"2025-03-24T13:24:54","modified_gmt":"2025-03-24T12:24:54","slug":"yellowstone-single-malt-54-0-7l","status":"publish","type":"product","link":"https:\/\/whisky.ad\/fr\/produit\/yellowstone-single-malt-54-0-7l\/","title":{"rendered":"Yellowstone Single Malt 54% 0.7l"},"content":{"rendered":"<p><br data-mce-bogus=\"1\"><\/p>\n","protected":false},"excerpt":{"rendered":"<div class=\"flex max-w-full flex-col flex-grow\">\n<div class=\"min-h-8 text-message relative flex w-full flex-col items-end gap-2 whitespace-normal break-words text-start [.text-message+&amp;]:mt-5\" dir=\"auto\" data-message-author-role=\"assistant\" data-message-id=\"ae9dfafb-76ae-44a3-9b75-4a4ec0dfa7da\" data-message-model-slug=\"gpt-4o-mini\">\n<div class=\"flex w-full flex-col gap-1 empty:hidden first:pt-[3px]\">\n<div class=\"markdown prose w-full break-words dark:prose-invert light\">\n<p class=\"\" data-start=\"0\" data-end=\"358\">Ancr\u00e9 dans la tradition, mais avec une identit\u00e9 unique, <strong data-start=\"56\" data-end=\"100\">Yellowstone American Single Malt Whiskey<\/strong> porte l&#8217;h\u00e9ritage de sept g\u00e9n\u00e9rations d&#8217;expertise en distillation. Chaque bouteille refl\u00e8te l&#8217;artisanat perfectionn\u00e9 au fil du temps, en faisant une v\u00e9ritable ic\u00f4ne am\u00e9ricaine, tout comme le parc dont il porte le nom. Un whisky qui m\u00e9rite d&#8217;\u00eatre red\u00e9couvert.<\/p>\n<p class=\"\" data-start=\"360\" data-end=\"607\">\ud83d\udd38 <strong data-start=\"363\" data-end=\"372\">Nez :<\/strong> Malt de c\u00e9r\u00e9ales et miel avec une touche de fleur de p\u00eacher.<br data-start=\"433\" data-end=\"436\">\ud83d\udd38 <strong data-start=\"439\" data-end=\"451\">Bouche :<\/strong> Doux et sucr\u00e9, avec des notes de miel, poire, fruits \u00e0 noyau et dattes.<br data-start=\"523\" data-end=\"526\">\ud83d\udd38 <strong data-start=\"529\" data-end=\"541\">Finale :<\/strong> Notes de ch\u00eane avec des touches de cannelle et de noix anglaises.<\/p>\n<\/div>\n<\/div>\n<\/div>\n<\/div>\n","protected":false},"featured_media":81218,"comment_status":"open","ping_status":"closed","template":"","meta":{"_acf_changed":false},"product_brand":[],"product_cat":[616,357,615],"product_tag":[],"class_list":{"0":"post-81239","1":"product","2":"type-product","3":"status-publish","4":"has-post-thumbnail","6":"product_cat-yellowstone-fr","7":"product_cat-whisky-by-brand-fr","8":"product_cat-usa-fr","10":"first","11":"instock","12":"taxable","13":"shipping-taxable","14":"product-type-simple"},"acf":[],"aioseo_notices":[],"jetpack_sharing_enabled":true,"_links":{"self":[{"href":"https:\/\/whisky.ad\/fr\/wp-json\/wp\/v2\/product\/81239","targetHints":{"allow":["GET"]}}],"collection":[{"href":"https:\/\/whisky.ad\/fr\/wp-json\/wp\/v2\/product"}],"about":[{"href":"https:\/\/whisky.ad\/fr\/wp-json\/wp\/v2\/types\/product"}],"replies":[{"embeddable":true,"href":"https:\/\/whisky.ad\/fr\/wp-json\/wp\/v2\/comments?post=81239"}],"wp:featuredmedia":[{"embeddable":true,"href":"https:\/\/whisky.ad\/fr\/wp-json\/wp\/v2\/media\/81218"}],"wp:attachment":[{"href":"https:\/\/whisky.ad\/fr\/wp-json\/wp\/v2\/media?parent=81239"}],"wp:term":[{"taxonomy":"product_brand","embeddable":true,"href":"https:\/\/whisky.ad\/fr\/wp-json\/wp\/v2\/product_brand?post=81239"},{"taxonomy":"product_cat","embeddable":true,"href":"https:\/\/whisky.ad\/fr\/wp-json\/wp\/v2\/product_cat?post=81239"},{"taxonomy":"product_tag","embeddable":true,"href":"https:\/\/whisky.ad\/fr\/wp-json\/wp\/v2\/product_tag?post=81239"}],"curies":[{"name":"wp","href":"https:\/\/api.w.org\/{rel}","templated":true}]}}