{"id":81236,"date":"2025-03-24T13:00:34","date_gmt":"2025-03-24T12:00:34","guid":{"rendered":"https:\/\/whisky.ad\/product\/el-mayor-anejo-100-blue-agave-40-0-7l\/"},"modified":"2025-03-24T13:20:12","modified_gmt":"2025-03-24T12:20:12","slug":"el-mayor-anejo-100-blue-agave-40-0-7l","status":"publish","type":"product","link":"https:\/\/whisky.ad\/fr\/produit\/el-mayor-anejo-100-blue-agave-40-0-7l\/","title":{"rendered":"El Mayor Anejo (100% Blue Agave) 40% 0.7l"},"content":{"rendered":"<p><br data-mce-bogus=\"1\"><\/p>\n","protected":false},"excerpt":{"rendered":"<p class=\"\" data-start=\"0\" data-end=\"202\">\u00c9labor\u00e9 pour une d\u00e9gustation lente et r\u00e9fl\u00e9chie, notre <strong data-start=\"55\" data-end=\"80\">A\u00f1ejo 100% Agave Bleu<\/strong> est vieilli en f\u00fbts de ch\u00eane blanc pendant <strong data-start=\"124\" data-end=\"140\">18 \u00e0 36 mois<\/strong>, offrant une exp\u00e9rience exceptionnellement douce et raffin\u00e9e.<\/p>\n<h3 class=\"\" data-start=\"204\" data-end=\"234\"><strong data-start=\"208\" data-end=\"232\">Notes de D\u00e9gustation<\/strong><\/h3>\n<p class=\"\" data-start=\"235\" data-end=\"591\">\ud83d\udd38 <strong data-start=\"238\" data-end=\"258\">Vieillissement :<\/strong> Minimum 18 mois<br data-start=\"274\" data-end=\"277\">\ud83d\udd38 <strong data-start=\"280\" data-end=\"293\">Couleur :<\/strong> Dor\u00e9<br data-start=\"298\" data-end=\"301\">\ud83d\udd38 <strong data-start=\"304\" data-end=\"313\">Nez :<\/strong> Ar\u00f4me de caramel avec des fruits sucr\u00e9s et une touche l\u00e9g\u00e8re de ch\u00eane<br data-start=\"383\" data-end=\"386\">\ud83d\udd38 <strong data-start=\"389\" data-end=\"401\">Bouche :<\/strong> Doux et de corps moyen \u00e0 complet, avec des notes de caramel, de fruits tropicaux grill\u00e9s et d&#8217;\u00e9pices chaudes<br data-start=\"510\" data-end=\"513\">\ud83d\udd38 <strong data-start=\"516\" data-end=\"528\">Finale :<\/strong> Fruit d&#8217;agave l\u00e9g\u00e8rement sucr\u00e9 avec un corps moyen \u00e9quilibr\u00e9<\/p>\n<h3 class=\"\" data-start=\"593\" data-end=\"627\"><strong data-start=\"597\" data-end=\"625\">Recommandation d&#8217;Accords<\/strong><\/h3>\n<p class=\"\" data-start=\"628\" data-end=\"662\">Parfait avec <strong data-start=\"641\" data-end=\"660\">agneau et lapin<\/strong><\/p>\n<h3 class=\"\" data-start=\"664\" data-end=\"694\"><strong data-start=\"668\" data-end=\"692\">Prix et Distinctions<\/strong><\/h3>\n<p class=\"\" data-start=\"695\" data-end=\"929\"><strong data-start=\"695\" data-end=\"711\">ASCOT Awards<\/strong> \u2013 2024 Double Platine<br data-start=\"733\" data-end=\"736\"><strong data-start=\"736\" data-end=\"777\">International Spirits Challenge (ISC)<\/strong> \u2013 2024 Argent<br data-start=\"791\" data-end=\"794\"><strong data-start=\"794\" data-end=\"808\">SIP Awards<\/strong> \u2013 Plusieurs prix Platine, Or et Choix des Consommateurs (2017-2022)<br data-start=\"876\" data-end=\"879\"><strong data-start=\"879\" data-end=\"898\" data-is-only-node=\"\">Tequila Masters<\/strong> \u2013 2017 Cat\u00e9gorie Super Premium<\/p>\n","protected":false},"featured_media":81209,"comment_status":"open","ping_status":"closed","template":"","meta":{"_acf_changed":false},"product_brand":[],"product_cat":[421],"product_tag":[],"class_list":{"0":"post-81236","1":"product","2":"type-product","3":"status-publish","4":"has-post-thumbnail","6":"product_cat-tequila-fr","8":"first","9":"instock","10":"taxable","11":"shipping-taxable","12":"purchasable","13":"product-type-simple"},"acf":[],"aioseo_notices":[],"jetpack_sharing_enabled":true,"_links":{"self":[{"href":"https:\/\/whisky.ad\/fr\/wp-json\/wp\/v2\/product\/81236","targetHints":{"allow":["GET"]}}],"collection":[{"href":"https:\/\/whisky.ad\/fr\/wp-json\/wp\/v2\/product"}],"about":[{"href":"https:\/\/whisky.ad\/fr\/wp-json\/wp\/v2\/types\/product"}],"replies":[{"embeddable":true,"href":"https:\/\/whisky.ad\/fr\/wp-json\/wp\/v2\/comments?post=81236"}],"wp:featuredmedia":[{"embeddable":true,"href":"https:\/\/whisky.ad\/fr\/wp-json\/wp\/v2\/media\/81209"}],"wp:attachment":[{"href":"https:\/\/whisky.ad\/fr\/wp-json\/wp\/v2\/media?parent=81236"}],"wp:term":[{"taxonomy":"product_brand","embeddable":true,"href":"https:\/\/whisky.ad\/fr\/wp-json\/wp\/v2\/product_brand?post=81236"},{"taxonomy":"product_cat","embeddable":true,"href":"https:\/\/whisky.ad\/fr\/wp-json\/wp\/v2\/product_cat?post=81236"},{"taxonomy":"product_tag","embeddable":true,"href":"https:\/\/whisky.ad\/fr\/wp-json\/wp\/v2\/product_tag?post=81236"}],"curies":[{"name":"wp","href":"https:\/\/api.w.org\/{rel}","templated":true}]}}