{"id":81232,"date":"2025-03-24T13:02:42","date_gmt":"2025-03-24T12:02:42","guid":{"rendered":"https:\/\/whisky.ad\/product\/81232\/"},"modified":"2025-03-24T13:17:45","modified_gmt":"2025-03-24T12:17:45","slug":"81232","status":"publish","type":"product","link":"https:\/\/whisky.ad\/fr\/produit\/81232\/","title":{"rendered":"El Mayor Extra Anejo (100% Blue Agave) 40% 0.7l"},"content":{"rendered":"","protected":false},"excerpt":{"rendered":"<div class=\"flex max-w-full flex-col flex-grow\">\n<div class=\"min-h-8 text-message relative flex w-full flex-col items-end gap-2 whitespace-normal break-words text-start [.text-message+&amp;]:mt-5\" dir=\"auto\" data-message-author-role=\"assistant\" data-message-id=\"c80f1fc8-10bb-4e13-b5c1-4f9140902b0c\" data-message-model-slug=\"gpt-4o-mini\">\n<div class=\"flex w-full flex-col gap-1 empty:hidden first:pt-[3px]\">\n<div class=\"markdown prose w-full break-words dark:prose-invert light\">\n<p class=\"\" data-start=\"0\" data-end=\"378\"><strong data-start=\"0\" data-end=\"24\">El Mayor Extra A\u00f1ejo<\/strong> est l&#8217;apog\u00e9e du raffinement, incarnant l&#8217;art du vieillissement \u00e9l\u00e9gant. Fait \u00e0 partir de <strong data-start=\"114\" data-end=\"133\">100% Agave Bleu<\/strong>, ce tequila exceptionnel est soigneusement vieilli dans des f\u00fbts de ch\u00eane blanc am\u00e9ricain pendant au moins <strong data-start=\"241\" data-end=\"251\">3\u00bd ans<\/strong>, d\u00e9veloppant un caract\u00e8re riche et complexe. Une v\u00e9ritable r\u00e9compense pour ceux qui appr\u00e9cient la patience et le savoir-faire.<\/p>\n<h3 class=\"\" data-start=\"380\" data-end=\"410\"><strong data-start=\"384\" data-end=\"408\">Notes de D\u00e9gustation<\/strong><\/h3>\n<p class=\"\" data-start=\"411\" data-end=\"757\">\ud83d\udd38 <strong data-start=\"414\" data-end=\"434\">Vieillissement :<\/strong> Minimum 3\u00bd ans<br data-start=\"449\" data-end=\"452\" \/>\ud83d\udd38 <strong data-start=\"455\" data-end=\"468\">Couleur :<\/strong> Ambr\u00e9<br data-start=\"474\" data-end=\"477\" \/>\ud83d\udd38 <strong data-start=\"480\" data-end=\"489\">Nez :<\/strong> Fruits secs, caramel, chocolat noir, notes fum\u00e9es, noisette et muscade<br data-start=\"560\" data-end=\"563\" \/>\ud83d\udd38 <strong data-start=\"566\" data-end=\"578\">Bouche :<\/strong> Corps plein avec un \u00e9quilibre harmonieux entre bois, caramel, chocolat noir et noisette<br data-start=\"666\" data-end=\"669\" \/>\ud83d\udd38 <strong data-start=\"672\" data-end=\"684\">Finale :<\/strong> Longue, complexe et \u00e9l\u00e9gante, avec des notes persistantes d&#8217;agave cuit<\/p>\n<h3 class=\"\" data-start=\"759\" data-end=\"785\"><strong data-start=\"763\" data-end=\"783\">Accords Parfaits<\/strong><\/h3>\n<p class=\"\" data-start=\"786\" data-end=\"854\">Id\u00e9al avec des <strong data-start=\"801\" data-end=\"852\">coupes de viande vieillies et des c\u00f4tes de porc<\/strong><\/p>\n<h3 class=\"\" data-start=\"856\" data-end=\"886\"><strong data-start=\"860\" data-end=\"884\">Prix et Distinctions<\/strong><\/h3>\n<p class=\"\" data-start=\"887\" data-end=\"1058\"><strong data-start=\"887\" data-end=\"903\">ASCOT Awards<\/strong> \u2013 2024 Or<br data-start=\"913\" data-end=\"916\" \/><strong data-start=\"916\" data-end=\"930\">SIP Awards<\/strong> \u2013 Plusieurs m\u00e9dailles d&#8217;Or, Innovation et Prix du Consommateur (2017-2022)<br data-start=\"1005\" data-end=\"1008\" \/><strong data-start=\"1008\" data-end=\"1027\">Tequila Masters<\/strong> \u2013 2017 Cat\u00e9gorie Super Premium<\/p>\n<\/div>\n<\/div>\n<\/div>\n<\/div>\n","protected":false},"featured_media":81214,"comment_status":"open","ping_status":"closed","template":"","meta":{"_acf_changed":false},"product_brand":[],"product_cat":[421],"product_tag":[],"class_list":{"0":"post-81232","1":"product","2":"type-product","3":"status-publish","4":"has-post-thumbnail","6":"product_cat-tequila-fr","8":"first","9":"onbackorder","10":"taxable","11":"shipping-taxable","12":"product-type-simple"},"acf":[],"aioseo_notices":[],"jetpack_sharing_enabled":true,"_links":{"self":[{"href":"https:\/\/whisky.ad\/fr\/wp-json\/wp\/v2\/product\/81232","targetHints":{"allow":["GET"]}}],"collection":[{"href":"https:\/\/whisky.ad\/fr\/wp-json\/wp\/v2\/product"}],"about":[{"href":"https:\/\/whisky.ad\/fr\/wp-json\/wp\/v2\/types\/product"}],"replies":[{"embeddable":true,"href":"https:\/\/whisky.ad\/fr\/wp-json\/wp\/v2\/comments?post=81232"}],"wp:featuredmedia":[{"embeddable":true,"href":"https:\/\/whisky.ad\/fr\/wp-json\/wp\/v2\/media\/81214"}],"wp:attachment":[{"href":"https:\/\/whisky.ad\/fr\/wp-json\/wp\/v2\/media?parent=81232"}],"wp:term":[{"taxonomy":"product_brand","embeddable":true,"href":"https:\/\/whisky.ad\/fr\/wp-json\/wp\/v2\/product_brand?post=81232"},{"taxonomy":"product_cat","embeddable":true,"href":"https:\/\/whisky.ad\/fr\/wp-json\/wp\/v2\/product_cat?post=81232"},{"taxonomy":"product_tag","embeddable":true,"href":"https:\/\/whisky.ad\/fr\/wp-json\/wp\/v2\/product_tag?post=81232"}],"curies":[{"name":"wp","href":"https:\/\/api.w.org\/{rel}","templated":true}]}}