{"id":81230,"date":"2025-03-24T12:58:31","date_gmt":"2025-03-24T11:58:31","guid":{"rendered":"https:\/\/whisky.ad\/product\/yellowstone-toasted-finish-50-0-7l\/"},"modified":"2025-03-24T12:58:31","modified_gmt":"2025-03-24T11:58:31","slug":"yellowstone-toasted-finish-50-0-7l","status":"publish","type":"product","link":"https:\/\/whisky.ad\/fr\/produit\/yellowstone-toasted-finish-50-0-7l\/","title":{"rendered":"Yellowstone Toasted Finish 50% 0.7l"},"content":{"rendered":"","protected":false},"excerpt":{"rendered":"<p class=\"\" data-start=\"0\" data-end=\"50\"><strong data-start=\"0\" data-end=\"48\">Collection des Finitions Sp\u00e9ciales \u2013 Toasted<\/strong><\/p>\n<p class=\"\" data-start=\"52\" data-end=\"455\">Notre <strong data-start=\"58\" data-end=\"96\">Collection des Finitions Sp\u00e9ciales<\/strong> est une exploration continue de finitions uniques et de nouvelles interpr\u00e9tations de notre profil de bourbon signature. La premi\u00e8re \u00e9dition, <strong data-start=\"238\" data-end=\"249\">Toasted<\/strong>, fait une d\u00e9claration audacieuse en incorporant des douelles de <strong data-start=\"314\" data-end=\"393\">High Toast, American Oak Double Toast, High Vanilla, Rickhouse et Spicerack<\/strong>, apportant un suppl\u00e9ment de grill\u00e9 pour plus de profondeur.<\/p>\n<p class=\"\" data-start=\"457\" data-end=\"690\">\ud83d\udd38 <strong data-start=\"460\" data-end=\"469\">Nez :<\/strong> Caramel grill\u00e9, vanille et \u00e9pices chaudes d&#8217;automne avec une touche de cannelle.<br data-start=\"550\" data-end=\"553\" \/>\ud83d\udd38 <strong data-start=\"556\" data-end=\"568\">Palais :<\/strong> Notes riches de noix, toffee, th\u00e9 noir et poivre blanc.<br data-start=\"624\" data-end=\"627\" \/>\ud83d\udd38 <strong data-start=\"630\" data-end=\"641\">Final :<\/strong> Cacao et tabac avec une finale nette de ch\u00eane.<\/p>\n","protected":false},"featured_media":81226,"comment_status":"open","ping_status":"closed","template":"","meta":{"_acf_changed":false},"product_brand":[],"product_cat":[615,616,357],"product_tag":[],"class_list":{"0":"post-81230","1":"product","2":"type-product","3":"status-publish","4":"has-post-thumbnail","6":"product_cat-usa-fr","7":"product_cat-yellowstone-fr","8":"product_cat-whisky-by-brand-fr","10":"first","11":"instock","12":"taxable","13":"shipping-taxable","14":"product-type-simple"},"acf":[],"aioseo_notices":[],"jetpack_sharing_enabled":true,"_links":{"self":[{"href":"https:\/\/whisky.ad\/fr\/wp-json\/wp\/v2\/product\/81230","targetHints":{"allow":["GET"]}}],"collection":[{"href":"https:\/\/whisky.ad\/fr\/wp-json\/wp\/v2\/product"}],"about":[{"href":"https:\/\/whisky.ad\/fr\/wp-json\/wp\/v2\/types\/product"}],"replies":[{"embeddable":true,"href":"https:\/\/whisky.ad\/fr\/wp-json\/wp\/v2\/comments?post=81230"}],"wp:featuredmedia":[{"embeddable":true,"href":"https:\/\/whisky.ad\/fr\/wp-json\/wp\/v2\/media\/81226"}],"wp:attachment":[{"href":"https:\/\/whisky.ad\/fr\/wp-json\/wp\/v2\/media?parent=81230"}],"wp:term":[{"taxonomy":"product_brand","embeddable":true,"href":"https:\/\/whisky.ad\/fr\/wp-json\/wp\/v2\/product_brand?post=81230"},{"taxonomy":"product_cat","embeddable":true,"href":"https:\/\/whisky.ad\/fr\/wp-json\/wp\/v2\/product_cat?post=81230"},{"taxonomy":"product_tag","embeddable":true,"href":"https:\/\/whisky.ad\/fr\/wp-json\/wp\/v2\/product_tag?post=81230"}],"curies":[{"name":"wp","href":"https:\/\/api.w.org\/{rel}","templated":true}]}}