{"id":80757,"date":"2024-09-09T10:26:25","date_gmt":"2024-09-09T09:26:25","guid":{"rendered":"https:\/\/whisky.ad\/product\/ben-lomond-gin-ecossais-a-lorange-sanguine-et-au-pamplemousse-rose-0-7l-38\/"},"modified":"2024-09-09T10:26:25","modified_gmt":"2024-09-09T09:26:25","slug":"ben-lomond-gin-ecossais-a-lorange-sanguine-et-au-pamplemousse-rose-0-7l-38","status":"publish","type":"product","link":"https:\/\/whisky.ad\/fr\/produit\/ben-lomond-gin-ecossais-a-lorange-sanguine-et-au-pamplemousse-rose-0-7l-38\/","title":{"rendered":"Ben Lomond Gin \u00e9cossais \u00e0 l&#8217;orange sanguine et au pamplemousse rose 0.7l 38%"},"content":{"rendered":"","protected":false},"excerpt":{"rendered":"<p>Gin \u00e9cossais Ben Lomond \u00e0 l&#8217;orange sanguine et au pamplemousse rose 0,7 l 38 % Savourez l&#8217;essence d&#8217;un \u00e9t\u00e9 \u00e9cossais avec notre gin \u00e0 l&#8217;orange sanguine et au pamplemousse rose. D\u00e9bordant de fra\u00eecheur acidul\u00e9e, cet esprit vibrant est parfait pour un tonic ou votre cocktail pr\u00e9f\u00e9r\u00e9. <\/p>\n","protected":false},"featured_media":80737,"comment_status":"open","ping_status":"closed","template":"","meta":{"_acf_changed":false},"product_brand":[],"product_cat":[416],"product_tag":[],"class_list":{"0":"post-80757","1":"product","2":"type-product","3":"status-publish","4":"has-post-thumbnail","6":"product_cat-gin-fr","8":"first","9":"instock","10":"taxable","11":"shipping-taxable","12":"purchasable","13":"product-type-simple"},"acf":[],"aioseo_notices":[],"jetpack_sharing_enabled":true,"_links":{"self":[{"href":"https:\/\/whisky.ad\/fr\/wp-json\/wp\/v2\/product\/80757","targetHints":{"allow":["GET"]}}],"collection":[{"href":"https:\/\/whisky.ad\/fr\/wp-json\/wp\/v2\/product"}],"about":[{"href":"https:\/\/whisky.ad\/fr\/wp-json\/wp\/v2\/types\/product"}],"replies":[{"embeddable":true,"href":"https:\/\/whisky.ad\/fr\/wp-json\/wp\/v2\/comments?post=80757"}],"wp:featuredmedia":[{"embeddable":true,"href":"https:\/\/whisky.ad\/fr\/wp-json\/wp\/v2\/media\/80737"}],"wp:attachment":[{"href":"https:\/\/whisky.ad\/fr\/wp-json\/wp\/v2\/media?parent=80757"}],"wp:term":[{"taxonomy":"product_brand","embeddable":true,"href":"https:\/\/whisky.ad\/fr\/wp-json\/wp\/v2\/product_brand?post=80757"},{"taxonomy":"product_cat","embeddable":true,"href":"https:\/\/whisky.ad\/fr\/wp-json\/wp\/v2\/product_cat?post=80757"},{"taxonomy":"product_tag","embeddable":true,"href":"https:\/\/whisky.ad\/fr\/wp-json\/wp\/v2\/product_tag?post=80757"}],"curies":[{"name":"wp","href":"https:\/\/api.w.org\/{rel}","templated":true}]}}