{"id":80751,"date":"2024-09-09T10:36:18","date_gmt":"2024-09-09T09:36:18","guid":{"rendered":"https:\/\/whisky.ad\/product\/ben-lomond-framboise-fleur-de-sureau-gin-0-7l-38\/"},"modified":"2024-09-09T10:36:18","modified_gmt":"2024-09-09T09:36:18","slug":"ben-lomond-framboise-fleur-de-sureau-gin-0-7l-38","status":"publish","type":"product","link":"https:\/\/whisky.ad\/fr\/produit\/ben-lomond-framboise-fleur-de-sureau-gin-0-7l-38\/","title":{"rendered":"Ben Lomond Framboise Fleur de Sureau Gin 0.7l 38%"},"content":{"rendered":"","protected":false},"excerpt":{"rendered":"<p>Gin Ben Lomond Framboise Fleur de Sureau 0,7 l 38 % Laissez-vous s\u00e9duire par les saveurs douces, sucr\u00e9es et florales du gin Ben Lomond Framboise Fleur de Sureau. \u00c9labor\u00e9 \u00e0 partir de fruits rouges \u00e9cossais et de fleurs d\u00e9licates cueillies, ce spiritueux est parfait \u00e0 siroter lors des chaudes journ\u00e9es d&#8217;\u00e9t\u00e9 ou des douces nuits d&#8217;hiver. <\/p>\n","protected":false},"featured_media":80748,"comment_status":"open","ping_status":"closed","template":"","meta":{"_acf_changed":false},"product_brand":[],"product_cat":[416],"product_tag":[],"class_list":{"0":"post-80751","1":"product","2":"type-product","3":"status-publish","4":"has-post-thumbnail","6":"product_cat-gin-fr","8":"first","9":"instock","10":"taxable","11":"shipping-taxable","12":"purchasable","13":"product-type-simple"},"acf":[],"aioseo_notices":[],"jetpack_sharing_enabled":true,"_links":{"self":[{"href":"https:\/\/whisky.ad\/fr\/wp-json\/wp\/v2\/product\/80751","targetHints":{"allow":["GET"]}}],"collection":[{"href":"https:\/\/whisky.ad\/fr\/wp-json\/wp\/v2\/product"}],"about":[{"href":"https:\/\/whisky.ad\/fr\/wp-json\/wp\/v2\/types\/product"}],"replies":[{"embeddable":true,"href":"https:\/\/whisky.ad\/fr\/wp-json\/wp\/v2\/comments?post=80751"}],"wp:featuredmedia":[{"embeddable":true,"href":"https:\/\/whisky.ad\/fr\/wp-json\/wp\/v2\/media\/80748"}],"wp:attachment":[{"href":"https:\/\/whisky.ad\/fr\/wp-json\/wp\/v2\/media?parent=80751"}],"wp:term":[{"taxonomy":"product_brand","embeddable":true,"href":"https:\/\/whisky.ad\/fr\/wp-json\/wp\/v2\/product_brand?post=80751"},{"taxonomy":"product_cat","embeddable":true,"href":"https:\/\/whisky.ad\/fr\/wp-json\/wp\/v2\/product_cat?post=80751"},{"taxonomy":"product_tag","embeddable":true,"href":"https:\/\/whisky.ad\/fr\/wp-json\/wp\/v2\/product_tag?post=80751"}],"curies":[{"name":"wp","href":"https:\/\/api.w.org\/{rel}","templated":true}]}}