{"id":80239,"date":"2020-01-12T11:59:48","date_gmt":"2020-01-12T10:59:48","guid":{"rendered":"https:\/\/whisky.ad\/product\/ruffino-rosatello\/"},"modified":"2020-01-12T11:59:48","modified_gmt":"2020-01-12T10:59:48","slug":"ruffino-rosatello","status":"publish","type":"product","link":"https:\/\/whisky.ad\/fr\/produit\/ruffino-rosatello\/","title":{"rendered":"Ruffino Rosatello"},"content":{"rendered":"","protected":false},"excerpt":{"rendered":"<p>Couleur La teinte est un rose poudr\u00e9, d\u00e9licate et brillante, orn\u00e9e de reflets cuivr\u00e9s. Ar\u00f4me Un m\u00e9lange d\u00e9licat et gracieusement dynamique de fruits et de fleurs, cr\u00e9ant une corne d&#8217;abondance de senteurs subtilement \u00e9mouvante. Profil de d\u00e9gustation Le vin pr\u00e9sente une s\u00e9quence d&#8217;ouverture audacieuse et pr\u00e9cise, s&#8217;alignant directement et de mani\u00e8re coh\u00e9rente avec les notes aromatiques. S&#8217;ensuit une sensation rafra\u00eechissante qui persiste jusqu&#8217;\u00e0 une finale agr\u00e9ablement surprenante. Notes de d\u00e9gustation compl\u00e8tes Des qualit\u00e9s exceptionnelles en mati\u00e8re d&#8217;accords mets, associ\u00e9es \u00e0 une polyvalence et une joie inh\u00e9rente \u00e0 boire, caract\u00e9risent ce vin comme une source de bonheur en toute occasion. Accords culinaires Id\u00e9al avec des charcuteries de qualit\u00e9 et des fromages moyennement affin\u00e9s, ainsi que des p\u00e2tes l\u00e9g\u00e8res, des crustac\u00e9s et du poisson r\u00f4ti. Le vin offre notamment une exp\u00e9rience surprenante lorsqu\u2019il est servi avec des hu\u00eetres fra\u00eeches.<\/p>\n","protected":false},"featured_media":75832,"comment_status":"open","ping_status":"closed","template":"","meta":{"_acf_changed":false},"product_brand":[],"product_cat":[389,533],"product_tag":[],"class_list":{"0":"post-80239","1":"product","2":"type-product","3":"status-publish","4":"has-post-thumbnail","6":"product_cat-wine-fr","7":"product_cat-tuscany-fr","9":"first","10":"instock","11":"taxable","12":"shipping-taxable","13":"purchasable","14":"product-type-simple"},"acf":[],"aioseo_notices":[],"jetpack_sharing_enabled":true,"_links":{"self":[{"href":"https:\/\/whisky.ad\/fr\/wp-json\/wp\/v2\/product\/80239","targetHints":{"allow":["GET"]}}],"collection":[{"href":"https:\/\/whisky.ad\/fr\/wp-json\/wp\/v2\/product"}],"about":[{"href":"https:\/\/whisky.ad\/fr\/wp-json\/wp\/v2\/types\/product"}],"replies":[{"embeddable":true,"href":"https:\/\/whisky.ad\/fr\/wp-json\/wp\/v2\/comments?post=80239"}],"wp:featuredmedia":[{"embeddable":true,"href":"https:\/\/whisky.ad\/fr\/wp-json\/wp\/v2\/media\/75832"}],"wp:attachment":[{"href":"https:\/\/whisky.ad\/fr\/wp-json\/wp\/v2\/media?parent=80239"}],"wp:term":[{"taxonomy":"product_brand","embeddable":true,"href":"https:\/\/whisky.ad\/fr\/wp-json\/wp\/v2\/product_brand?post=80239"},{"taxonomy":"product_cat","embeddable":true,"href":"https:\/\/whisky.ad\/fr\/wp-json\/wp\/v2\/product_cat?post=80239"},{"taxonomy":"product_tag","embeddable":true,"href":"https:\/\/whisky.ad\/fr\/wp-json\/wp\/v2\/product_tag?post=80239"}],"curies":[{"name":"wp","href":"https:\/\/api.w.org\/{rel}","templated":true}]}}