{"id":80235,"date":"2020-01-12T11:54:13","date_gmt":"2020-01-12T10:54:13","guid":{"rendered":"https:\/\/whisky.ad\/product\/ruffino-orvieto-classico-docg\/"},"modified":"2020-01-12T11:54:13","modified_gmt":"2020-01-12T10:54:13","slug":"ruffino-orvieto-classico-docg","status":"publish","type":"product","link":"https:\/\/whisky.ad\/fr\/produit\/ruffino-orvieto-classico-docg\/","title":{"rendered":"Ruffino Orvieto Classico, DOCG"},"content":{"rendered":"","protected":false},"excerpt":{"rendered":"<p>Le vin blanc Orvieto Classico de Ruffino pr\u00e9sente un bouquet fruit\u00e9 et floral rappelant les pommes vertes et les fleurs des pr\u00e9s. Les saveurs douces et rafra\u00eechissantes de ce vin italien s&#8217;harmonisent \u00e0 merveille avec sa structure bien d\u00e9finie et son acidit\u00e9 \u00e9quilibr\u00e9e. Orvieto Classico se distingue par un caract\u00e8re min\u00e9ral unique d\u00e9riv\u00e9 du sol calcaire et calcaire connu sous le nom de tuf. La finale du vin blanc est longue et aromatique, avec de subtiles notes d&#8217;amande. Les raisins de ce vin Ruffino proviennent des c\u00e9l\u00e8bres r\u00e9gions viticoles DOCG d&#8217;Orvieto Classico. Utilisant un processus de vinification traditionnel et une br\u00e8ve p\u00e9riode de vieillissement en cuves en acier inoxydable, Ruffino produit un vin italien qui r\u00e9v\u00e8le sans effort son caract\u00e8re, sans cajolerie ni manipulation excessive. Qu&#8217;il soit d\u00e9gust\u00e9 \u00e0 l&#8217;ap\u00e9ritif ou accompagn\u00e9 de crostini, de l\u00e9gumes grill\u00e9s, de soupe ou de poisson grill\u00e9, ce vin blanc promet une exp\u00e9rience d\u00e9licieuse. Pour un go\u00fbt optimal, r\u00e9frig\u00e9rez le vin pendant au moins deux heures et servez-le frais.       <\/p>\n","protected":false},"featured_media":75829,"comment_status":"open","ping_status":"closed","template":"","meta":{"_acf_changed":false},"product_brand":[],"product_cat":[577,389],"product_tag":[],"class_list":{"0":"post-80235","1":"product","2":"type-product","3":"status-publish","4":"has-post-thumbnail","6":"product_cat-umbria-fr","7":"product_cat-wine-fr","9":"first","10":"instock","11":"taxable","12":"shipping-taxable","13":"purchasable","14":"product-type-simple"},"acf":[],"aioseo_notices":[],"jetpack_sharing_enabled":true,"_links":{"self":[{"href":"https:\/\/whisky.ad\/fr\/wp-json\/wp\/v2\/product\/80235","targetHints":{"allow":["GET"]}}],"collection":[{"href":"https:\/\/whisky.ad\/fr\/wp-json\/wp\/v2\/product"}],"about":[{"href":"https:\/\/whisky.ad\/fr\/wp-json\/wp\/v2\/types\/product"}],"replies":[{"embeddable":true,"href":"https:\/\/whisky.ad\/fr\/wp-json\/wp\/v2\/comments?post=80235"}],"wp:featuredmedia":[{"embeddable":true,"href":"https:\/\/whisky.ad\/fr\/wp-json\/wp\/v2\/media\/75829"}],"wp:attachment":[{"href":"https:\/\/whisky.ad\/fr\/wp-json\/wp\/v2\/media?parent=80235"}],"wp:term":[{"taxonomy":"product_brand","embeddable":true,"href":"https:\/\/whisky.ad\/fr\/wp-json\/wp\/v2\/product_brand?post=80235"},{"taxonomy":"product_cat","embeddable":true,"href":"https:\/\/whisky.ad\/fr\/wp-json\/wp\/v2\/product_cat?post=80235"},{"taxonomy":"product_tag","embeddable":true,"href":"https:\/\/whisky.ad\/fr\/wp-json\/wp\/v2\/product_tag?post=80235"}],"curies":[{"name":"wp","href":"https:\/\/api.w.org\/{rel}","templated":true}]}}