{"id":80228,"date":"2020-01-12T10:51:49","date_gmt":"2020-01-12T09:51:49","guid":{"rendered":"https:\/\/whisky.ad\/product\/ruffino-greppone-mazzi-brunello-di-montalcino-docg\/"},"modified":"2020-01-12T10:51:49","modified_gmt":"2020-01-12T09:51:49","slug":"ruffino-greppone-mazzi-brunello-di-montalcino-docg","status":"publish","type":"product","link":"https:\/\/whisky.ad\/fr\/produit\/ruffino-greppone-mazzi-brunello-di-montalcino-docg\/","title":{"rendered":"Ruffino Greppone Mazzi, Brunello di Montalcino DOCG"},"content":{"rendered":"","protected":false},"excerpt":{"rendered":"<p>-C\u00e9pages : 70% Sangiovese, 30% Canaiolo, Colorino et autres c\u00e9pages rouges -Couleur : rouge rubis. -Ar\u00f4me : le Ruffino Chianti DOCG est un vin facile et facile \u00e0 consommer, \u00e0 l&#8217;ar\u00f4me majoritairement fruit\u00e9 et floral, avec des notes d&#8217;\u00e9pices et de noisettes. &#8211; Profil de d\u00e9gustation : En bouche, le Chianti DOCG est doux avec un corps moyen et un bon \u00e9quilibre, qui pr\u00e9sente d&#8217;agr\u00e9ables caract\u00e9ristiques fruit\u00e9es. -Accords culinaires : Associez ce Chianti DOCG \u00e0 une grande vari\u00e9t\u00e9 de plats italiens traditionnels tels que les raviolis, la pizza margherita et le carpaccio de veau. Ce sera tout simplement parfait. Son \u00e9clat et son acidit\u00e9 en font \u00e9galement un excellent accompagnement pour les plats internationaux comme le classique hamburger.     <\/p>\n","protected":false},"featured_media":75799,"comment_status":"open","ping_status":"closed","template":"","meta":{"_acf_changed":false},"product_brand":[],"product_cat":[389,533],"product_tag":[],"class_list":{"0":"post-80228","1":"product","2":"type-product","3":"status-publish","4":"has-post-thumbnail","6":"product_cat-wine-fr","7":"product_cat-tuscany-fr","9":"first","10":"outofstock","11":"taxable","12":"shipping-taxable","13":"purchasable","14":"product-type-simple"},"acf":[],"aioseo_notices":[],"jetpack_sharing_enabled":true,"_links":{"self":[{"href":"https:\/\/whisky.ad\/fr\/wp-json\/wp\/v2\/product\/80228","targetHints":{"allow":["GET"]}}],"collection":[{"href":"https:\/\/whisky.ad\/fr\/wp-json\/wp\/v2\/product"}],"about":[{"href":"https:\/\/whisky.ad\/fr\/wp-json\/wp\/v2\/types\/product"}],"replies":[{"embeddable":true,"href":"https:\/\/whisky.ad\/fr\/wp-json\/wp\/v2\/comments?post=80228"}],"wp:featuredmedia":[{"embeddable":true,"href":"https:\/\/whisky.ad\/fr\/wp-json\/wp\/v2\/media\/75799"}],"wp:attachment":[{"href":"https:\/\/whisky.ad\/fr\/wp-json\/wp\/v2\/media?parent=80228"}],"wp:term":[{"taxonomy":"product_brand","embeddable":true,"href":"https:\/\/whisky.ad\/fr\/wp-json\/wp\/v2\/product_brand?post=80228"},{"taxonomy":"product_cat","embeddable":true,"href":"https:\/\/whisky.ad\/fr\/wp-json\/wp\/v2\/product_cat?post=80228"},{"taxonomy":"product_tag","embeddable":true,"href":"https:\/\/whisky.ad\/fr\/wp-json\/wp\/v2\/product_tag?post=80228"}],"curies":[{"name":"wp","href":"https:\/\/api.w.org\/{rel}","templated":true}]}}