{"id":80225,"date":"2019-12-30T16:25:33","date_gmt":"2019-12-30T15:25:33","guid":{"rendered":"https:\/\/whisky.ad\/product\/luigi-righetti-bianco-di-custoza-2018\/"},"modified":"2019-12-30T16:25:33","modified_gmt":"2019-12-30T15:25:33","slug":"luigi-righetti-bianco-di-custoza-2018","status":"publish","type":"product","link":"https:\/\/whisky.ad\/fr\/produit\/luigi-righetti-bianco-di-custoza-2018\/","title":{"rendered":"Luigi Righetti-Bianco di Custoza 2018"},"content":{"rendered":"","protected":false},"excerpt":{"rendered":"<p>&#8211; Cave : Luigi Righetti -C\u00e9pages : Trebbiano, Garganega, Tocai Friulano -R\u00e9gion : V\u00e9n\u00e9tie -Styles r\u00e9gionaux : Nord de l&#8217;Italie blanche Accords culinaires : p\u00e2tes, fruits de mer, fromages affin\u00e9s et \u00e0 p\u00e2te dure, poisson maigre, charcuterie<\/p>\n","protected":false},"featured_media":75697,"comment_status":"open","ping_status":"closed","template":"","meta":{"_acf_changed":false},"product_brand":[],"product_cat":[517,389],"product_tag":[572,573],"class_list":{"0":"post-80225","1":"product","2":"type-product","3":"status-publish","4":"has-post-thumbnail","6":"product_cat-veneto-fr","7":"product_cat-wine-fr","8":"product_tag-white-fr","9":"product_tag-righetti-fr","11":"first","12":"outofstock","13":"taxable","14":"shipping-taxable","15":"purchasable","16":"product-type-simple"},"acf":[],"aioseo_notices":[],"jetpack_sharing_enabled":true,"_links":{"self":[{"href":"https:\/\/whisky.ad\/fr\/wp-json\/wp\/v2\/product\/80225","targetHints":{"allow":["GET"]}}],"collection":[{"href":"https:\/\/whisky.ad\/fr\/wp-json\/wp\/v2\/product"}],"about":[{"href":"https:\/\/whisky.ad\/fr\/wp-json\/wp\/v2\/types\/product"}],"replies":[{"embeddable":true,"href":"https:\/\/whisky.ad\/fr\/wp-json\/wp\/v2\/comments?post=80225"}],"wp:featuredmedia":[{"embeddable":true,"href":"https:\/\/whisky.ad\/fr\/wp-json\/wp\/v2\/media\/75697"}],"wp:attachment":[{"href":"https:\/\/whisky.ad\/fr\/wp-json\/wp\/v2\/media?parent=80225"}],"wp:term":[{"taxonomy":"product_brand","embeddable":true,"href":"https:\/\/whisky.ad\/fr\/wp-json\/wp\/v2\/product_brand?post=80225"},{"taxonomy":"product_cat","embeddable":true,"href":"https:\/\/whisky.ad\/fr\/wp-json\/wp\/v2\/product_cat?post=80225"},{"taxonomy":"product_tag","embeddable":true,"href":"https:\/\/whisky.ad\/fr\/wp-json\/wp\/v2\/product_tag?post=80225"}],"curies":[{"name":"wp","href":"https:\/\/api.w.org\/{rel}","templated":true}]}}