{"id":80222,"date":"2019-12-30T16:10:42","date_gmt":"2019-12-30T15:10:42","guid":{"rendered":"https:\/\/whisky.ad\/product\/luigi-righetti-valpolicella-classico-doc-2018\/"},"modified":"2019-12-30T16:10:42","modified_gmt":"2019-12-30T15:10:42","slug":"luigi-righetti-valpolicella-classico-doc-2018","status":"publish","type":"product","link":"https:\/\/whisky.ad\/fr\/produit\/luigi-righetti-valpolicella-classico-doc-2018\/","title":{"rendered":"Luigi Righetti \u2013 Valpolicella Classico DOC 2018"},"content":{"rendered":"","protected":false},"excerpt":{"rendered":"<p>ivino 3.4\/5 -Cat\u00e9gories : Corvina, Italie, Vin rouge, Luigi Righetti, V\u00e9n\u00e9tie, Vins -Pays\/R\u00e9gion : Italie\/V\u00e9n\u00e9tie -Type : Vin rouge -C\u00e9page : Corvina -Mill\u00e9sime : 2018 -Douleur pratiqu\u00e9e : sec -Corps : l\u00e9ger \/moyen \u2013 Fermeture : li\u00e8ge -Quand boire : \u00e0 boire maintenant et dans les 2 prochaines ann\u00e9es Note de d\u00e9gustation : Le Valpolicella est la quintessence des p\u00e2tes et du vin de p\u00e2tes, cultiv\u00e9 dans la r\u00e9gion de V\u00e9n\u00e9tie en Italie, au nord de V\u00e9rone. Vin aromatique avec des cerises et une touche d&#8217;amande. Plus l\u00e9ger et principalement fruit\u00e9, il pr\u00e9sente une concentration fruit\u00e9e inhabituellement bonne pour le Valpolicella, avec de belles saveurs de cerise, de violet et une touche de poivre blanc. Accords culinaires : pizzas, plats de p\u00e2tes aux sauces de l\u00e9gumes, rago\u00fbts de poisson et de viande blanche, ainsi que prosciutto et fromage.<\/p>\n","protected":false},"featured_media":75634,"comment_status":"open","ping_status":"closed","template":"","meta":{"_acf_changed":false},"product_brand":[],"product_cat":[517,389],"product_tag":[519],"class_list":{"0":"post-80222","1":"product","2":"type-product","3":"status-publish","4":"has-post-thumbnail","6":"product_cat-veneto-fr","7":"product_cat-wine-fr","8":"product_tag-red-fr","10":"first","11":"instock","12":"sale","13":"taxable","14":"shipping-taxable","15":"purchasable","16":"product-type-simple"},"acf":[],"aioseo_notices":[],"jetpack_sharing_enabled":true,"_links":{"self":[{"href":"https:\/\/whisky.ad\/fr\/wp-json\/wp\/v2\/product\/80222","targetHints":{"allow":["GET"]}}],"collection":[{"href":"https:\/\/whisky.ad\/fr\/wp-json\/wp\/v2\/product"}],"about":[{"href":"https:\/\/whisky.ad\/fr\/wp-json\/wp\/v2\/types\/product"}],"replies":[{"embeddable":true,"href":"https:\/\/whisky.ad\/fr\/wp-json\/wp\/v2\/comments?post=80222"}],"wp:featuredmedia":[{"embeddable":true,"href":"https:\/\/whisky.ad\/fr\/wp-json\/wp\/v2\/media\/75634"}],"wp:attachment":[{"href":"https:\/\/whisky.ad\/fr\/wp-json\/wp\/v2\/media?parent=80222"}],"wp:term":[{"taxonomy":"product_brand","embeddable":true,"href":"https:\/\/whisky.ad\/fr\/wp-json\/wp\/v2\/product_brand?post=80222"},{"taxonomy":"product_cat","embeddable":true,"href":"https:\/\/whisky.ad\/fr\/wp-json\/wp\/v2\/product_cat?post=80222"},{"taxonomy":"product_tag","embeddable":true,"href":"https:\/\/whisky.ad\/fr\/wp-json\/wp\/v2\/product_tag?post=80222"}],"curies":[{"name":"wp","href":"https:\/\/api.w.org\/{rel}","templated":true}]}}