{"id":80219,"date":"2019-12-30T14:45:11","date_gmt":"2019-12-30T13:45:11","guid":{"rendered":"https:\/\/whisky.ad\/product\/luigi-righetti-sol-rosso-veneto\/"},"modified":"2019-12-30T14:45:11","modified_gmt":"2019-12-30T13:45:11","slug":"luigi-righetti-sol-rosso-veneto","status":"publish","type":"product","link":"https:\/\/whisky.ad\/fr\/produit\/luigi-righetti-sol-rosso-veneto\/","title":{"rendered":"Luigi Righetti \u2013 SOL Rosso Veneto"},"content":{"rendered":"","protected":false},"excerpt":{"rendered":"<p>Parmi les 5% des meilleurs vins du monde (Vivino) Note 88\/100, Alison Napjus, 2015 &#8211; Cave : Luigi Righetti -C\u00e9pages : Shiraz \/ Syrah, Cabernet Sauvignon, Merlot, Corvina, Rondinella -R\u00e9gion : V\u00e9n\u00e9tie -Styles r\u00e9gionaux : rouge du nord de l&#8217;Italie &#8211; Accords culinaires : b\u0153uf, p\u00e2tes, agneau, gibier (cerf, chevreuil) Description du produit Couleur : rouge grenat. Nez : ar\u00f4mes amples et intenses de fruits noirs et de cerise. Go\u00fbt : riche et g\u00e9n\u00e9reux avec une couleur profonde. Saveurs intenses, avec un ar\u00f4me de fruit, de vanille et de bois. Il se marie bien avec les viandes rouges et les plats principaux. Spectateur de vins Il y a beaucoup d&#8217;\u00e9pices, de jus de prune noire et de cerise, dans une trame fra\u00eeche et moyennement cors\u00e9e et offrant des accents de moka, de r\u00e9glisse noire et d&#8217;herbe s\u00e9ch\u00e9e qui maintiennent la finale fum\u00e9e. Corvina, avec Merlot, Shiraz et autres. \u00c0 boire d\u00e8s maintenant jusqu&#8217;en 2018. 5 000 caisses fabriqu\u00e9es.<\/p>\n","protected":false},"featured_media":75697,"comment_status":"open","ping_status":"closed","template":"","meta":{"_acf_changed":false},"product_brand":[],"product_cat":[389,517],"product_tag":[],"class_list":{"0":"post-80219","1":"product","2":"type-product","3":"status-publish","4":"has-post-thumbnail","6":"product_cat-wine-fr","7":"product_cat-veneto-fr","9":"first","10":"outofstock","11":"taxable","12":"shipping-taxable","13":"purchasable","14":"product-type-simple"},"acf":[],"aioseo_notices":[],"jetpack_sharing_enabled":true,"_links":{"self":[{"href":"https:\/\/whisky.ad\/fr\/wp-json\/wp\/v2\/product\/80219","targetHints":{"allow":["GET"]}}],"collection":[{"href":"https:\/\/whisky.ad\/fr\/wp-json\/wp\/v2\/product"}],"about":[{"href":"https:\/\/whisky.ad\/fr\/wp-json\/wp\/v2\/types\/product"}],"replies":[{"embeddable":true,"href":"https:\/\/whisky.ad\/fr\/wp-json\/wp\/v2\/comments?post=80219"}],"wp:featuredmedia":[{"embeddable":true,"href":"https:\/\/whisky.ad\/fr\/wp-json\/wp\/v2\/media\/75697"}],"wp:attachment":[{"href":"https:\/\/whisky.ad\/fr\/wp-json\/wp\/v2\/media?parent=80219"}],"wp:term":[{"taxonomy":"product_brand","embeddable":true,"href":"https:\/\/whisky.ad\/fr\/wp-json\/wp\/v2\/product_brand?post=80219"},{"taxonomy":"product_cat","embeddable":true,"href":"https:\/\/whisky.ad\/fr\/wp-json\/wp\/v2\/product_cat?post=80219"},{"taxonomy":"product_tag","embeddable":true,"href":"https:\/\/whisky.ad\/fr\/wp-json\/wp\/v2\/product_tag?post=80219"}],"curies":[{"name":"wp","href":"https:\/\/api.w.org\/{rel}","templated":true}]}}