{"id":80216,"date":"2019-12-30T16:03:49","date_gmt":"2019-12-30T15:03:49","guid":{"rendered":"https:\/\/whisky.ad\/product\/luigi-righetti-sognum-cabernet-sauvignon-2017\/"},"modified":"2019-12-30T16:03:49","modified_gmt":"2019-12-30T15:03:49","slug":"luigi-righetti-sognum-cabernet-sauvignon-2017","status":"publish","type":"product","link":"https:\/\/whisky.ad\/fr\/produit\/luigi-righetti-sognum-cabernet-sauvignon-2017\/","title":{"rendered":"Luigi Righetti \u2013 Sognum Cabernet Sauvignon 2017"},"content":{"rendered":"","protected":false},"excerpt":{"rendered":"<p>J&#8217;habite 3,8\/5 -Cat\u00e9gories : Cabernet Sauvignon, Italie, Luigi Righetti, Vin rouge, V\u00e9n\u00e9tie, Vins \u2013 Pays\/R\u00e9gion : Italie \/ V\u00e9n\u00e9tie -Type : Vin rouge -C\u00e9page : Cabernet Sauvignon &#8211; Mill\u00e9sime : 2016 -Pratique douleur : sec Corps : Medium \/ Corporate &#8211; Fermeture : bouchon -Quand boire : \u00e0 boire maintenant et dans les 4 prochaines ann\u00e9es Note de d\u00e9gustation : Amarone de la r\u00e9gion, le Sognum est \u00e9labor\u00e9 \u00e0 partir de grains demi-secs, qui concentrent les ar\u00f4mes de fruits et ajoutent de la richesse pour lui donner un c\u00f4t\u00e9 plus profil de saveur robuste. Seize mois en f\u00fbts de ch\u00eane apportent plus de complexit\u00e9 en adoucissant la bouche, et donnent \u00e9galement un joli accent de vanille et d&#8217;\u00e9pices. C&#8217;est un cabernet tr\u00e8s savoureux ! Accords : accords avec des sauces pour p\u00e2tes \u00e0 la viande &#8211; Bolognese &#8211; rago\u00fbts \u00e0 base de tomates, c\u00f4tes de b\u0153uf grill\u00e9es.<\/p>\n","protected":false},"featured_media":75616,"comment_status":"open","ping_status":"closed","template":"","meta":{"_acf_changed":false},"product_brand":[],"product_cat":[389,517],"product_tag":[519],"class_list":{"0":"post-80216","1":"product","2":"type-product","3":"status-publish","4":"has-post-thumbnail","6":"product_cat-wine-fr","7":"product_cat-veneto-fr","8":"product_tag-red-fr","10":"first","11":"instock","12":"taxable","13":"shipping-taxable","14":"purchasable","15":"product-type-simple"},"acf":[],"aioseo_notices":[],"jetpack_sharing_enabled":true,"_links":{"self":[{"href":"https:\/\/whisky.ad\/fr\/wp-json\/wp\/v2\/product\/80216","targetHints":{"allow":["GET"]}}],"collection":[{"href":"https:\/\/whisky.ad\/fr\/wp-json\/wp\/v2\/product"}],"about":[{"href":"https:\/\/whisky.ad\/fr\/wp-json\/wp\/v2\/types\/product"}],"replies":[{"embeddable":true,"href":"https:\/\/whisky.ad\/fr\/wp-json\/wp\/v2\/comments?post=80216"}],"wp:featuredmedia":[{"embeddable":true,"href":"https:\/\/whisky.ad\/fr\/wp-json\/wp\/v2\/media\/75616"}],"wp:attachment":[{"href":"https:\/\/whisky.ad\/fr\/wp-json\/wp\/v2\/media?parent=80216"}],"wp:term":[{"taxonomy":"product_brand","embeddable":true,"href":"https:\/\/whisky.ad\/fr\/wp-json\/wp\/v2\/product_brand?post=80216"},{"taxonomy":"product_cat","embeddable":true,"href":"https:\/\/whisky.ad\/fr\/wp-json\/wp\/v2\/product_cat?post=80216"},{"taxonomy":"product_tag","embeddable":true,"href":"https:\/\/whisky.ad\/fr\/wp-json\/wp\/v2\/product_tag?post=80216"}],"curies":[{"name":"wp","href":"https:\/\/api.w.org\/{rel}","templated":true}]}}