{"id":80209,"date":"2019-12-30T15:11:20","date_gmt":"2019-12-30T14:11:20","guid":{"rendered":"https:\/\/whisky.ad\/product\/luigi-righetti-campolieti-valpolicella-2017\/"},"modified":"2019-12-30T15:11:20","modified_gmt":"2019-12-30T14:11:20","slug":"luigi-righetti-campolieti-valpolicella-2017","status":"publish","type":"product","link":"https:\/\/whisky.ad\/fr\/produit\/luigi-righetti-campolieti-valpolicella-2017\/","title":{"rendered":"Luigi Righetti \u2013 Campolieti Valpolicella 2017"},"content":{"rendered":"","protected":false},"excerpt":{"rendered":"<p>Note 86\/100 sur l&#8217;outil de recherche agr\u00e9g\u00e9 -Cat\u00e9gories : Corvina, Italie, Vin rouge, Luigi Righetti, V\u00e9n\u00e9tie, Vins -Pays\/R\u00e9gion : Italie \/ V\u00e9n\u00e9tie -Type : Vin rouge -C\u00e9page : corvina &#8211; Mill\u00e9sime : 2017 -Douceur per\u00e7ue : sec -Corps : corps moyen &#8211; Fermeture : li\u00e8ge -Quand peut-on boire : \u00e0 boire maintenant et dans les 3 prochaines ann\u00e9es Note de d\u00e9gustation : Il pr\u00e9sente d&#8217;agr\u00e9ables ar\u00f4mes de fraise, de cerise et de prune avec des notes de cuir, de feuilles d&#8217;automne et d&#8217;\u00e9pices asiatiques. En bouche, il est vif, fruit\u00e9 et l\u00e9g\u00e8rement tannique. Campolieti signifie \u00ab champs heureux \u00bb et fait r\u00e9f\u00e9rence aux vignes sur lesquelles les raisins sont r\u00e9colt\u00e9s. Le vin est un assemblage traditionnel des c\u00e9pages Corvina, Rondinella et Molinara qui a subi une seconde fermentation lors du pressage du raisin Amarone (un processus appel\u00e9 &#8220;ripasso&#8221;). Accords culinaires : viandes rouges r\u00f4ties ou mijot\u00e9es. Egalement avec des p\u00e2tes, risotto, calamars, bolognaise aux champignons.<\/p>\n","protected":false},"featured_media":75628,"comment_status":"open","ping_status":"closed","template":"","meta":{"_acf_changed":false},"product_brand":[],"product_cat":[389,517],"product_tag":[],"class_list":{"0":"post-80209","1":"product","2":"type-product","3":"status-publish","4":"has-post-thumbnail","6":"product_cat-wine-fr","7":"product_cat-veneto-fr","9":"first","10":"outofstock","11":"taxable","12":"shipping-taxable","13":"purchasable","14":"product-type-simple"},"acf":[],"aioseo_notices":[],"jetpack_sharing_enabled":true,"_links":{"self":[{"href":"https:\/\/whisky.ad\/fr\/wp-json\/wp\/v2\/product\/80209","targetHints":{"allow":["GET"]}}],"collection":[{"href":"https:\/\/whisky.ad\/fr\/wp-json\/wp\/v2\/product"}],"about":[{"href":"https:\/\/whisky.ad\/fr\/wp-json\/wp\/v2\/types\/product"}],"replies":[{"embeddable":true,"href":"https:\/\/whisky.ad\/fr\/wp-json\/wp\/v2\/comments?post=80209"}],"wp:featuredmedia":[{"embeddable":true,"href":"https:\/\/whisky.ad\/fr\/wp-json\/wp\/v2\/media\/75628"}],"wp:attachment":[{"href":"https:\/\/whisky.ad\/fr\/wp-json\/wp\/v2\/media?parent=80209"}],"wp:term":[{"taxonomy":"product_brand","embeddable":true,"href":"https:\/\/whisky.ad\/fr\/wp-json\/wp\/v2\/product_brand?post=80209"},{"taxonomy":"product_cat","embeddable":true,"href":"https:\/\/whisky.ad\/fr\/wp-json\/wp\/v2\/product_cat?post=80209"},{"taxonomy":"product_tag","embeddable":true,"href":"https:\/\/whisky.ad\/fr\/wp-json\/wp\/v2\/product_tag?post=80209"}],"curies":[{"name":"wp","href":"https:\/\/api.w.org\/{rel}","templated":true}]}}