{"id":80204,"date":"2020-01-12T12:11:24","date_gmt":"2020-01-12T11:11:24","guid":{"rendered":"https:\/\/whisky.ad\/product\/henry-de-blainville-h2b-rose-charentes\/"},"modified":"2020-01-12T12:11:24","modified_gmt":"2020-01-12T11:11:24","slug":"henry-de-blainville-h2b-rose-charentes","status":"publish","type":"product","link":"https:\/\/whisky.ad\/fr\/produit\/henry-de-blainville-h2b-rose-charentes\/","title":{"rendered":"Henry de Blainville (H2B) Ros\u00e9 Charentes"},"content":{"rendered":"","protected":false},"excerpt":{"rendered":"<p>&#8211; Vin Charantais -C\u00e9page : Cabernet Sauvignon, Merlot -Description : Notre ros\u00e9 est un vin sec avec beaucoup de fruit, rappelant l&#8217;aigre-doux. Il est l\u00e9ger et facile \u00e0 boire. N\u00e9 d&#8217;un m\u00e9lange de c\u00e9pages Merlot et Cabernet Sauvignon, il pr\u00e9sente une grande fra\u00eecheur. Il a une couleur saumon\u00e9e profonde. -Recette(s) : Gaspacho, Sushis, Morue \u00e0 l&#8217;a\u00efoli, Paella<\/p>\n","protected":false},"featured_media":75682,"comment_status":"open","ping_status":"closed","template":"","meta":{"_acf_changed":false},"product_brand":[],"product_cat":[389,557],"product_tag":[],"class_list":{"0":"post-80204","1":"product","2":"type-product","3":"status-publish","4":"has-post-thumbnail","6":"product_cat-wine-fr","7":"product_cat-charentes-fr","9":"first","10":"instock","11":"sale","12":"taxable","13":"shipping-taxable","14":"purchasable","15":"product-type-simple"},"acf":[],"aioseo_notices":[],"jetpack_sharing_enabled":true,"_links":{"self":[{"href":"https:\/\/whisky.ad\/fr\/wp-json\/wp\/v2\/product\/80204","targetHints":{"allow":["GET"]}}],"collection":[{"href":"https:\/\/whisky.ad\/fr\/wp-json\/wp\/v2\/product"}],"about":[{"href":"https:\/\/whisky.ad\/fr\/wp-json\/wp\/v2\/types\/product"}],"replies":[{"embeddable":true,"href":"https:\/\/whisky.ad\/fr\/wp-json\/wp\/v2\/comments?post=80204"}],"wp:featuredmedia":[{"embeddable":true,"href":"https:\/\/whisky.ad\/fr\/wp-json\/wp\/v2\/media\/75682"}],"wp:attachment":[{"href":"https:\/\/whisky.ad\/fr\/wp-json\/wp\/v2\/media?parent=80204"}],"wp:term":[{"taxonomy":"product_brand","embeddable":true,"href":"https:\/\/whisky.ad\/fr\/wp-json\/wp\/v2\/product_brand?post=80204"},{"taxonomy":"product_cat","embeddable":true,"href":"https:\/\/whisky.ad\/fr\/wp-json\/wp\/v2\/product_cat?post=80204"},{"taxonomy":"product_tag","embeddable":true,"href":"https:\/\/whisky.ad\/fr\/wp-json\/wp\/v2\/product_tag?post=80204"}],"curies":[{"name":"wp","href":"https:\/\/api.w.org\/{rel}","templated":true}]}}