{"id":80201,"date":"2020-01-12T12:05:59","date_gmt":"2020-01-12T11:05:59","guid":{"rendered":"https:\/\/whisky.ad\/product\/henry-de-blainville-h2b-merlot-charentes\/"},"modified":"2020-01-12T12:05:59","modified_gmt":"2020-01-12T11:05:59","slug":"henry-de-blainville-h2b-merlot-charentes","status":"publish","type":"product","link":"https:\/\/whisky.ad\/fr\/produit\/henry-de-blainville-h2b-merlot-charentes\/","title":{"rendered":"Henry de Blainville (H2B) Merlot Charentes"},"content":{"rendered":"","protected":false},"excerpt":{"rendered":"<p>&#8211; Vin Charantais Merlot<br \/>\n-Description : Le vin est \u00e9l\u00e9gant et fruit\u00e9, avec de beaux ar\u00f4mes de fruits rouges comme la cerise ou la m\u00fbre, ce qui le rend soyeux en bouche.<br \/>\n-Recette(s) : canard laqu\u00e9, pigeon r\u00f4ti, r\u00f4ti<\/p>\n","protected":false},"featured_media":75676,"comment_status":"open","ping_status":"closed","template":"","meta":{"_acf_changed":false},"product_brand":[],"product_cat":[389,557],"product_tag":[],"class_list":{"0":"post-80201","1":"product","2":"type-product","3":"status-publish","4":"has-post-thumbnail","6":"product_cat-wine-fr","7":"product_cat-charentes-fr","9":"first","10":"instock","11":"sale","12":"taxable","13":"shipping-taxable","14":"purchasable","15":"product-type-simple"},"acf":[],"aioseo_notices":[],"jetpack_sharing_enabled":true,"_links":{"self":[{"href":"https:\/\/whisky.ad\/fr\/wp-json\/wp\/v2\/product\/80201","targetHints":{"allow":["GET"]}}],"collection":[{"href":"https:\/\/whisky.ad\/fr\/wp-json\/wp\/v2\/product"}],"about":[{"href":"https:\/\/whisky.ad\/fr\/wp-json\/wp\/v2\/types\/product"}],"replies":[{"embeddable":true,"href":"https:\/\/whisky.ad\/fr\/wp-json\/wp\/v2\/comments?post=80201"}],"wp:featuredmedia":[{"embeddable":true,"href":"https:\/\/whisky.ad\/fr\/wp-json\/wp\/v2\/media\/75676"}],"wp:attachment":[{"href":"https:\/\/whisky.ad\/fr\/wp-json\/wp\/v2\/media?parent=80201"}],"wp:term":[{"taxonomy":"product_brand","embeddable":true,"href":"https:\/\/whisky.ad\/fr\/wp-json\/wp\/v2\/product_brand?post=80201"},{"taxonomy":"product_cat","embeddable":true,"href":"https:\/\/whisky.ad\/fr\/wp-json\/wp\/v2\/product_cat?post=80201"},{"taxonomy":"product_tag","embeddable":true,"href":"https:\/\/whisky.ad\/fr\/wp-json\/wp\/v2\/product_tag?post=80201"}],"curies":[{"name":"wp","href":"https:\/\/api.w.org\/{rel}","templated":true}]}}