{"id":80196,"date":"2021-08-03T12:50:39","date_gmt":"2021-08-03T11:50:39","guid":{"rendered":"https:\/\/whisky.ad\/product\/chateau-latapie-reserve-bordeaux-aoc\/"},"modified":"2024-01-11T16:31:51","modified_gmt":"2024-01-11T15:31:51","slug":"chateau-latapie-reserve-bordeaux-aoc","status":"publish","type":"product","link":"https:\/\/whisky.ad\/fr\/produit\/chateau-latapie-reserve-bordeaux-aoc\/","title":{"rendered":"Ch\u00e2teau Latapie, Reserve, Bordeaux AOC"},"content":{"rendered":"","protected":false},"excerpt":{"rendered":"<ul>\n<li>Vignoble : Chateau Latapie <strong>R\u00e9serve<\/strong><\/li>\n<li>C\u00e9pages : Cabernet Sauvignon, Cabernet Franc, Merlot<\/li>\n<li>R\u00e9gion : <strong>France \/ Bordeaux<\/strong><\/li>\n<li>Style du vin : Bordeaux rouge<\/li>\n<li>Vivino: 4.1<\/li>\n<li>Un Bordeaux rouge de grande classe. Soyeux et doux avec une grande bouff\u00e9e de cuir au nez. Ar\u00f4mes de fruits pruneaux, une pointe de caramel et assez tannique. Un rouge tr\u00e8s bien \u00e9quilibr\u00e9.<\/li>\n<\/ul>\n","protected":false},"featured_media":76381,"comment_status":"open","ping_status":"closed","template":"","meta":{"_acf_changed":false},"product_brand":[],"product_cat":[389,404],"product_tag":[],"class_list":{"0":"post-80196","1":"product","2":"type-product","3":"status-publish","4":"has-post-thumbnail","6":"product_cat-wine-fr","7":"product_cat-bordeaux-fr","9":"first","10":"instock","11":"sale","12":"taxable","13":"shipping-taxable","14":"purchasable","15":"product-type-simple"},"acf":[],"aioseo_notices":[],"jetpack_sharing_enabled":true,"_links":{"self":[{"href":"https:\/\/whisky.ad\/fr\/wp-json\/wp\/v2\/product\/80196","targetHints":{"allow":["GET"]}}],"collection":[{"href":"https:\/\/whisky.ad\/fr\/wp-json\/wp\/v2\/product"}],"about":[{"href":"https:\/\/whisky.ad\/fr\/wp-json\/wp\/v2\/types\/product"}],"replies":[{"embeddable":true,"href":"https:\/\/whisky.ad\/fr\/wp-json\/wp\/v2\/comments?post=80196"}],"wp:featuredmedia":[{"embeddable":true,"href":"https:\/\/whisky.ad\/fr\/wp-json\/wp\/v2\/media\/76381"}],"wp:attachment":[{"href":"https:\/\/whisky.ad\/fr\/wp-json\/wp\/v2\/media?parent=80196"}],"wp:term":[{"taxonomy":"product_brand","embeddable":true,"href":"https:\/\/whisky.ad\/fr\/wp-json\/wp\/v2\/product_brand?post=80196"},{"taxonomy":"product_cat","embeddable":true,"href":"https:\/\/whisky.ad\/fr\/wp-json\/wp\/v2\/product_cat?post=80196"},{"taxonomy":"product_tag","embeddable":true,"href":"https:\/\/whisky.ad\/fr\/wp-json\/wp\/v2\/product_tag?post=80196"}],"curies":[{"name":"wp","href":"https:\/\/api.w.org\/{rel}","templated":true}]}}