{"id":80192,"date":"2024-01-07T14:08:46","date_gmt":"2024-01-07T13:08:46","guid":{"rendered":"https:\/\/whisky.ad\/product\/brora-1982-40-year-old-old-and-rare-whisky-0-7l-474\/"},"modified":"2024-01-07T14:08:46","modified_gmt":"2024-01-07T13:08:46","slug":"brora-1982-40-year-old-old-and-rare-whisky-0-7l-474","status":"publish","type":"product","link":"https:\/\/whisky.ad\/fr\/produit\/brora-1982-40-year-old-old-and-rare-whisky-0-7l-474\/","title":{"rendered":"Brora 1982 40 Year Old Old and Rare Whisky 0.7L. 47,4%"},"content":{"rendered":"","protected":false},"excerpt":{"rendered":"<h5>Brora 1982 40 Year Old Old and Rare Whisky 0.7L. 47,4%<\/h5>\n<p>Distill\u00e9 pendant <strong>l&#8217;\u00e2ge d&#8217;or du Brora tourb\u00e9<\/strong> et laiss\u00e9 vieillir en f\u00fbts de recharge pendant <strong>40 ans<\/strong>. Cet <strong>impressionnant single malt<\/strong> a \u00e9t\u00e9 mis en bouteille par <strong>Hunter Laing<\/strong>, soulignant encore davantage pourquoi il est devenu un <strong>malt si culte.<\/strong> <\/p>\n","protected":false},"featured_media":80155,"comment_status":"open","ping_status":"closed","template":"","meta":{"_acf_changed":false},"product_brand":[],"product_cat":[317,341,357,568],"product_tag":[],"class_list":{"0":"post-80192","1":"product","2":"type-product","3":"status-publish","4":"has-post-thumbnail","6":"product_cat-ecosse","7":"product_cat-rare-de-collection","8":"product_cat-whisky-by-brand-fr","9":"product_cat-brora-fr","11":"first","12":"instock","13":"taxable","14":"shipping-taxable","15":"product-type-simple"},"acf":[],"aioseo_notices":[],"jetpack_sharing_enabled":true,"_links":{"self":[{"href":"https:\/\/whisky.ad\/fr\/wp-json\/wp\/v2\/product\/80192","targetHints":{"allow":["GET"]}}],"collection":[{"href":"https:\/\/whisky.ad\/fr\/wp-json\/wp\/v2\/product"}],"about":[{"href":"https:\/\/whisky.ad\/fr\/wp-json\/wp\/v2\/types\/product"}],"replies":[{"embeddable":true,"href":"https:\/\/whisky.ad\/fr\/wp-json\/wp\/v2\/comments?post=80192"}],"wp:featuredmedia":[{"embeddable":true,"href":"https:\/\/whisky.ad\/fr\/wp-json\/wp\/v2\/media\/80155"}],"wp:attachment":[{"href":"https:\/\/whisky.ad\/fr\/wp-json\/wp\/v2\/media?parent=80192"}],"wp:term":[{"taxonomy":"product_brand","embeddable":true,"href":"https:\/\/whisky.ad\/fr\/wp-json\/wp\/v2\/product_brand?post=80192"},{"taxonomy":"product_cat","embeddable":true,"href":"https:\/\/whisky.ad\/fr\/wp-json\/wp\/v2\/product_cat?post=80192"},{"taxonomy":"product_tag","embeddable":true,"href":"https:\/\/whisky.ad\/fr\/wp-json\/wp\/v2\/product_tag?post=80192"}],"curies":[{"name":"wp","href":"https:\/\/api.w.org\/{rel}","templated":true}]}}