{"id":80189,"date":"2024-01-07T14:45:14","date_gmt":"2024-01-07T13:45:14","guid":{"rendered":"https:\/\/whisky.ad\/product\/bowmore-32-year-old-1990-magnum-old-rare-15l-59\/"},"modified":"2024-01-07T14:45:14","modified_gmt":"2024-01-07T13:45:14","slug":"bowmore-32-year-old-1990-magnum-old-rare-15l-59","status":"publish","type":"product","link":"https:\/\/whisky.ad\/fr\/produit\/bowmore-32-year-old-1990-magnum-old-rare-15l-59\/","title":{"rendered":"Bowmore 32 Year Old 1990 Magnum Old &amp; Rare 1,5L. 59%"},"content":{"rendered":"","protected":false},"excerpt":{"rendered":"<h5><span class=\"productFullDetail-distilleryTitle-3Lq\">Bowmore <\/span>32 Year Old 1990 Magnum Old &amp; Rare 1,5L. 59%<\/h5>\n<p>Ce whisky d&#8217;exception a \u00e9t\u00e9 distill\u00e9 durant l&#8217;ann\u00e9e dor\u00e9e <strong>1990<\/strong> \u00e0 Bowmore, distillerie embl\u00e9matique de <strong>l&#8217;\u00eele d&#8217;Islay<\/strong>. Il a m\u00fbri gracieusement dans une <strong>recharge en f\u00fbt unique Hogshead<\/strong> pendant <strong>32 ann\u00e9es<\/strong> impressionnantes. Mis en bouteille en <strong>novembre 2022<\/strong> par le prestigieux <strong>Hunter Laing &amp; Co.<\/strong>, ce joyau rare fait partie de leur prestigieuse s\u00e9lection <strong>Old &amp; Rare Platinum.<\/strong>   La pr\u00e9sentation est tout aussi grandiose, log\u00e9e dans une bouteille <strong>Magnum g\u00e9ante de 1,5 litre<\/strong>, avec seulement <strong>31 bouteilles num\u00e9rot\u00e9es<\/strong> existantes.<\/p>\n","protected":false},"featured_media":80177,"comment_status":"open","ping_status":"closed","template":"","meta":{"_acf_changed":false},"product_brand":[],"product_cat":[317,341,357,565],"product_tag":[],"class_list":{"0":"post-80189","1":"product","2":"type-product","3":"status-publish","4":"has-post-thumbnail","6":"product_cat-ecosse","7":"product_cat-rare-de-collection","8":"product_cat-whisky-by-brand-fr","9":"product_cat-bowmore-fr","11":"first","12":"instock","13":"taxable","14":"shipping-taxable","15":"product-type-simple"},"acf":[],"aioseo_notices":[],"jetpack_sharing_enabled":true,"_links":{"self":[{"href":"https:\/\/whisky.ad\/fr\/wp-json\/wp\/v2\/product\/80189","targetHints":{"allow":["GET"]}}],"collection":[{"href":"https:\/\/whisky.ad\/fr\/wp-json\/wp\/v2\/product"}],"about":[{"href":"https:\/\/whisky.ad\/fr\/wp-json\/wp\/v2\/types\/product"}],"replies":[{"embeddable":true,"href":"https:\/\/whisky.ad\/fr\/wp-json\/wp\/v2\/comments?post=80189"}],"wp:featuredmedia":[{"embeddable":true,"href":"https:\/\/whisky.ad\/fr\/wp-json\/wp\/v2\/media\/80177"}],"wp:attachment":[{"href":"https:\/\/whisky.ad\/fr\/wp-json\/wp\/v2\/media?parent=80189"}],"wp:term":[{"taxonomy":"product_brand","embeddable":true,"href":"https:\/\/whisky.ad\/fr\/wp-json\/wp\/v2\/product_brand?post=80189"},{"taxonomy":"product_cat","embeddable":true,"href":"https:\/\/whisky.ad\/fr\/wp-json\/wp\/v2\/product_cat?post=80189"},{"taxonomy":"product_tag","embeddable":true,"href":"https:\/\/whisky.ad\/fr\/wp-json\/wp\/v2\/product_tag?post=80189"}],"curies":[{"name":"wp","href":"https:\/\/api.w.org\/{rel}","templated":true}]}}