{"id":80184,"date":"2023-07-30T18:32:14","date_gmt":"2023-07-30T17:32:14","guid":{"rendered":"https:\/\/whisky.ad\/product\/seagrams-vo-whisky-0-7l-40\/"},"modified":"2023-07-30T18:32:14","modified_gmt":"2023-07-30T17:32:14","slug":"seagrams-vo-whisky-0-7l-40","status":"publish","type":"product","link":"https:\/\/whisky.ad\/fr\/produit\/seagrams-vo-whisky-0-7l-40\/","title":{"rendered":"SEAGRAM\u00b4S VO WHISKY 0.7L 40%"},"content":{"rendered":"","protected":false},"excerpt":{"rendered":"<p>Canadian Whisky &#8211; Seagram&#8217;s V.O. Les origines et le nom de Seagram&#8217;s V.O., un whisky renomm\u00e9 produit \u00e0 l&#8217;ancienne distillerie Waterloo de Joseph E. Seagram, restent entour\u00e9s de myst\u00e8re. Selon la tradition familiale, &#8220;V.O.&#8221; signifie &#8220;Very Own&#8221;, car il s&#8217;agissait \u00e0 l&#8217;origine d&#8217;un m\u00e9lange sp\u00e9cial de whisky destin\u00e9 \u00e0 la famille de Joseph E. Seagram. Toutefois, certains soutiennent que les initiales signifient &#8220;Very Old&#8221; (tr\u00e8s vieux), conform\u00e9ment \u00e0 l&#8217;affirmation du distillateur selon laquelle il s&#8217;agissait d&#8217;un m\u00e9lange de whiskies canadiens exceptionnellement \u00e2g\u00e9s. Le Seagram&#8217;s V.O. est un m\u00e9lange classique de whisky canadien, \u00e9labor\u00e9 avec soin \u00e0 partir de spiritueux \u00e2g\u00e9s d&#8217;au moins six ans. L&#8217;histoire se d\u00e9roule au cours d&#8217;une conversation d&#8217;apr\u00e8s-d\u00eener entre les membres de la famille Seagram, qui a abouti \u00e0 la cr\u00e9ation du m\u00e9lange. Les lettres &#8220;VO&#8221; peuvent tr\u00e8s bien repr\u00e9senter &#8220;very own&#8221;, car il s&#8217;agissait en effet de leur m\u00e9lange unique et pr\u00e9cieux. Notes de d\u00e9gustation : Nez : Grains de seigle juteux et \u00e9pic\u00e9s, avec des notes d&#8217;abricot sec, de lemon curd, de ch\u00eane et une d\u00e9licieuse douceur rappelant le grist. Bouche : Une sensation cr\u00e9meuse et \u00e9pic\u00e9e : Une sensation cr\u00e9meuse et \u00e9pic\u00e9e, offrant une exp\u00e9rience moyennement cors\u00e9e avec des notes de miel, de caramel et de caf\u00e9. Une touche subtile de marmelade d&#8217;orange et de pannacotta ajoute \u00e0 sa complexit\u00e9. Finale : La finale est de longueur moyenne, laissant une combinaison satisfaisante d&#8217;\u00e9pices et de douceur.<\/p>\n","protected":false},"featured_media":76966,"comment_status":"open","ping_status":"closed","template":"","meta":{"_acf_changed":false},"product_brand":[],"product_cat":[357,480,562],"product_tag":[],"class_list":{"0":"post-80184","1":"product","2":"type-product","3":"status-publish","4":"has-post-thumbnail","6":"product_cat-whisky-by-brand-fr","7":"product_cat-seagram-fr","8":"product_cat-canada-fr","10":"first","11":"instock","12":"taxable","13":"shipping-taxable","14":"purchasable","15":"product-type-simple"},"acf":[],"aioseo_notices":[],"jetpack_sharing_enabled":true,"_links":{"self":[{"href":"https:\/\/whisky.ad\/fr\/wp-json\/wp\/v2\/product\/80184","targetHints":{"allow":["GET"]}}],"collection":[{"href":"https:\/\/whisky.ad\/fr\/wp-json\/wp\/v2\/product"}],"about":[{"href":"https:\/\/whisky.ad\/fr\/wp-json\/wp\/v2\/types\/product"}],"replies":[{"embeddable":true,"href":"https:\/\/whisky.ad\/fr\/wp-json\/wp\/v2\/comments?post=80184"}],"wp:featuredmedia":[{"embeddable":true,"href":"https:\/\/whisky.ad\/fr\/wp-json\/wp\/v2\/media\/76966"}],"wp:attachment":[{"href":"https:\/\/whisky.ad\/fr\/wp-json\/wp\/v2\/media?parent=80184"}],"wp:term":[{"taxonomy":"product_brand","embeddable":true,"href":"https:\/\/whisky.ad\/fr\/wp-json\/wp\/v2\/product_brand?post=80184"},{"taxonomy":"product_cat","embeddable":true,"href":"https:\/\/whisky.ad\/fr\/wp-json\/wp\/v2\/product_cat?post=80184"},{"taxonomy":"product_tag","embeddable":true,"href":"https:\/\/whisky.ad\/fr\/wp-json\/wp\/v2\/product_tag?post=80184"}],"curies":[{"name":"wp","href":"https:\/\/api.w.org\/{rel}","templated":true}]}}