{"id":80181,"date":"2023-08-03T11:06:57","date_gmt":"2023-08-03T10:06:57","guid":{"rendered":"https:\/\/whisky.ad\/product\/ron-esclavo-gran-reserva-dominican-rum-0-7l-40\/"},"modified":"2023-08-03T11:06:57","modified_gmt":"2023-08-03T10:06:57","slug":"ron-esclavo-gran-reserva-dominican-rum-0-7l-40","status":"publish","type":"product","link":"https:\/\/whisky.ad\/fr\/produit\/ron-esclavo-gran-reserva-dominican-rum-0-7l-40\/","title":{"rendered":"Ron Esclavo Gran Reserva Dominican Rum 0.7l 40%"},"content":{"rendered":"","protected":false},"excerpt":{"rendered":"<p>Gran Reserva &#8211; Ron Esclavo, une gamme exquise de rhums haut de gamme provenant de la R\u00e9publique dominicaine, m\u00e9ticuleusement \u00e9labor\u00e9s par des artisans qualifi\u00e9s \u00e0 partir de produits locaux. L&#8217;ensemble du processus de production, de la fermentation \u00e0 la distillation, a lieu sur cette \u00eele magnifique. Alcoholes Finos Dominicanos, le plus grand producteur d&#8217;alcool de la R\u00e9publique dominicaine, est fier de superviser la cr\u00e9ation de ces rhums exceptionnels, en veillant \u00e0 ce que seules les meilleures cannes \u00e0 sucre de la r\u00e9gion entrent dans la composition du m\u00e9lange. Son engagement envers la communaut\u00e9 offre des possibilit\u00e9s d&#8217;emploi \u00e0 des centaines d&#8217;habitants, ce qui renforce son r\u00f4le important dans la r\u00e9gion. Le nom &#8220;Esclavo&#8221;, qui signifie &#8220;esclave&#8221; en espagnol, rend hommage au contexte historique de la production de rhum, en honorant ceux qui ont endur\u00e9 d&#8217;immenses difficult\u00e9s, ce qui nous a finalement permis de savourer la magnificence de ce remarquable spiritueux aujourd&#8217;hui. En reconnaissant ce pass\u00e9 sombre, nous appr\u00e9cions davantage les progr\u00e8s et les avanc\u00e9es de l&#8217;industrie du rhum. Au nez, Gran Reserva ravit par ses notes d&#8217;abricot luxuriantes, compl\u00e9t\u00e9es par une subtile acidit\u00e9 qui se transforme gracieusement en ar\u00f4mes s\u00e9duisants de sucre brun, de chocolat au lait et de sirop d&#8217;\u00e9rable. En bouche, il est d\u00e9licieusement sucr\u00e9 et pr\u00e9sente de l\u00e9g\u00e8res notes de vanille fra\u00eeche. Son corps l\u00e9ger r\u00e9v\u00e8le des nuances d\u00e9licates de caf\u00e9 et de chocolat noir, ajoutant des couches de profondeur et de complexit\u00e9 \u00e0 ce rhum remarquable. <\/p>\n","protected":false},"featured_media":76984,"comment_status":"open","ping_status":"closed","template":"","meta":{"_acf_changed":false},"product_brand":[],"product_cat":[400,368],"product_tag":[],"class_list":{"0":"post-80181","1":"product","2":"type-product","3":"status-publish","4":"has-post-thumbnail","6":"product_cat-republique-dominicaine","7":"product_cat-rhum-fr","9":"first","10":"instock","11":"taxable","12":"shipping-taxable","13":"purchasable","14":"product-type-simple"},"acf":[],"aioseo_notices":[],"jetpack_sharing_enabled":true,"_links":{"self":[{"href":"https:\/\/whisky.ad\/fr\/wp-json\/wp\/v2\/product\/80181","targetHints":{"allow":["GET"]}}],"collection":[{"href":"https:\/\/whisky.ad\/fr\/wp-json\/wp\/v2\/product"}],"about":[{"href":"https:\/\/whisky.ad\/fr\/wp-json\/wp\/v2\/types\/product"}],"replies":[{"embeddable":true,"href":"https:\/\/whisky.ad\/fr\/wp-json\/wp\/v2\/comments?post=80181"}],"wp:featuredmedia":[{"embeddable":true,"href":"https:\/\/whisky.ad\/fr\/wp-json\/wp\/v2\/media\/76984"}],"wp:attachment":[{"href":"https:\/\/whisky.ad\/fr\/wp-json\/wp\/v2\/media?parent=80181"}],"wp:term":[{"taxonomy":"product_brand","embeddable":true,"href":"https:\/\/whisky.ad\/fr\/wp-json\/wp\/v2\/product_brand?post=80181"},{"taxonomy":"product_cat","embeddable":true,"href":"https:\/\/whisky.ad\/fr\/wp-json\/wp\/v2\/product_cat?post=80181"},{"taxonomy":"product_tag","embeddable":true,"href":"https:\/\/whisky.ad\/fr\/wp-json\/wp\/v2\/product_tag?post=80181"}],"curies":[{"name":"wp","href":"https:\/\/api.w.org\/{rel}","templated":true}]}}