{"id":80131,"date":"2023-08-25T10:02:13","date_gmt":"2023-08-25T09:02:13","guid":{"rendered":"https:\/\/whisky.ad\/product\/glencadam-25-years-old\/"},"modified":"2024-01-08T12:45:49","modified_gmt":"2024-01-08T11:45:49","slug":"glencadam-25-years-old","status":"publish","type":"product","link":"https:\/\/whisky.ad\/fr\/produit\/glencadam-25-years-old\/","title":{"rendered":"Glencadam 25 Years Old (contact us!)"},"content":{"rendered":"","protected":false},"excerpt":{"rendered":"<p>Il a vieilli pendant pas moins d&#8217;un quart de si\u00e8cle dans des f\u00fbts de ch\u00eane am\u00e9ricain ex-bourbon provenant m\u00e9ticuleusement des entrep\u00f4ts de fardage de Glencadam. Rayonnant de gr\u00e2ce, de complexit\u00e9 et d&#8217;\u00e9quilibre impeccable, orn\u00e9 de notes d&#8217;abricot, de p\u00eache et d&#8217;\u00e9pices douces, chaque contenant de Glencadam 25 ans d&#8217;\u00e2ge porte un num\u00e9ro unique, affiche une teneur en alcool de 46 % et reste inalt\u00e9r\u00e9 en termes de couleur ou de texture afin de pr\u00e9server l&#8217;essence compl\u00e8te du whisky.<\/p>\n","protected":false},"featured_media":77149,"comment_status":"open","ping_status":"closed","template":"","meta":{"_acf_changed":false},"product_brand":[],"product_cat":[341,434,317],"product_tag":[],"class_list":{"0":"post-80131","1":"product","2":"type-product","3":"status-publish","4":"has-post-thumbnail","6":"product_cat-rare-de-collection","7":"product_cat-glencadam-fr","8":"product_cat-ecosse","10":"first","11":"instock","12":"taxable","13":"shipping-taxable","14":"product-type-simple"},"acf":[],"aioseo_notices":[],"jetpack_sharing_enabled":true,"_links":{"self":[{"href":"https:\/\/whisky.ad\/fr\/wp-json\/wp\/v2\/product\/80131","targetHints":{"allow":["GET"]}}],"collection":[{"href":"https:\/\/whisky.ad\/fr\/wp-json\/wp\/v2\/product"}],"about":[{"href":"https:\/\/whisky.ad\/fr\/wp-json\/wp\/v2\/types\/product"}],"replies":[{"embeddable":true,"href":"https:\/\/whisky.ad\/fr\/wp-json\/wp\/v2\/comments?post=80131"}],"wp:featuredmedia":[{"embeddable":true,"href":"https:\/\/whisky.ad\/fr\/wp-json\/wp\/v2\/media\/77149"}],"wp:attachment":[{"href":"https:\/\/whisky.ad\/fr\/wp-json\/wp\/v2\/media?parent=80131"}],"wp:term":[{"taxonomy":"product_brand","embeddable":true,"href":"https:\/\/whisky.ad\/fr\/wp-json\/wp\/v2\/product_brand?post=80131"},{"taxonomy":"product_cat","embeddable":true,"href":"https:\/\/whisky.ad\/fr\/wp-json\/wp\/v2\/product_cat?post=80131"},{"taxonomy":"product_tag","embeddable":true,"href":"https:\/\/whisky.ad\/fr\/wp-json\/wp\/v2\/product_tag?post=80131"}],"curies":[{"name":"wp","href":"https:\/\/api.w.org\/{rel}","templated":true}]}}