{"id":80064,"date":"2023-08-28T17:44:22","date_gmt":"2023-08-28T16:44:22","guid":{"rendered":"https:\/\/whisky.ad\/product\/cognac-jules-gautret-1990-0-7l-44-5\/"},"modified":"2023-08-28T17:44:22","modified_gmt":"2023-08-28T16:44:22","slug":"cognac-jules-gautret-1990-0-7l-44-5","status":"publish","type":"product","link":"https:\/\/whisky.ad\/fr\/produit\/cognac-jules-gautret-1990-0-7l-44-5\/","title":{"rendered":"Cognac Jules Gautret 1990 0.7l 44.5%"},"content":{"rendered":"","protected":false},"excerpt":{"rendered":"<div class=\"flex flex-grow flex-col gap-3 max-w-full\">\n<div class=\"min-h-[20px] flex flex-col items-start gap-3 overflow-x-auto whitespace-pre-wrap break-words\">\n<div class=\"markdown prose w-full break-words dark:prose-invert light\">\n<p>Une teinte lumineuse, entre or vieilli et reflets chauds et brillants r\u00e9v\u00e9lateurs de son bel \u00e2ge. Au fur et \u00e0 mesure qu&#8217;il se d\u00e9voile davantage au nez, il d\u00e9voile un bouquet expansif, rehauss\u00e9 d&#8217;une vivacit\u00e9 gracieuse et d&#8217;une intensit\u00e9 peu commune. Une fois r\u00e9pandu sous votre palais, il vous plonge dans son caract\u00e8re gourmand, caract\u00e9ris\u00e9 par des ar\u00f4mes p\u00e2tissiers et d\u00e9licats d&#8217;\u00e9pices, harmonieusement accentu\u00e9s par des notes de clou de girofle. Sa large palette de saveurs s&#8217;inspire du mill\u00e9sime exceptionnel de 1990. Cette \u00e9dition limit\u00e9e s&#8217;\u00e9tend \u00e0 seulement 445 bouteilles. Description : Soigneusement s\u00e9lectionn\u00e9es parmi les eaux-de-vie les plus prestigieuses d\u00e9couvertes par la maison Gautret, notre gamme de Cognacs Mill\u00e9sim\u00e9s met en lumi\u00e8re des caract\u00e9ristiques et des crus d&#8217;exception, r\u00e9v\u00e9lant chacun une facette du savoir-faire ancestral des Ma\u00eetres de Chai tout au long de l&#8217;histoire de la marque. Chaque s\u00e9rie est disponible dans une \u00e9dition strictement limit\u00e9e et num\u00e9rot\u00e9e, mise en bouteille au titre optimal pour le mill\u00e9sime concern\u00e9. Chaque Cognac Vintage est m\u00e9ticuleusement emball\u00e9 \u00e0 la main dans la bouteille embl\u00e9matique de la marque : un verre \u00ab cogna\u00e7aise \u00bb extra-blanc substantiel avec un gaufrage profond, orn\u00e9 d&#8217;un m\u00e9daillon en verre et du logo Jules Gautret. Ces bouteilles sont rehauss\u00e9es d&#8217;une s\u00e9rigraphie dor\u00e9e sur des motifs fluides et d&#8217;une \u00e9tiquette num\u00e9rot\u00e9e unique sur du papier fortement textur\u00e9, repr\u00e9sentant le mill\u00e9sime en relief dor\u00e9 en relief. L&#8217;\u00e9tanch\u00e9it\u00e9 est assur\u00e9e par un li\u00e8ge premium et une cire appliqu\u00e9e manuellement. Ces produits d&#8217;exception sont pr\u00e9sent\u00e9s dans un coffret en bois robuste (10 mm d&#8217;\u00e9paisseur), recouvert de couches de laque pour pr\u00e9server et rehausser son aspect d&#8217;un \u00e9clat profond. L&#8217;int\u00e9rieur est doubl\u00e9 de mousse haute densit\u00e9 recouverte de tissu noir, qui comprend \u00e9galement un capuchon en bois personnalis\u00e9 aux couleurs de la marque, con\u00e7u pour \u00eatre utilis\u00e9 une fois le produit ouvert, ajoutant au plaisir de son propri\u00e9taire.<\/p>\n<\/div>\n<\/div>\n<\/div>\n","protected":false},"featured_media":77398,"comment_status":"open","ping_status":"closed","template":"","meta":{"_acf_changed":false},"product_brand":[],"product_cat":[342,347,394],"product_tag":[],"class_list":{"0":"post-80064","1":"product","2":"type-product","3":"status-publish","4":"has-post-thumbnail","6":"product_cat-cognac-armagnac-brandy-fr-2","7":"product_cat-spirits-fr","8":"product_cat-en-vedette","10":"first","11":"instock","12":"sale","13":"featured","14":"taxable","15":"shipping-taxable","16":"purchasable","17":"product-type-simple"},"acf":[],"aioseo_notices":[],"jetpack_sharing_enabled":true,"_links":{"self":[{"href":"https:\/\/whisky.ad\/fr\/wp-json\/wp\/v2\/product\/80064","targetHints":{"allow":["GET"]}}],"collection":[{"href":"https:\/\/whisky.ad\/fr\/wp-json\/wp\/v2\/product"}],"about":[{"href":"https:\/\/whisky.ad\/fr\/wp-json\/wp\/v2\/types\/product"}],"replies":[{"embeddable":true,"href":"https:\/\/whisky.ad\/fr\/wp-json\/wp\/v2\/comments?post=80064"}],"wp:featuredmedia":[{"embeddable":true,"href":"https:\/\/whisky.ad\/fr\/wp-json\/wp\/v2\/media\/77398"}],"wp:attachment":[{"href":"https:\/\/whisky.ad\/fr\/wp-json\/wp\/v2\/media?parent=80064"}],"wp:term":[{"taxonomy":"product_brand","embeddable":true,"href":"https:\/\/whisky.ad\/fr\/wp-json\/wp\/v2\/product_brand?post=80064"},{"taxonomy":"product_cat","embeddable":true,"href":"https:\/\/whisky.ad\/fr\/wp-json\/wp\/v2\/product_cat?post=80064"},{"taxonomy":"product_tag","embeddable":true,"href":"https:\/\/whisky.ad\/fr\/wp-json\/wp\/v2\/product_tag?post=80064"}],"curies":[{"name":"wp","href":"https:\/\/api.w.org\/{rel}","templated":true}]}}