{"id":80062,"date":"2023-08-29T18:28:11","date_gmt":"2023-08-29T17:28:11","guid":{"rendered":"https:\/\/whisky.ad\/product\/armagnac-delord-bas-armagnac-25yo-wooden-box-0-7l-40\/"},"modified":"2023-08-29T18:28:11","modified_gmt":"2023-08-29T17:28:11","slug":"armagnac-delord-bas-armagnac-25yo-wooden-box-0-7l-40","status":"publish","type":"product","link":"https:\/\/whisky.ad\/fr\/produit\/armagnac-delord-bas-armagnac-25yo-wooden-box-0-7l-40\/","title":{"rendered":"Armagnac Delord Bas Armagnac 25yo wooden box 0.7l 40%"},"content":{"rendered":"","protected":false},"excerpt":{"rendered":"<div class=\"flex flex-grow flex-col gap-3 max-w-full\">\n<div class=\"min-h-[20px] flex flex-col items-start gap-3 overflow-x-auto whitespace-pre-wrap break-words\">\n<div class=\"markdown prose w-full break-words dark:prose-invert light\">\n<p>L&#8217;histoire de l&#8217;Armagnac Delord d\u00e9bute en 1893. La maison est actuellement dirig\u00e9e par Sylvain et J\u00e9r\u00f4me, deux fr\u00e8res qui repr\u00e9sentent la quatri\u00e8me g\u00e9n\u00e9ration de cet \u00e9tablissement familial. Le vignoble est situ\u00e9 sur la commune de Lannepax. Il s&#8217;\u00e9tend sur 42 hectares r\u00e9partis en 11 parcelles. Il est constitu\u00e9 des quatre c\u00e9pages traditionnels de l&#8217;Armagnac : Ugni Blanc 56%, Colombard 24%, Baco 14% et Folle-blanche 6%. La Maison Delord est l&#8217;une des rares maisons d&#8217;Armagnac \u00e0 utiliser les deux m\u00e9thodes de distillation, la distillation continue typique de l&#8217;Armagnac et la distillation \u00e0 double chauffe. Les \u00e9tiquettes manuscrites, les cols et les sceaux de cire sont la marque de fabrique des Armagnacs Delord dans le monde entier. ARMAGNAC DELORD BAS ARMAGNAC 25 ANS BO\u00ceTE EN BOIS AOC &#8211; Bas-Armagnac Couleur : Ambre Mill\u00e9sime : Non-Vintage Volume : 70cl Type de bouteille : Spiritueux Classification : AOC Appellation : Bas-Armagnac Accords avec les mets : Ap\u00e9ritifs, Desserts R\u00e9gions : Autres r\u00e9gions Pourcentage d&#8217;alcool : 40% vol D\u00e9gustation OBSERVATION : Robe ambr\u00e9e intense. NEZ : Tr\u00e8s aromatique avec des notes d&#8217;\u00e9pices douces, de vanille et de pain d&#8217;\u00e9pices. BOUCHE : Tr\u00e8s gourmande, elle met en valeur les \u00e9pices, les noix et le beurre. <\/p>\n<\/div>\n<\/div>\n<\/div>\n","protected":false},"featured_media":77503,"comment_status":"open","ping_status":"closed","template":"","meta":{"_acf_changed":false},"product_brand":[],"product_cat":[342,347],"product_tag":[],"class_list":{"0":"post-80062","1":"product","2":"type-product","3":"status-publish","4":"has-post-thumbnail","6":"product_cat-cognac-armagnac-brandy-fr-2","7":"product_cat-spirits-fr","9":"first","10":"outofstock","11":"taxable","12":"shipping-taxable","13":"product-type-simple"},"acf":[],"aioseo_notices":[],"jetpack_sharing_enabled":true,"_links":{"self":[{"href":"https:\/\/whisky.ad\/fr\/wp-json\/wp\/v2\/product\/80062","targetHints":{"allow":["GET"]}}],"collection":[{"href":"https:\/\/whisky.ad\/fr\/wp-json\/wp\/v2\/product"}],"about":[{"href":"https:\/\/whisky.ad\/fr\/wp-json\/wp\/v2\/types\/product"}],"replies":[{"embeddable":true,"href":"https:\/\/whisky.ad\/fr\/wp-json\/wp\/v2\/comments?post=80062"}],"wp:featuredmedia":[{"embeddable":true,"href":"https:\/\/whisky.ad\/fr\/wp-json\/wp\/v2\/media\/77503"}],"wp:attachment":[{"href":"https:\/\/whisky.ad\/fr\/wp-json\/wp\/v2\/media?parent=80062"}],"wp:term":[{"taxonomy":"product_brand","embeddable":true,"href":"https:\/\/whisky.ad\/fr\/wp-json\/wp\/v2\/product_brand?post=80062"},{"taxonomy":"product_cat","embeddable":true,"href":"https:\/\/whisky.ad\/fr\/wp-json\/wp\/v2\/product_cat?post=80062"},{"taxonomy":"product_tag","embeddable":true,"href":"https:\/\/whisky.ad\/fr\/wp-json\/wp\/v2\/product_tag?post=80062"}],"curies":[{"name":"wp","href":"https:\/\/api.w.org\/{rel}","templated":true}]}}