{"id":80056,"date":"2023-08-30T19:49:48","date_gmt":"2023-08-30T18:49:48","guid":{"rendered":"https:\/\/whisky.ad\/product\/glen-scotia-victoriana-single-malt-cask-strenght-0-7l-542\/"},"modified":"2023-08-30T19:49:48","modified_gmt":"2023-08-30T18:49:48","slug":"glen-scotia-victoriana-single-malt-cask-strenght-0-7l-542","status":"publish","type":"product","link":"https:\/\/whisky.ad\/fr\/produit\/glen-scotia-victoriana-single-malt-cask-strenght-0-7l-542\/","title":{"rendered":"Glen Scotia Victoriana Single Malt Cask Strenght 0.7l 54,2%"},"content":{"rendered":"","protected":false},"excerpt":{"rendered":"<div class=\"flex flex-grow flex-col gap-3 max-w-full\">\n<div class=\"min-h-[20px] flex flex-col items-start gap-3 overflow-x-auto whitespace-pre-wrap break-words\">\n<div class=\"markdown prose w-full break-words dark:prose-invert light\">\n<p>Victoriana pr\u00e9sente une interpr\u00e9tation contemporaine du whisky de malt Campbeltown de style victorien intemporel Cette expression est une porte d&#8217;entr\u00e9e exquise vers l&#8217;essence classique de Glen Scotia, promettant \u00e0 la fois des r\u00e9v\u00e9lations inattendues et une exp\u00e9rience gratifiante pour les amateurs de whisky curieux comme pour les connaisseurs chevronn\u00e9s. Les origines de Glen Scotia remontent \u00e0 un endroit unique &#8211; une ville pittoresque de la c\u00f4te ouest de l&#8217;\u00c9cosse qui allait devenir la &#8220;capitale mondiale du whisky victorien&#8221;. Les habitants de Campbeltown se distinguent par leur constance et leur fiert\u00e9, qualit\u00e9s qui se refl\u00e8tent dans notre whisky, lequel nous a perp\u00e9tuellement soud\u00e9s en temps de n\u00e9cessit\u00e9. Apr\u00e8s la chute d&#8217;une trentaine de distilleries locales, Glen Scotia a r\u00e9sist\u00e9 \u00e0 tous les obstacles. Aujourd&#8217;hui, il t\u00e9moigne \u00e0 la fois de l&#8217;esprit de la communaut\u00e9 qui d\u00e9finit Campbeltown et de la r\u00e9silience qui la soutient. Notes de d\u00e9gustation : AROME Des notes \u00e9vocatrices de cr\u00e8me br\u00fbl\u00e9e, de sucre fondu, de fruits caram\u00e9lis\u00e9s et la pr\u00e9sence enveloppante du ch\u00eane. BOUCHE Un jeu enchanteur de sucres torr\u00e9fi\u00e9s, l&#8217;essence succulente du cassis et une danse d&#8217;\u00e9pices. FINALE Une finale harmonieuse qui se d\u00e9ploie sur des nuances de cacao, de chocolat noir velout\u00e9 et sur la richesse subtile des fruits noirs. REF : <a href=\"https:\/\/www.whiskybase.com\/whiskies\/whisky\/223286\/glen-scotia-victoriana\">WHISKYBASE<\/a><\/p>\n<\/div>\n<\/div>\n<\/div>\n","protected":false},"featured_media":77533,"comment_status":"open","ping_status":"closed","template":"","meta":{"_acf_changed":false},"product_brand":[],"product_cat":[317,357,394,431],"product_tag":[],"class_list":{"0":"post-80056","1":"product","2":"type-product","3":"status-publish","4":"has-post-thumbnail","6":"product_cat-ecosse","7":"product_cat-whisky-by-brand-fr","8":"product_cat-en-vedette","9":"product_cat-glen-scotia-fr","11":"first","12":"instock","13":"sale","14":"featured","15":"taxable","16":"shipping-taxable","17":"purchasable","18":"product-type-simple"},"acf":[],"aioseo_notices":[],"jetpack_sharing_enabled":true,"_links":{"self":[{"href":"https:\/\/whisky.ad\/fr\/wp-json\/wp\/v2\/product\/80056","targetHints":{"allow":["GET"]}}],"collection":[{"href":"https:\/\/whisky.ad\/fr\/wp-json\/wp\/v2\/product"}],"about":[{"href":"https:\/\/whisky.ad\/fr\/wp-json\/wp\/v2\/types\/product"}],"replies":[{"embeddable":true,"href":"https:\/\/whisky.ad\/fr\/wp-json\/wp\/v2\/comments?post=80056"}],"wp:featuredmedia":[{"embeddable":true,"href":"https:\/\/whisky.ad\/fr\/wp-json\/wp\/v2\/media\/77533"}],"wp:attachment":[{"href":"https:\/\/whisky.ad\/fr\/wp-json\/wp\/v2\/media?parent=80056"}],"wp:term":[{"taxonomy":"product_brand","embeddable":true,"href":"https:\/\/whisky.ad\/fr\/wp-json\/wp\/v2\/product_brand?post=80056"},{"taxonomy":"product_cat","embeddable":true,"href":"https:\/\/whisky.ad\/fr\/wp-json\/wp\/v2\/product_cat?post=80056"},{"taxonomy":"product_tag","embeddable":true,"href":"https:\/\/whisky.ad\/fr\/wp-json\/wp\/v2\/product_tag?post=80056"}],"curies":[{"name":"wp","href":"https:\/\/api.w.org\/{rel}","templated":true}]}}