{"id":80052,"date":"2023-08-30T20:16:48","date_gmt":"2023-08-30T19:16:48","guid":{"rendered":"https:\/\/whisky.ad\/product\/loch-lomond-clansman-blended-whisky-1l-43\/"},"modified":"2023-08-30T20:16:48","modified_gmt":"2023-08-30T19:16:48","slug":"loch-lomond-clansman-blended-whisky-1l-43","status":"publish","type":"product","link":"https:\/\/whisky.ad\/fr\/produit\/loch-lomond-clansman-blended-whisky-1l-43\/","title":{"rendered":"Loch Lomond Clansman Blended Whisky 1L. 43%"},"content":{"rendered":"","protected":false},"excerpt":{"rendered":"<div class=\"flex flex-grow flex-col gap-3 max-w-full\">\n<div class=\"min-h-[20px] flex flex-col items-start gap-3 overflow-x-auto whitespace-pre-wrap break-words\">\n<div class=\"markdown prose w-full break-words dark:prose-invert light\">\n<p>Clansman incarne l&#8217;essence m\u00eame de l&#8217;\u00c9cosse dans ce whisky exceptionnel<\/p>\n<p>\u00c9labor\u00e9 \u00e0 partir d&#8217;un mariage harmonieux de nos whiskies de grain et de malt les plus exquis, m\u00fbri \u00e0 la perfection dans des f\u00fbts de ch\u00eane. Ce whisky, qui se distingue par sa texture velout\u00e9e et son caract\u00e8re accessible, d\u00e9voile des notes subtiles de fruits d\u00e9licats et de douceur vanill\u00e9e.<\/p>\n<\/div>\n<\/div>\n<\/div>\n","protected":false},"featured_media":77542,"comment_status":"open","ping_status":"closed","template":"","meta":{"_acf_changed":false},"product_brand":[],"product_cat":[317,357,453],"product_tag":[],"class_list":{"0":"post-80052","1":"product","2":"type-product","3":"status-publish","4":"has-post-thumbnail","6":"product_cat-ecosse","7":"product_cat-whisky-by-brand-fr","8":"product_cat-loch-lomond-fr","10":"first","11":"instock","12":"taxable","13":"shipping-taxable","14":"purchasable","15":"product-type-simple"},"acf":[],"aioseo_notices":[],"jetpack_sharing_enabled":true,"_links":{"self":[{"href":"https:\/\/whisky.ad\/fr\/wp-json\/wp\/v2\/product\/80052","targetHints":{"allow":["GET"]}}],"collection":[{"href":"https:\/\/whisky.ad\/fr\/wp-json\/wp\/v2\/product"}],"about":[{"href":"https:\/\/whisky.ad\/fr\/wp-json\/wp\/v2\/types\/product"}],"replies":[{"embeddable":true,"href":"https:\/\/whisky.ad\/fr\/wp-json\/wp\/v2\/comments?post=80052"}],"wp:featuredmedia":[{"embeddable":true,"href":"https:\/\/whisky.ad\/fr\/wp-json\/wp\/v2\/media\/77542"}],"wp:attachment":[{"href":"https:\/\/whisky.ad\/fr\/wp-json\/wp\/v2\/media?parent=80052"}],"wp:term":[{"taxonomy":"product_brand","embeddable":true,"href":"https:\/\/whisky.ad\/fr\/wp-json\/wp\/v2\/product_brand?post=80052"},{"taxonomy":"product_cat","embeddable":true,"href":"https:\/\/whisky.ad\/fr\/wp-json\/wp\/v2\/product_cat?post=80052"},{"taxonomy":"product_tag","embeddable":true,"href":"https:\/\/whisky.ad\/fr\/wp-json\/wp\/v2\/product_tag?post=80052"}],"curies":[{"name":"wp","href":"https:\/\/api.w.org\/{rel}","templated":true}]}}