{"id":79986,"date":"2023-11-23T13:54:39","date_gmt":"2023-11-23T12:54:39","guid":{"rendered":"https:\/\/whisky.ad\/product\/bladnoch-single-malt-14-yo-46-7-0-7l\/"},"modified":"2023-11-23T13:54:39","modified_gmt":"2023-11-23T12:54:39","slug":"bladnoch-single-malt-14-yo-46-7-0-7l","status":"publish","type":"product","link":"https:\/\/whisky.ad\/fr\/produit\/bladnoch-single-malt-14-yo-46-7-0-7l\/","title":{"rendered":"Bladnoch Single Malt 14 YO 46.7% 0.7L"},"content":{"rendered":"","protected":false},"excerpt":{"rendered":"<div class=\"flex flex-grow flex-col max-w-full gap-3 gizmo:gap-0\">\n<div class=\"min-h-[20px] text-message flex flex-col items-start gap-3 whitespace-pre-wrap break-words [.text-message+&amp;]:mt-5 overflow-x-auto\" data-message-author-role=\"assistant\" data-message-id=\"600f0389-03a0-4387-8cb1-1d3ccade6cd4\">\n<div class=\"markdown prose w-full break-words dark:prose-invert dark\">\n<p><strong>Bladnoch Single Malt 14 YO, Olorosso Sherry Cask, 2023 release<\/strong><\/p>\n<p>Bladnoch est la plus ancienne distillerie priv\u00e9e de whisky \u00e9cossais au monde, dont l&#8217;h\u00e9ritage se perp\u00e9tue sans interruption depuis 1817. Le riche h\u00e9ritage de Bladnoch remonte \u00e0 John et Thomas McClelland, qui ont obtenu la licence de distiller du whisky dans leur ferme de Bladnoch, dans les Lowlands \u00e9cossaises. Pendant pr\u00e8s d&#8217;un si\u00e8cle, les g\u00e9n\u00e9rations successives de McClelland ont entretenu et modernis\u00e9 la distillerie. \u00c0 son apog\u00e9e, le site comptait six washbacks et une production annuelle d&#8217;environ 230 000 litres d&#8217;alcool, consolidant ainsi sa stature de &#8220;Reine des Lowlands&#8221;. <strong>NICK SAVAGE<\/strong> <em>THE MASTER DISTILLER<\/em> Le Dr Nick Savage a pris ses fonctions de ma\u00eetre distillateur \u00e0 la distillerie Bladnoch en 2019, arrivant de The Macallan avec un bagage impressionnant. Ayant pass\u00e9 quatre ans en Australie pour effectuer son doctorat, Nick conserve un lien profond avec les racines \u00e9cossaises et australiennes de Bladnoch Distillery. Tout au long de sa carri\u00e8re, la qu\u00eate incessante de la perfection de Nick l&#8217;a positionn\u00e9 comme une sommit\u00e9 du secteur, garantissant l&#8217;excellence continue des Single Malts de Bladnoch. &#8220;L&#8217;engagement in\u00e9branlable de l&#8217;\u00e9quipe de Bladnoch en faveur d&#8217;une qualit\u00e9 in\u00e9gal\u00e9e me rend incroyablement enthousiaste \u00e0 l&#8217;id\u00e9e de contribuer \u00e0 l&#8217;avenir extraordinaire de la distillerie Bladnoch&#8221;.<\/p>\n<p>L&#8217;\u00e9dition 2023 de Bladnoch du whisky de 14 ans d&#8217;\u00e2ge est vieillie exclusivement dans des f\u00fbts de Sherry Oloroso, m\u00e9ticuleusement s\u00e9lectionn\u00e9s par le ma\u00eetre distillateur Dr Nick Savage Cette expression raffin\u00e9e pr\u00e9sente un profil luxueux, r\u00e9v\u00e9lant des nuances de g\u00e2teau aux fruits, de chocolat noir et de cannelle d\u00e9licatement sucr\u00e9e en bouche.<\/p>\n<p>Reconnue comme le vainqueur de la cat\u00e9gorie lors des 2021 World Whiskies Awards, cette \u00e9dition offre une exp\u00e9rience de d\u00e9gustation caract\u00e9ris\u00e9e par:<\/p>\n<p><strong>NOTES DE D\u00c9GUSTATION<\/strong><\/p>\n<ul>\n<li>\u00c9pices douces, fruits s\u00e9ch\u00e9s, riche<\/li>\n<\/ul>\n<p><strong>COULEUR<\/strong><\/p>\n<ul>\n<li>Coucher de soleil en bronze<\/li>\n<\/ul>\n<p><strong>NEZ<\/strong><\/p>\n<ul>\n<li>\u00c9pices bois\u00e9es aromatiques, raisins secs opulents et raisins secs compl\u00e9t\u00e9s par des notes d&#8217;\u00e9corce d&#8217;orange et de chocolat<\/li>\n<\/ul>\n<p><strong>PALAIS<\/strong><\/p>\n<ul>\n<li>Des notes indulgentes de raisins secs, de fruits s\u00e9ch\u00e9s et de g\u00e2teau aux fruits succulent, entrelac\u00e9es de cannelle douce et de chocolat<\/li>\n<\/ul>\n<p><strong>FINIT<\/strong><\/p>\n<ul>\n<li>Une finale somptueusement riche et persistante avec une subtile s\u00e9cheresse<\/li>\n<\/ul>\n<\/div>\n<\/div>\n<\/div>\n","protected":false},"featured_media":77707,"comment_status":"open","ping_status":"closed","template":"","meta":{"_acf_changed":false},"product_brand":[],"product_cat":[318,629,317],"product_tag":[],"class_list":{"0":"post-79986","1":"product","2":"type-product","3":"status-publish","4":"has-post-thumbnail","6":"product_cat-bladnoch-fr","7":"product_cat-lowland-fr","8":"product_cat-ecosse","10":"first","11":"instock","12":"purchasable","13":"product-type-simple"},"acf":[],"aioseo_notices":[],"jetpack_sharing_enabled":true,"_links":{"self":[{"href":"https:\/\/whisky.ad\/fr\/wp-json\/wp\/v2\/product\/79986","targetHints":{"allow":["GET"]}}],"collection":[{"href":"https:\/\/whisky.ad\/fr\/wp-json\/wp\/v2\/product"}],"about":[{"href":"https:\/\/whisky.ad\/fr\/wp-json\/wp\/v2\/types\/product"}],"replies":[{"embeddable":true,"href":"https:\/\/whisky.ad\/fr\/wp-json\/wp\/v2\/comments?post=79986"}],"wp:featuredmedia":[{"embeddable":true,"href":"https:\/\/whisky.ad\/fr\/wp-json\/wp\/v2\/media\/77707"}],"wp:attachment":[{"href":"https:\/\/whisky.ad\/fr\/wp-json\/wp\/v2\/media?parent=79986"}],"wp:term":[{"taxonomy":"product_brand","embeddable":true,"href":"https:\/\/whisky.ad\/fr\/wp-json\/wp\/v2\/product_brand?post=79986"},{"taxonomy":"product_cat","embeddable":true,"href":"https:\/\/whisky.ad\/fr\/wp-json\/wp\/v2\/product_cat?post=79986"},{"taxonomy":"product_tag","embeddable":true,"href":"https:\/\/whisky.ad\/fr\/wp-json\/wp\/v2\/product_tag?post=79986"}],"curies":[{"name":"wp","href":"https:\/\/api.w.org\/{rel}","templated":true}]}}