{"id":79983,"date":"2023-11-23T15:10:11","date_gmt":"2023-11-23T14:10:11","guid":{"rendered":"https:\/\/whisky.ad\/product\/bladnoch-single-malt-alinta-47-0-7l\/"},"modified":"2024-01-05T15:07:23","modified_gmt":"2024-01-05T14:07:23","slug":"bladnoch-single-malt-alinta-47-0-7l","status":"publish","type":"product","link":"https:\/\/whisky.ad\/fr\/produit\/bladnoch-single-malt-alinta-47-0-7l\/","title":{"rendered":"Bladnoch Single Malt Alinta 47% 0.7l"},"content":{"rendered":"","protected":false},"excerpt":{"rendered":"<p><strong>Bladnoch Single Malt Alinta 47% 0.7l. , PX Sherry and Bourbon Casks<\/strong><\/p>\n<p>Bladnoch est la plus ancienne distillerie priv\u00e9e de whisky \u00e9cossais au monde, dont l&#8217;h\u00e9ritage se perp\u00e9tue sans interruption depuis 1817. Le riche h\u00e9ritage de Bladnoch remonte \u00e0 John et Thomas McClelland, qui ont obtenu la licence de distiller du whisky dans leur ferme de Bladnoch, dans les Lowlands \u00e9cossaises. Pendant pr\u00e8s d&#8217;un si\u00e8cle, les g\u00e9n\u00e9rations successives de McClelland ont entretenu et modernis\u00e9 la distillerie. \u00c0 son apog\u00e9e, le site comptait six washbacks et une production annuelle d&#8217;environ 230 000 litres d&#8217;alcool, consolidant ainsi sa stature de &#8220;Reine des Lowlands&#8221;. <strong>NICK SAVAGE<\/strong> <em>THE MASTER DISTILLER<\/em> Le Dr Nick Savage a pris ses fonctions de ma\u00eetre distillateur \u00e0 la distillerie Bladnoch en 2019, arrivant de The Macallan avec un bagage impressionnant. Ayant pass\u00e9 quatre ans en Australie pour effectuer son doctorat, Nick conserve un lien profond avec les racines \u00e9cossaises et australiennes de Bladnoch Distillery. Tout au long de sa carri\u00e8re, la qu\u00eate incessante de la perfection de Nick l&#8217;a positionn\u00e9 comme une sommit\u00e9 du secteur, garantissant l&#8217;excellence continue des Single Malts de Bladnoch. &#8220;L&#8217;engagement in\u00e9branlable de l&#8217;\u00e9quipe de Bladnoch en faveur d&#8217;une qualit\u00e9 in\u00e9gal\u00e9e me rend incroyablement enthousiaste \u00e0 l&#8217;id\u00e9e de contribuer \u00e0 l&#8217;avenir extraordinaire de la distillerie Bladnoch&#8221;.<\/p>\n<div class=\"flex flex-grow flex-col max-w-full gap-3 gizmo:gap-0\">\n<div class=\"min-h-[20px] text-message flex flex-col items-start gap-3 whitespace-pre-wrap break-words [.text-message+&amp;]:mt-5 overflow-x-auto\" data-message-author-role=\"assistant\" data-message-id=\"d22a31dd-673f-4d90-989c-79b2c5d75278\">\n<div class=\"markdown prose w-full break-words dark:prose-invert dark\">\n<p>Alinta&#8221;, qui puise ses racines dans les langues indig\u00e8nes australiennes repr\u00e9sentant le &#8220;feu&#8221; et les &#8220;flammes&#8221;, renferme l&#8217;essence des &#8220;Campfire Embers&#8221; (braises de feu de camp) \u00e0 chaque gorg\u00e9e. Cette expression distinctive associe des f\u00fbts de sherry PX et des f\u00fbts de bourbon ex-bourbon \u00e0 un spiritueux tourb\u00e9 doux et fum\u00e9, ce qui fait d&#8217;Alinta un produit unique qui se d\u00e9marque des pr\u00e9c\u00e9dents produits de Bladnoch. Faites l&#8217;exp\u00e9rience du voyage \u00e0 travers :<\/p>\n<p><strong>NOTES DE D\u00c9GUSTATION<\/strong><\/p>\n<ul>\n<li>Feu de camp, fleurs, douceur<\/li>\n<\/ul>\n<p><strong>COULEUR<\/strong><\/p>\n<ul>\n<li>Des teintes cuivr\u00e9es resplendissantes<\/li>\n<\/ul>\n<p><strong>NEZ<\/strong><\/p>\n<ul>\n<li>Des ar\u00f4mes rappelant la cr\u00e8me glac\u00e9e fum\u00e9e, des tons floraux d\u00e9licats et la douceur du ch\u00eane<\/li>\n<\/ul>\n<p><strong>PALAIS<\/strong><\/p>\n<ul>\n<li>D\u00e9voile des saveurs de fum\u00e9e de feu de camp, compl\u00e9t\u00e9es par des amandes et des raisins secs, le tout envelopp\u00e9 dans un corps de chocolat blanc<\/li>\n<\/ul>\n<p><strong>FINIT<\/strong><\/p>\n<ul>\n<li>Une finale persistante et durable caract\u00e9ris\u00e9e par une d\u00e9licieuse fum\u00e9e douce<\/li>\n<\/ul>\n<\/div>\n<\/div>\n<\/div>\n<div class=\"flex justify-between empty:hidden gizmo:mt-1 gizmo:justify-start gizmo:gap-3 lg:block gizmo:lg:flex\">\n<div class=\"text-gray-400 flex self-end lg:self-center justify-center gizmo:lg:justify-start mt-2 gizmo:mt-0 visible gap-1\"><\/div>\n<\/div>\n","protected":false},"featured_media":77737,"comment_status":"open","ping_status":"closed","template":"","meta":{"_acf_changed":false},"product_brand":[],"product_cat":[317,318,629],"product_tag":[],"class_list":{"0":"post-79983","1":"product","2":"type-product","3":"status-publish","4":"has-post-thumbnail","6":"product_cat-ecosse","7":"product_cat-bladnoch-fr","8":"product_cat-lowland-fr","10":"first","11":"instock","12":"purchasable","13":"product-type-simple"},"acf":[],"aioseo_notices":[],"jetpack_sharing_enabled":true,"_links":{"self":[{"href":"https:\/\/whisky.ad\/fr\/wp-json\/wp\/v2\/product\/79983","targetHints":{"allow":["GET"]}}],"collection":[{"href":"https:\/\/whisky.ad\/fr\/wp-json\/wp\/v2\/product"}],"about":[{"href":"https:\/\/whisky.ad\/fr\/wp-json\/wp\/v2\/types\/product"}],"replies":[{"embeddable":true,"href":"https:\/\/whisky.ad\/fr\/wp-json\/wp\/v2\/comments?post=79983"}],"wp:featuredmedia":[{"embeddable":true,"href":"https:\/\/whisky.ad\/fr\/wp-json\/wp\/v2\/media\/77737"}],"wp:attachment":[{"href":"https:\/\/whisky.ad\/fr\/wp-json\/wp\/v2\/media?parent=79983"}],"wp:term":[{"taxonomy":"product_brand","embeddable":true,"href":"https:\/\/whisky.ad\/fr\/wp-json\/wp\/v2\/product_brand?post=79983"},{"taxonomy":"product_cat","embeddable":true,"href":"https:\/\/whisky.ad\/fr\/wp-json\/wp\/v2\/product_cat?post=79983"},{"taxonomy":"product_tag","embeddable":true,"href":"https:\/\/whisky.ad\/fr\/wp-json\/wp\/v2\/product_tag?post=79983"}],"curies":[{"name":"wp","href":"https:\/\/api.w.org\/{rel}","templated":true}]}}