{"id":79980,"date":"2023-12-06T13:18:49","date_gmt":"2023-12-06T12:18:49","guid":{"rendered":"https:\/\/whisky.ad\/product\/fireball-cinnamon-whisky-0-7l-33\/"},"modified":"2023-12-06T13:18:49","modified_gmt":"2023-12-06T12:18:49","slug":"fireball-cinnamon-whisky-0-7l-33","status":"publish","type":"product","link":"https:\/\/whisky.ad\/fr\/produit\/fireball-cinnamon-whisky-0-7l-33\/","title":{"rendered":"Fireball Cinnamon Whisky 0.7l 33%"},"content":{"rendered":"","protected":false},"excerpt":{"rendered":"<p><strong>Fireball Cinnamon Whisky 0.7l 33%<\/strong><\/p>\n<p>Le Fireball Cinnamon Whisky, \u00e9labor\u00e9 par la Sazerac Company, est un m\u00e9lange de whisky canadien et de cannelle, embouteill\u00e9 \u00e0 33% d&#8217;alcool Reconnue comme l&#8217;une des marques les plus importantes dans le monde du whisky, Fireball occupe une place de choix parmi les \u00e9tiquettes les plus vendues dans le domaine du whisky<\/p>\n<p><a href=\"https:\/\/www.fireballwhisky.com\/\">Fireball Cinnamon Whisky (fireballwhisky.com)<\/a><\/p>\n","protected":false},"featured_media":78539,"comment_status":"open","ping_status":"closed","template":"","meta":{"_acf_changed":false},"product_brand":[],"product_cat":[424],"product_tag":[],"class_list":{"0":"post-79980","1":"product","2":"type-product","3":"status-publish","4":"has-post-thumbnail","6":"product_cat-liqueur-fr","8":"first","9":"instock","10":"taxable","11":"shipping-taxable","12":"purchasable","13":"product-type-simple"},"acf":[],"aioseo_notices":[],"jetpack_sharing_enabled":true,"_links":{"self":[{"href":"https:\/\/whisky.ad\/fr\/wp-json\/wp\/v2\/product\/79980","targetHints":{"allow":["GET"]}}],"collection":[{"href":"https:\/\/whisky.ad\/fr\/wp-json\/wp\/v2\/product"}],"about":[{"href":"https:\/\/whisky.ad\/fr\/wp-json\/wp\/v2\/types\/product"}],"replies":[{"embeddable":true,"href":"https:\/\/whisky.ad\/fr\/wp-json\/wp\/v2\/comments?post=79980"}],"wp:featuredmedia":[{"embeddable":true,"href":"https:\/\/whisky.ad\/fr\/wp-json\/wp\/v2\/media\/78539"}],"wp:attachment":[{"href":"https:\/\/whisky.ad\/fr\/wp-json\/wp\/v2\/media?parent=79980"}],"wp:term":[{"taxonomy":"product_brand","embeddable":true,"href":"https:\/\/whisky.ad\/fr\/wp-json\/wp\/v2\/product_brand?post=79980"},{"taxonomy":"product_cat","embeddable":true,"href":"https:\/\/whisky.ad\/fr\/wp-json\/wp\/v2\/product_cat?post=79980"},{"taxonomy":"product_tag","embeddable":true,"href":"https:\/\/whisky.ad\/fr\/wp-json\/wp\/v2\/product_tag?post=79980"}],"curies":[{"name":"wp","href":"https:\/\/api.w.org\/{rel}","templated":true}]}}