{"id":79977,"date":"2023-12-09T15:29:33","date_gmt":"2023-12-09T14:29:33","guid":{"rendered":"https:\/\/whisky.ad\/product\/bladnoch-the-samhla-collection-the-mcclelland\/"},"modified":"2023-12-09T15:29:33","modified_gmt":"2023-12-09T14:29:33","slug":"bladnoch-the-samhla-collection-the-mcclelland","status":"publish","type":"product","link":"https:\/\/whisky.ad\/fr\/produit\/bladnoch-the-samhla-collection-the-mcclelland\/","title":{"rendered":"Bladnoch the Samhla Collection: The McClelland"},"content":{"rendered":"","protected":false},"excerpt":{"rendered":"<div class=\"simple-text\">\n<h5>Prix et disponibilit\u00e9 sur demande<\/h5>\n<p>https:\/\/whisky.ad\/contact\/ Ce whisky exceptionnel, distill\u00e9 le 14 juillet 1966, est le whisky le plus \u00e2g\u00e9 de Bladnoch, symbolisant notre h\u00e9ritage et comm\u00e9morant nos racines. Il incarne le r\u00e9cit d&#8217;une \u00e9poque r\u00e9volue, invitant \u00e0 la r\u00e9flexion sur notre remarquable histoire. Exquise et complexe, ayant m\u00fbri dans un f\u00fbt de ch\u00eane am\u00e9ricain, elle \u00e9voque l&#8217;esprit des fr\u00e8res McClelland, John et Thomas, se promenant sur le quai de la distillerie, refl\u00e9tant les pas de ceux qui nous ont pr\u00e9c\u00e9d\u00e9s depuis 1817.<\/p>\n<\/div>\n<ul>\n<li>\n<h5>NEZ\/AR\u00d4ME<\/h5>\n<p>Nez doux et d\u00e9licat, avec des pommes vertes fra\u00eeches, de l&#8217;herbe fra\u00eechement coup\u00e9e et des ar\u00f4mes de for\u00eat<\/li>\n<li>\n<h5>GO\u00dbT\/APPR\u00c9CIATION<\/h5>\n<p>\u00c9corce d&#8217;orange, avec du chocolat et des notes de feuilles de menthe et de ch\u00eane poli.<\/li>\n<li>\n<h5>Acabado<\/h5>\n<p>Doux avec un poivre blanc subtil, menant \u00e0 une bouche longue et s\u00e8che<\/li>\n<\/ul>\n","protected":false},"featured_media":79131,"comment_status":"open","ping_status":"closed","template":"","meta":{"_acf_changed":false},"product_brand":[],"product_cat":[317,318,341,514,629],"product_tag":[],"class_list":{"0":"post-79977","1":"product","2":"type-product","3":"status-publish","4":"has-post-thumbnail","6":"product_cat-ecosse","7":"product_cat-bladnoch-fr","8":"product_cat-rare-de-collection","9":"product_cat-the-samhla-collection-fr","10":"product_cat-lowland-fr","12":"first","13":"instock","14":"taxable","15":"shipping-taxable","16":"purchasable","17":"product-type-simple"},"acf":[],"aioseo_notices":[],"jetpack_sharing_enabled":true,"_links":{"self":[{"href":"https:\/\/whisky.ad\/fr\/wp-json\/wp\/v2\/product\/79977","targetHints":{"allow":["GET"]}}],"collection":[{"href":"https:\/\/whisky.ad\/fr\/wp-json\/wp\/v2\/product"}],"about":[{"href":"https:\/\/whisky.ad\/fr\/wp-json\/wp\/v2\/types\/product"}],"replies":[{"embeddable":true,"href":"https:\/\/whisky.ad\/fr\/wp-json\/wp\/v2\/comments?post=79977"}],"wp:featuredmedia":[{"embeddable":true,"href":"https:\/\/whisky.ad\/fr\/wp-json\/wp\/v2\/media\/79131"}],"wp:attachment":[{"href":"https:\/\/whisky.ad\/fr\/wp-json\/wp\/v2\/media?parent=79977"}],"wp:term":[{"taxonomy":"product_brand","embeddable":true,"href":"https:\/\/whisky.ad\/fr\/wp-json\/wp\/v2\/product_brand?post=79977"},{"taxonomy":"product_cat","embeddable":true,"href":"https:\/\/whisky.ad\/fr\/wp-json\/wp\/v2\/product_cat?post=79977"},{"taxonomy":"product_tag","embeddable":true,"href":"https:\/\/whisky.ad\/fr\/wp-json\/wp\/v2\/product_tag?post=79977"}],"curies":[{"name":"wp","href":"https:\/\/api.w.org\/{rel}","templated":true}]}}