{"id":79974,"date":"2024-01-05T11:54:45","date_gmt":"2024-01-05T10:54:45","guid":{"rendered":"https:\/\/whisky.ad\/product\/jules-gautret-pineau-blanc-2\/"},"modified":"2024-01-05T11:56:58","modified_gmt":"2024-01-05T10:56:58","slug":"jules-gautret-pineau-blanc-2","status":"publish","type":"product","link":"https:\/\/whisky.ad\/fr\/produit\/jules-gautret-pineau-blanc-2\/","title":{"rendered":"Jules Gautret Pineau Blanc"},"content":{"rendered":"","protected":false},"excerpt":{"rendered":"<p>Le Pineau Blanc Jules Gautret des Charentes est un vin blanc doux \u00e9lev\u00e9 et fortifi\u00e9 en f\u00fbts de ch\u00eane du Limousin. Equilibr\u00e9 et charpent\u00e9, il se d\u00e9guste frais \u00e0 l&#8217;ap\u00e9ritif ou en accompagnement de desserts. Notes de d\u00e9gustation : Aspect : Belle robe orange cuivr\u00e9e. Nez : Ar\u00f4mes subtils de fruits liquoreux comme la p\u00eache, la poire, l&#8217;abricot et la prune. En bouche : Un m\u00e9lange de fruits blancs et d&#8217;autres saveurs d\u00e9licieuses. Harmonie g\u00e9n\u00e9rale : Ce pineau puissant et bien \u00e9quilibr\u00e9 est rafra\u00eechissant et fruit\u00e9, laissant une longue finale aromatique.<\/p>\n","protected":false},"featured_media":79950,"comment_status":"open","ping_status":"closed","template":"","meta":{"_acf_changed":false},"product_brand":[],"product_cat":[342,557],"product_tag":[],"class_list":{"0":"post-79974","1":"product","2":"type-product","3":"status-publish","4":"has-post-thumbnail","6":"product_cat-cognac-armagnac-brandy-fr-2","7":"product_cat-charentes-fr","9":"first","10":"instock","11":"taxable","12":"shipping-taxable","13":"product-type-simple"},"acf":[],"aioseo_notices":[],"jetpack_sharing_enabled":true,"_links":{"self":[{"href":"https:\/\/whisky.ad\/fr\/wp-json\/wp\/v2\/product\/79974","targetHints":{"allow":["GET"]}}],"collection":[{"href":"https:\/\/whisky.ad\/fr\/wp-json\/wp\/v2\/product"}],"about":[{"href":"https:\/\/whisky.ad\/fr\/wp-json\/wp\/v2\/types\/product"}],"replies":[{"embeddable":true,"href":"https:\/\/whisky.ad\/fr\/wp-json\/wp\/v2\/comments?post=79974"}],"wp:featuredmedia":[{"embeddable":true,"href":"https:\/\/whisky.ad\/fr\/wp-json\/wp\/v2\/media\/79950"}],"wp:attachment":[{"href":"https:\/\/whisky.ad\/fr\/wp-json\/wp\/v2\/media?parent=79974"}],"wp:term":[{"taxonomy":"product_brand","embeddable":true,"href":"https:\/\/whisky.ad\/fr\/wp-json\/wp\/v2\/product_brand?post=79974"},{"taxonomy":"product_cat","embeddable":true,"href":"https:\/\/whisky.ad\/fr\/wp-json\/wp\/v2\/product_cat?post=79974"},{"taxonomy":"product_tag","embeddable":true,"href":"https:\/\/whisky.ad\/fr\/wp-json\/wp\/v2\/product_tag?post=79974"}],"curies":[{"name":"wp","href":"https:\/\/api.w.org\/{rel}","templated":true}]}}