{"id":79961,"date":"2023-11-15T15:40:26","date_gmt":"2023-11-15T14:40:26","guid":{"rendered":"https:\/\/whisky.ad\/product\/loch-lomond-original-single-malt-whisky-0-7l-40\/"},"modified":"2023-11-15T15:40:26","modified_gmt":"2023-11-15T14:40:26","slug":"loch-lomond-original-single-malt-whisky-0-7l-40","status":"publish","type":"product","link":"https:\/\/whisky.ad\/fr\/produit\/loch-lomond-original-single-malt-whisky-0-7l-40\/","title":{"rendered":"Loch Lomond Original Single Malt Whisky 0.7l 40%"},"content":{"rendered":"","protected":false},"excerpt":{"rendered":"<p>Loch Lomond Original est un scotch whisky single malt exceptionnellement doux, cors\u00e9 et facile \u00e0 boire. Vieilli dans nos meilleurs f\u00fbts de ch\u00eane, ce whisky offre une explosion de miel doux &amp; ; des notes d&#8217;agrumes avec un l\u00e9ger soup\u00e7on de fum\u00e9e en fin de bouche. <\/p>\n","protected":false},"featured_media":77647,"comment_status":"open","ping_status":"closed","template":"","meta":{"_acf_changed":false},"product_brand":[],"product_cat":[357,453,317],"product_tag":[],"class_list":{"0":"post-79961","1":"product","2":"type-product","3":"status-publish","4":"has-post-thumbnail","6":"product_cat-whisky-by-brand-fr","7":"product_cat-loch-lomond-fr","8":"product_cat-ecosse","10":"first","11":"instock","12":"taxable","13":"shipping-taxable","14":"purchasable","15":"product-type-simple"},"acf":[],"aioseo_notices":[],"jetpack_sharing_enabled":true,"_links":{"self":[{"href":"https:\/\/whisky.ad\/fr\/wp-json\/wp\/v2\/product\/79961","targetHints":{"allow":["GET"]}}],"collection":[{"href":"https:\/\/whisky.ad\/fr\/wp-json\/wp\/v2\/product"}],"about":[{"href":"https:\/\/whisky.ad\/fr\/wp-json\/wp\/v2\/types\/product"}],"replies":[{"embeddable":true,"href":"https:\/\/whisky.ad\/fr\/wp-json\/wp\/v2\/comments?post=79961"}],"wp:featuredmedia":[{"embeddable":true,"href":"https:\/\/whisky.ad\/fr\/wp-json\/wp\/v2\/media\/77647"}],"wp:attachment":[{"href":"https:\/\/whisky.ad\/fr\/wp-json\/wp\/v2\/media?parent=79961"}],"wp:term":[{"taxonomy":"product_brand","embeddable":true,"href":"https:\/\/whisky.ad\/fr\/wp-json\/wp\/v2\/product_brand?post=79961"},{"taxonomy":"product_cat","embeddable":true,"href":"https:\/\/whisky.ad\/fr\/wp-json\/wp\/v2\/product_cat?post=79961"},{"taxonomy":"product_tag","embeddable":true,"href":"https:\/\/whisky.ad\/fr\/wp-json\/wp\/v2\/product_tag?post=79961"}],"curies":[{"name":"wp","href":"https:\/\/api.w.org\/{rel}","templated":true}]}}