{"id":79930,"date":"2023-12-27T11:27:55","date_gmt":"2023-12-27T10:27:55","guid":{"rendered":"https:\/\/whisky.ad\/product\/jules-gautret-pineau-rouge\/"},"modified":"2023-12-27T11:27:55","modified_gmt":"2023-12-27T10:27:55","slug":"jules-gautret-pineau-rouge","status":"publish","type":"product","link":"https:\/\/whisky.ad\/fr\/produit\/jules-gautret-pineau-rouge\/","title":{"rendered":"Jules Gautret Pineau Rouge"},"content":{"rendered":"","protected":false},"excerpt":{"rendered":"<p>Le Pineau Rouge Jules Gautret des Charentes est un vin rouge doux fortifi\u00e9 \u00e9lev\u00e9 en f\u00fbts de ch\u00eane du Limousin. Puissant et \u00e9quilibr\u00e9, il se d\u00e9guste frais \u00e0 l&#8217;ap\u00e9ritif mais se marie \u00e9galement tr\u00e8s bien avec les desserts. Notes de saveur : Aspect : Belle couleur rubis. Nez : Ar\u00f4mes subtils de fruits m\u00fbrs, de cerises noires et de groseilles. En bouche : Un m\u00e9lange de fruits rouges et d&#8217;autres saveurs d\u00e9licieuses. Harmonie de l&#8217;ensemble : Ce pineau robuste et bien \u00e9quilibr\u00e9 est rafra\u00eechissant et fruit\u00e9 avec une finale aromatique persistante. ;<\/p>\n","protected":false},"featured_media":79938,"comment_status":"open","ping_status":"closed","template":"","meta":{"_acf_changed":false},"product_brand":[],"product_cat":[342,557],"product_tag":[],"class_list":{"0":"post-79930","1":"product","2":"type-product","3":"status-publish","4":"has-post-thumbnail","6":"product_cat-cognac-armagnac-brandy-fr-2","7":"product_cat-charentes-fr","9":"first","10":"instock","11":"taxable","12":"shipping-taxable","13":"product-type-simple"},"acf":[],"aioseo_notices":[],"jetpack_sharing_enabled":true,"_links":{"self":[{"href":"https:\/\/whisky.ad\/fr\/wp-json\/wp\/v2\/product\/79930","targetHints":{"allow":["GET"]}}],"collection":[{"href":"https:\/\/whisky.ad\/fr\/wp-json\/wp\/v2\/product"}],"about":[{"href":"https:\/\/whisky.ad\/fr\/wp-json\/wp\/v2\/types\/product"}],"replies":[{"embeddable":true,"href":"https:\/\/whisky.ad\/fr\/wp-json\/wp\/v2\/comments?post=79930"}],"wp:featuredmedia":[{"embeddable":true,"href":"https:\/\/whisky.ad\/fr\/wp-json\/wp\/v2\/media\/79938"}],"wp:attachment":[{"href":"https:\/\/whisky.ad\/fr\/wp-json\/wp\/v2\/media?parent=79930"}],"wp:term":[{"taxonomy":"product_brand","embeddable":true,"href":"https:\/\/whisky.ad\/fr\/wp-json\/wp\/v2\/product_brand?post=79930"},{"taxonomy":"product_cat","embeddable":true,"href":"https:\/\/whisky.ad\/fr\/wp-json\/wp\/v2\/product_cat?post=79930"},{"taxonomy":"product_tag","embeddable":true,"href":"https:\/\/whisky.ad\/fr\/wp-json\/wp\/v2\/product_tag?post=79930"}],"curies":[{"name":"wp","href":"https:\/\/api.w.org\/{rel}","templated":true}]}}