{"id":79926,"date":"2023-12-27T11:21:47","date_gmt":"2023-12-27T10:21:47","guid":{"rendered":"https:\/\/whisky.ad\/product\/jules-gautret-pineau-vieux-des-charentes\/"},"modified":"2023-12-27T11:21:47","modified_gmt":"2023-12-27T10:21:47","slug":"jules-gautret-pineau-vieux-des-charentes","status":"publish","type":"product","link":"https:\/\/whisky.ad\/fr\/produit\/jules-gautret-pineau-vieux-des-charentes\/","title":{"rendered":"Jules Gautret Pineau Vieux des Charentes"},"content":{"rendered":"","protected":false},"excerpt":{"rendered":"<p>&nbsp;<\/p>\n<p>&#8220;Le Pineau Vieux Jules Gautret des Charentes est un vin blanc doux fortifi\u00e9 vieilli pendant 5 ans en f\u00fbts de ch\u00eane du Limousin. Notes de d\u00e9gustation : Aspect : La robe est cuivr\u00e9e et rappelle celle du cognac. Nez : Il pr\u00e9sente des notes de fruits secs et de rancio qui \u00e9voquent des ar\u00f4mes de tabac. En bouche : De d\u00e9licieuses saveurs de prune et de confiture d&#8217;abricot avec un arri\u00e8re-go\u00fbt s\u00e9duisant, long et \u00e9pic\u00e9. Harmonie de l&#8217;ensemble : Ce pineau est un vin cors\u00e9 et tr\u00e8s expressif&#8221;. Y a-t-il quelque chose de particulier que vous aimeriez savoir \u00e0 son sujet ou d&#8217;autres d\u00e9tails qui vous int\u00e9ressent ?<\/p>\n","protected":false},"featured_media":79946,"comment_status":"open","ping_status":"closed","template":"","meta":{"_acf_changed":false},"product_brand":[],"product_cat":[342,557],"product_tag":[],"class_list":{"0":"post-79926","1":"product","2":"type-product","3":"status-publish","4":"has-post-thumbnail","6":"product_cat-cognac-armagnac-brandy-fr-2","7":"product_cat-charentes-fr","9":"first","10":"instock","11":"taxable","12":"shipping-taxable","13":"product-type-simple"},"acf":[],"aioseo_notices":[],"jetpack_sharing_enabled":true,"_links":{"self":[{"href":"https:\/\/whisky.ad\/fr\/wp-json\/wp\/v2\/product\/79926","targetHints":{"allow":["GET"]}}],"collection":[{"href":"https:\/\/whisky.ad\/fr\/wp-json\/wp\/v2\/product"}],"about":[{"href":"https:\/\/whisky.ad\/fr\/wp-json\/wp\/v2\/types\/product"}],"replies":[{"embeddable":true,"href":"https:\/\/whisky.ad\/fr\/wp-json\/wp\/v2\/comments?post=79926"}],"wp:featuredmedia":[{"embeddable":true,"href":"https:\/\/whisky.ad\/fr\/wp-json\/wp\/v2\/media\/79946"}],"wp:attachment":[{"href":"https:\/\/whisky.ad\/fr\/wp-json\/wp\/v2\/media?parent=79926"}],"wp:term":[{"taxonomy":"product_brand","embeddable":true,"href":"https:\/\/whisky.ad\/fr\/wp-json\/wp\/v2\/product_brand?post=79926"},{"taxonomy":"product_cat","embeddable":true,"href":"https:\/\/whisky.ad\/fr\/wp-json\/wp\/v2\/product_cat?post=79926"},{"taxonomy":"product_tag","embeddable":true,"href":"https:\/\/whisky.ad\/fr\/wp-json\/wp\/v2\/product_tag?post=79926"}],"curies":[{"name":"wp","href":"https:\/\/api.w.org\/{rel}","templated":true}]}}