{"id":79242,"date":"2018-11-13T09:48:26","date_gmt":"2018-11-13T08:48:26","guid":{"rendered":"https:\/\/whisky.ad\/product\/crafters-london-dry-gin-0-7l-43\/"},"modified":"2018-11-13T09:48:26","modified_gmt":"2018-11-13T08:48:26","slug":"crafters-london-dry-gin-0-7l-43","status":"publish","type":"product","link":"https:\/\/whisky.ad\/fr\/produit\/crafters-london-dry-gin-0-7l-43\/","title":{"rendered":"Crafter&#8217;s London Dry Gin 0.7L. 43%"},"content":{"rendered":"","protected":false},"excerpt":{"rendered":"<p>Crafter&#8217;s london dry est un gin artisanal \u00e9labor\u00e9 selon la m\u00e9thode traditionnelle du pot still. L&#8217;\u00e9pine dorsale de la recette est une vari\u00e9t\u00e9 de plantes nordiques cueillies \u00e0 la main dans la campagne estonienne. La v\u00e9ronique et le fenouil dominent dans un bouquet d&#8217;ar\u00f4mes piquants, compl\u00e9tant un go\u00fbt vif et \u00e9quilibr\u00e9. Crafter&#8217;s se d\u00e9guste avec un tonic de qualit\u00e9 et un brin de romarin frais. ;    <\/p>\n","protected":false},"featured_media":77443,"comment_status":"open","ping_status":"closed","template":"","meta":{"_acf_changed":false},"product_brand":[],"product_cat":[416,347],"product_tag":[493],"class_list":{"0":"post-79242","1":"product","2":"type-product","3":"status-publish","4":"has-post-thumbnail","6":"product_cat-gin-fr","7":"product_cat-spirits-fr","8":"product_tag-estonia-fr","10":"first","11":"instock","12":"taxable","13":"shipping-taxable","14":"purchasable","15":"product-type-simple"},"acf":[],"aioseo_notices":[],"jetpack_sharing_enabled":true,"_links":{"self":[{"href":"https:\/\/whisky.ad\/fr\/wp-json\/wp\/v2\/product\/79242","targetHints":{"allow":["GET"]}}],"collection":[{"href":"https:\/\/whisky.ad\/fr\/wp-json\/wp\/v2\/product"}],"about":[{"href":"https:\/\/whisky.ad\/fr\/wp-json\/wp\/v2\/types\/product"}],"replies":[{"embeddable":true,"href":"https:\/\/whisky.ad\/fr\/wp-json\/wp\/v2\/comments?post=79242"}],"wp:featuredmedia":[{"embeddable":true,"href":"https:\/\/whisky.ad\/fr\/wp-json\/wp\/v2\/media\/77443"}],"wp:attachment":[{"href":"https:\/\/whisky.ad\/fr\/wp-json\/wp\/v2\/media?parent=79242"}],"wp:term":[{"taxonomy":"product_brand","embeddable":true,"href":"https:\/\/whisky.ad\/fr\/wp-json\/wp\/v2\/product_brand?post=79242"},{"taxonomy":"product_cat","embeddable":true,"href":"https:\/\/whisky.ad\/fr\/wp-json\/wp\/v2\/product_cat?post=79242"},{"taxonomy":"product_tag","embeddable":true,"href":"https:\/\/whisky.ad\/fr\/wp-json\/wp\/v2\/product_tag?post=79242"}],"curies":[{"name":"wp","href":"https:\/\/api.w.org\/{rel}","templated":true}]}}