{"id":79239,"date":"2018-11-12T15:28:30","date_gmt":"2018-11-12T14:28:30","guid":{"rendered":"https:\/\/whisky.ad\/product\/mackmyra-whisky-svensk-rok\/"},"modified":"2018-11-12T15:28:30","modified_gmt":"2018-11-12T14:28:30","slug":"mackmyra-whisky-svensk-rok","status":"publish","type":"product","link":"https:\/\/whisky.ad\/fr\/produit\/mackmyra-whisky-svensk-rok\/","title":{"rendered":"MACKMYRA WHISKY SVENSK R\u00d6K"},"content":{"rendered":"","protected":false},"excerpt":{"rendered":"<div class=\"flex-1 overflow-hidden\">\n<div class=\"react-scroll-to-bottom--css-tttmo-79elbk h-full\">\n<div class=\"react-scroll-to-bottom--css-tttmo-1n7m0yu\">\n<div class=\"flex flex-col pb-9 text-sm\">\n<div class=\"w-full text-token-text-primary\" data-testid=\"conversation-turn-11\">\n<div class=\"px-4 py-2 justify-center text-base md:gap-6 m-auto\">\n<div class=\"flex flex-1 text-base mx-auto gap-3 md:px-5 lg:px-1 xl:px-5 md:max-w-3xl lg:max-w-[40rem] xl:max-w-[48rem] group final-completion\">\n<div class=\"relative flex w-full flex-col lg:w-[calc(100%-115px)] agent-turn\">\n<div class=\"flex-col gap-1 md:gap-3\">\n<div class=\"flex flex-grow flex-col max-w-full\">\n<div class=\"min-h-[20px] text-message flex flex-col items-start gap-3 whitespace-pre-wrap break-words [.text-message+&amp;]:mt-5 overflow-x-auto\" data-message-author-role=\"assistant\" data-message-id=\"41935e98-b382-46b4-b83e-4b2705cd769e\">\n<div class=\"markdown prose w-full break-words dark:prose-invert light\">\n<p>Svensk R\u00f6k (fum\u00e9e su\u00e9doise) est le seul whisky single malt fum\u00e9 \u00e9labor\u00e9 uniquement \u00e0 partir d&#8217;ingr\u00e9dients su\u00e9dois. En Su\u00e8de, le geni\u00e8vre assaisonne notre cuisine depuis des g\u00e9n\u00e9rations, et sa saveur intemporelle est d\u00e9sormais encapsul\u00e9e dans un \u00e9lixir dor\u00e9 pour votre plus grand plaisir. Son ar\u00f4me est un soup\u00e7on de fum\u00e9e et d&#8217;\u00e9pices, tandis que sa saveur se d\u00e9ploie avec une essence beaucoup plus fum\u00e9e et des notes tourb\u00e9es de geni\u00e8vre. Voici le d\u00e9tail : <strong>Nez:<\/strong> Il est subtilement fum\u00e9 et \u00e9pic\u00e9, avec des notes de tourbe, de geni\u00e8vre et de caramel \u00e0 la vanille. <strong>Go\u00fbt:<\/strong> L&#8217;exp\u00e9rience est plus fum\u00e9e que l&#8217;ar\u00f4me et se caract\u00e9rise par des notes de geni\u00e8vre fum\u00e9es et tourb\u00e9es. Des tons secs et bois\u00e9s rappelant les feuilles de tabac blond et les herbes font surface. Une touche de salinit\u00e9 se m\u00eale \u00e0 des accents min\u00e9raux, anis\u00e9s et de fruits verts. <strong>Arri\u00e8re-go\u00fbt:<\/strong> Laisse une impression l\u00e9g\u00e8rement s\u00e8che et fum\u00e9e avec des notes persistantes de ch\u00eane, de sel et d&#8217;herbes. ;  <\/p>\n<\/div>\n<\/div>\n<\/div>\n<div class=\"mt-1 flex justify-start gap-3 empty:hidden\">\n<div class=\"text-gray-400 flex self-end lg:self-center justify-center lg:justify-start mt-0 gap-1 visible\"><button class=\"flex items-center gap-1.5 rounded-md p-1 pl-0 text-xs hover:text-gray-950 dark:text-gray-400 dark:hover:text-gray-200 disabled:dark:hover:text-gray-400 md:invisible md:group-hover:visible md:group-[.final-completion]:visible\"><\/button><\/p>\n<div class=\"flex gap-1\"><\/div>\n<div class=\"flex items-center gap-1.5 text-xs\"><\/div>\n<\/div>\n<\/div>\n<\/div>\n<div class=\"absolute\">\n<div class=\"flex w-full gap-2 items-center justify-center\"><\/div>\n<\/div>\n<\/div>\n<\/div>\n<\/div>\n<\/div>\n<\/div>\n<\/div>\n<\/div>\n<\/div>\n<div class=\"w-full pt-2 md:pt-0 dark:border-white\/20 md:border-transparent md:dark:border-transparent md:w-[calc(100%-.5rem)]\">\n<form class=\"stretch mx-2 flex flex-row gap-3 last:mb-2 md:mx-4 md:last:mb-6 lg:mx-auto lg:max-w-2xl xl:max-w-3xl\">\n<div class=\"relative flex h-full flex-1 items-stretch md:flex-col\">\n<div class=\"flex w-full items-center\"><\/div>\n<\/div>\n<\/form>\n<\/div>\n","protected":false},"featured_media":74992,"comment_status":"open","ping_status":"closed","template":"","meta":{"_acf_changed":false},"product_brand":[],"product_cat":[357,457,523],"product_tag":[],"class_list":{"0":"post-79239","1":"product","2":"type-product","3":"status-publish","4":"has-post-thumbnail","6":"product_cat-whisky-by-brand-fr","7":"product_cat-mackmyra-fr","8":"product_cat-sweden-fr","10":"first","11":"instock","12":"taxable","13":"shipping-taxable","14":"purchasable","15":"product-type-simple"},"acf":[],"aioseo_notices":[],"jetpack_sharing_enabled":true,"_links":{"self":[{"href":"https:\/\/whisky.ad\/fr\/wp-json\/wp\/v2\/product\/79239","targetHints":{"allow":["GET"]}}],"collection":[{"href":"https:\/\/whisky.ad\/fr\/wp-json\/wp\/v2\/product"}],"about":[{"href":"https:\/\/whisky.ad\/fr\/wp-json\/wp\/v2\/types\/product"}],"replies":[{"embeddable":true,"href":"https:\/\/whisky.ad\/fr\/wp-json\/wp\/v2\/comments?post=79239"}],"wp:featuredmedia":[{"embeddable":true,"href":"https:\/\/whisky.ad\/fr\/wp-json\/wp\/v2\/media\/74992"}],"wp:attachment":[{"href":"https:\/\/whisky.ad\/fr\/wp-json\/wp\/v2\/media?parent=79239"}],"wp:term":[{"taxonomy":"product_brand","embeddable":true,"href":"https:\/\/whisky.ad\/fr\/wp-json\/wp\/v2\/product_brand?post=79239"},{"taxonomy":"product_cat","embeddable":true,"href":"https:\/\/whisky.ad\/fr\/wp-json\/wp\/v2\/product_cat?post=79239"},{"taxonomy":"product_tag","embeddable":true,"href":"https:\/\/whisky.ad\/fr\/wp-json\/wp\/v2\/product_tag?post=79239"}],"curies":[{"name":"wp","href":"https:\/\/api.w.org\/{rel}","templated":true}]}}