{"id":79236,"date":"2018-11-18T17:26:16","date_gmt":"2018-11-18T16:26:16","guid":{"rendered":"https:\/\/whisky.ad\/product\/mackmyra-motorhead-whisky-700ml-40-vol\/"},"modified":"2018-11-18T17:26:16","modified_gmt":"2018-11-18T16:26:16","slug":"mackmyra-motorhead-whisky-700ml-40-vol","status":"publish","type":"product","link":"https:\/\/whisky.ad\/fr\/produit\/mackmyra-motorhead-whisky-700ml-40-vol\/","title":{"rendered":"MACKMYRA MOT\u00d6RHEAD WHISKY (700ml 40% vol.)"},"content":{"rendered":"","protected":false},"excerpt":{"rendered":"<h5>Le groupe le plus bruyant du monde sort le whisky probablement le plus demand\u00e9 du monde. ;<\/h5>\n<p>Tout le monde sait d\u00e9sormais que Mot\u00f6rhead suit son propre chemin et fait les choses \u00e0 sa mani\u00e8re. Pour c\u00e9l\u00e9brer 40 ans d&#8217;\u00e9crasement de tympans, le whisky Mot\u00f6rhead est d\u00e9sormais commercialis\u00e9 en collaboration avec le partenaire Brands For Fans et la distillerie su\u00e9doise prim\u00e9e Mackmyra. L&#8217;attitude sans compromis qui caract\u00e9rise la musique du groupe est \u00e9galement \u00e9vidente dans le whisky Mot\u00f6rhead : les influences du bourbon sont \u00e9videntes, c&#8217;est un whisky alerte et vital &#8211; presque arrogant &#8211; parfaitement \u00e9quilibr\u00e9 avec de belles notes de caramel et de vanille typique du ch\u00eane am\u00e9ricain. Le groupe a jou\u00e9 un r\u00f4le actif dans le choix des f\u00fbts et des m\u00e9langes pour apposer son nom sur l&#8217;\u00e9tiquette. Avec Mot\u00f6rhead Whisky, le groupe a sorti deux produits phares d&#8217;un seul coup, puisque le nouvel album &#8220;Bad Magic&#8221; est sorti au d\u00e9but de l&#8217;\u00e9t\u00e9 et s&#8217;est class\u00e9 en t\u00eate des ventes dans plusieurs pays. Lemmy Kilminster, le l\u00e9gendaire leader, fondateur, chanteur \u00e0 la voix grave et bassiste de Mot\u00f6rheads, d\u00e9clare : <em>&#8220;La vie est moins p\u00e9nible avec le whisky Mot\u00f6rhead. Je pourrais envisager d&#8217;en boire une gorg\u00e9e de temps en temps.&#8221;<\/em> Mikkey Dee, batteur de Mot\u00f6rhead: ; <\/p>\n<p> <em>&#8220;Nous pensons qu&#8217;il est tr\u00e8s amusant de lancer un whisky en collaboration avec une distillerie su\u00e9doise de renomm\u00e9e mondiale, Mackmyra. Le whisky est incroyablement bon, plein de caract\u00e8re et d&#8217;ar\u00f4mes, avec une superbe touche de bourbon, puisqu&#8217;il a \u00e9t\u00e9 vieilli dans des f\u00fbts de bourbon. Tous les membres du groupe ont particip\u00e9 activement au processus de production et sont tr\u00e8s fiers du r\u00e9sultat. Ils sont heureux de pouvoir lancer un whisky aussi bon et caract\u00e9ristique, \u00e0 la mani\u00e8re de Mot\u00f6rhead&#8221; ;<\/em><\/p>\n<h5>A propos du whisky Mot\u00f6rhead ;<\/h5>\n<p>Le premier lot du whisky Mot\u00f6rhead est une \u00e9dition limit\u00e9e de whisky single malt su\u00e9dois au caract\u00e8re bois\u00e9 et l\u00e9g\u00e8rement fruit\u00e9, caract\u00e9ris\u00e9 par un vieillissement de cinq ans dans de nouveaux f\u00fbts de ch\u00eane am\u00e9ricain, o\u00f9 certaines parties du whisky ont re\u00e7u une touche finale de f\u00fbts de ch\u00eane oloroso au cours des six derniers mois ; Le titre alcoom\u00e9trique est de 40 % et le whisky est filtr\u00e9 \u00e0 froid, de sorte qu&#8217;aucun trouble ne devrait appara\u00eetre dans la bouteille ou dans le verre, si le whisky est servi \u00e0 une temp\u00e9rature plus basse ; En r\u00e9sum\u00e9, il s&#8217;agit d&#8217;un whisky de malt su\u00e9dois agr\u00e9able, facile \u00e0 boire, chaotique et \u00e9pic\u00e9 ;<\/p>\n<p><strong>Angela D&#8217;Orazio, Master Blender \/ CNO, Chief Nose Officer explique: ;<\/strong><\/p>\n<p><em>&#8220;Ces merveilleux f\u00fbts de ch\u00eane ! Je tombe souvent sur de beaux f\u00fbts de whisky dans la mine, et ici nous avons un tas de superbes f\u00fbts de ch\u00eane am\u00e9ricain neufs qui ont m\u00fbri pendant cinq ans. Nous avions parl\u00e9 de faire un whisky de malt su\u00e9dois avec des influences gustatives de Bourbon aux gars, et il n&#8217;attendait que nous. Pour apporter une petite touche suppl\u00e9mentaire, nous avons ajout\u00e9 une petite portion de whisky pendant six mois dans des f\u00fbts de ch\u00eane Oloroso ;<\/em><\/p>\n","protected":false},"featured_media":71028,"comment_status":"open","ping_status":"closed","template":"","meta":{"_acf_changed":false},"product_brand":[],"product_cat":[357,457,523],"product_tag":[548,552,553],"class_list":{"0":"post-79236","1":"product","2":"type-product","3":"status-publish","4":"has-post-thumbnail","6":"product_cat-whisky-by-brand-fr","7":"product_cat-mackmyra-fr","8":"product_cat-sweden-fr","9":"product_tag-swedish-fr","10":"product_tag-mackmyra-fr","11":"product_tag-single-malt-fr","13":"first","14":"outofstock","15":"taxable","16":"shipping-taxable","17":"purchasable","18":"product-type-simple"},"acf":[],"aioseo_notices":[],"jetpack_sharing_enabled":true,"_links":{"self":[{"href":"https:\/\/whisky.ad\/fr\/wp-json\/wp\/v2\/product\/79236","targetHints":{"allow":["GET"]}}],"collection":[{"href":"https:\/\/whisky.ad\/fr\/wp-json\/wp\/v2\/product"}],"about":[{"href":"https:\/\/whisky.ad\/fr\/wp-json\/wp\/v2\/types\/product"}],"replies":[{"embeddable":true,"href":"https:\/\/whisky.ad\/fr\/wp-json\/wp\/v2\/comments?post=79236"}],"wp:featuredmedia":[{"embeddable":true,"href":"https:\/\/whisky.ad\/fr\/wp-json\/wp\/v2\/media\/71028"}],"wp:attachment":[{"href":"https:\/\/whisky.ad\/fr\/wp-json\/wp\/v2\/media?parent=79236"}],"wp:term":[{"taxonomy":"product_brand","embeddable":true,"href":"https:\/\/whisky.ad\/fr\/wp-json\/wp\/v2\/product_brand?post=79236"},{"taxonomy":"product_cat","embeddable":true,"href":"https:\/\/whisky.ad\/fr\/wp-json\/wp\/v2\/product_cat?post=79236"},{"taxonomy":"product_tag","embeddable":true,"href":"https:\/\/whisky.ad\/fr\/wp-json\/wp\/v2\/product_tag?post=79236"}],"curies":[{"name":"wp","href":"https:\/\/api.w.org\/{rel}","templated":true}]}}