{"id":79233,"date":"2018-11-13T11:25:41","date_gmt":"2018-11-13T10:25:41","guid":{"rendered":"https:\/\/whisky.ad\/product\/znaps-of-sweden-vodka-pure-lake-gateway-0-7l-375\/"},"modified":"2018-11-13T11:25:41","modified_gmt":"2018-11-13T10:25:41","slug":"znaps-of-sweden-vodka-pure-lake-gateway-0-7l-375","status":"publish","type":"product","link":"https:\/\/whisky.ad\/fr\/produit\/znaps-of-sweden-vodka-pure-lake-gateway-0-7l-375\/","title":{"rendered":"Znaps of Sweden Vodka Pure Lake Gateway 0.7l. 37,5%"},"content":{"rendered":"","protected":false},"excerpt":{"rendered":"<p>La vodka Znaps Pure Lake Gateway est un produit su\u00e9dois de haute qualit\u00e9 \u00e0 base de bl\u00e9 d&#8217;hiver et distill\u00e9 par la m\u00e9thode de distillation continue sur plusieurs colonnes. L&#8217;eau d&#8217;une cr\u00eate vieille de deux millions d&#8217;ann\u00e9es qui a pris sa forme d\u00e9finitive au cours de la derni\u00e8re p\u00e9riode glaciaire est naturellement filtr\u00e9e \u00e0 travers de la roche fine et du sable pour la min\u00e9raliser et l&#8217;adoucir parfaitement avant de se m\u00e9langer. &#8220;J&#8217;ai toujours du mal \u00e0 garder les choses en perspective. Qu&#8217;est-ce qui est important et qu&#8217;est-ce qui ne l&#8217;est pas ? Par exemple, je viens d&#8217;aller \u00e0 la banque et j&#8217;ai contract\u00e9 une hypoth\u00e8que d&#8217;un million et demi pour acheter un appartement. Et maintenant, je suis Je suis debout au supermarch\u00e9 et je me demande si \u00e7a vaut la peine de payer un peu plus pour une marmelade d&#8217;oranges \u00e9paisse avec une \u00e9tiquette chic\u2026 Un million et demi, et je tourne un pot de marmelade dans ma main. O\u00f9 est la logique l\u00e0-dedans ? &#8211; il n&#8217;y en a pas.&#8221; <\/p>\n","protected":false},"featured_media":77410,"comment_status":"open","ping_status":"closed","template":"","meta":{"_acf_changed":false},"product_brand":[],"product_cat":[347,418],"product_tag":[],"class_list":{"0":"post-79233","1":"product","2":"type-product","3":"status-publish","4":"has-post-thumbnail","6":"product_cat-spirits-fr","7":"product_cat-vodka-fr","9":"first","10":"instock","11":"taxable","12":"shipping-taxable","13":"purchasable","14":"product-type-simple"},"acf":[],"aioseo_notices":[],"jetpack_sharing_enabled":true,"_links":{"self":[{"href":"https:\/\/whisky.ad\/fr\/wp-json\/wp\/v2\/product\/79233","targetHints":{"allow":["GET"]}}],"collection":[{"href":"https:\/\/whisky.ad\/fr\/wp-json\/wp\/v2\/product"}],"about":[{"href":"https:\/\/whisky.ad\/fr\/wp-json\/wp\/v2\/types\/product"}],"replies":[{"embeddable":true,"href":"https:\/\/whisky.ad\/fr\/wp-json\/wp\/v2\/comments?post=79233"}],"wp:featuredmedia":[{"embeddable":true,"href":"https:\/\/whisky.ad\/fr\/wp-json\/wp\/v2\/media\/77410"}],"wp:attachment":[{"href":"https:\/\/whisky.ad\/fr\/wp-json\/wp\/v2\/media?parent=79233"}],"wp:term":[{"taxonomy":"product_brand","embeddable":true,"href":"https:\/\/whisky.ad\/fr\/wp-json\/wp\/v2\/product_brand?post=79233"},{"taxonomy":"product_cat","embeddable":true,"href":"https:\/\/whisky.ad\/fr\/wp-json\/wp\/v2\/product_cat?post=79233"},{"taxonomy":"product_tag","embeddable":true,"href":"https:\/\/whisky.ad\/fr\/wp-json\/wp\/v2\/product_tag?post=79233"}],"curies":[{"name":"wp","href":"https:\/\/api.w.org\/{rel}","templated":true}]}}