{"id":79230,"date":"2018-11-13T11:27:37","date_gmt":"2018-11-13T10:27:37","guid":{"rendered":"https:\/\/whisky.ad\/product\/znaps-of-sweden-vodka-norfolk-brink-rhubarb-pear-gooseberry-0-7l-375\/"},"modified":"2018-11-13T11:27:37","modified_gmt":"2018-11-13T10:27:37","slug":"znaps-of-sweden-vodka-norfolk-brink-rhubarb-pear-gooseberry-0-7l-375","status":"publish","type":"product","link":"https:\/\/whisky.ad\/fr\/produit\/znaps-of-sweden-vodka-norfolk-brink-rhubarb-pear-gooseberry-0-7l-375\/","title":{"rendered":"Znaps of Sweden Vodka Norfolk Brink-Rhubarb, Pear &amp; Gooseberry 0.7l. 37,5%"},"content":{"rendered":"<p>Ar\u00f4me naturel : rhubarbe, poire et groseille Znaps Norfolk Brink Vodka est un produit su\u00e9dois de haute qualit\u00e9 \u00e0 partir de bl\u00e9 d&#8217;hiver et distill\u00e9 par la m\u00e9thode de distillation continue sur plusieurs colonnes. L&#8217;eau d&#8217;une cr\u00eate vieille de deux millions d&#8217;ann\u00e9es qui a pris sa forme d\u00e9finitive au cours de la derni\u00e8re p\u00e9riode glaciaire est naturellement filtr\u00e9e \u00e0 travers de la roche fine et du sable pour la min\u00e9raliser et l&#8217;adoucir parfaitement avant de se m\u00e9langer. &#8220;Vivre une vie simple. Premi\u00e8re \u00e9tape : arr\u00eater de compliquer les choses. Deuxi\u00e8me \u00e9tape : se sentir mal &#8211; combien de fois cela s&#8217;est-il mal pass\u00e9 ? Et combien de fois avez-vous ressenti quelque chose et fait exactement le contraire, pour vous rendre compte plus tard que vous auriez d\u00fb suivi votre ressenti initial ? \u00bb<\/p>\n","protected":false},"excerpt":{"rendered":"<p>Ar\u00f4me naturel : rhubarbe, poire et groseille Znaps Norfolk Brink Vodka est un produit su\u00e9dois de haute qualit\u00e9 \u00e0 partir de bl\u00e9 d&#8217;hiver et distill\u00e9 par la m\u00e9thode de distillation continue sur plusieurs colonnes. L&#8217;eau d&#8217;une cr\u00eate vieille de deux millions d&#8217;ann\u00e9es qui a pris sa forme d\u00e9finitive au cours de la derni\u00e8re p\u00e9riode glaciaire [&hellip;]<\/p>\n","protected":false},"featured_media":77425,"comment_status":"open","ping_status":"closed","template":"","meta":{"_acf_changed":false},"product_brand":[],"product_cat":[347,418],"product_tag":[],"class_list":{"0":"post-79230","1":"product","2":"type-product","3":"status-publish","4":"has-post-thumbnail","6":"product_cat-spirits-fr","7":"product_cat-vodka-fr","9":"first","10":"instock","11":"taxable","12":"shipping-taxable","13":"purchasable","14":"product-type-simple"},"acf":[],"aioseo_notices":[],"jetpack_sharing_enabled":true,"_links":{"self":[{"href":"https:\/\/whisky.ad\/fr\/wp-json\/wp\/v2\/product\/79230","targetHints":{"allow":["GET"]}}],"collection":[{"href":"https:\/\/whisky.ad\/fr\/wp-json\/wp\/v2\/product"}],"about":[{"href":"https:\/\/whisky.ad\/fr\/wp-json\/wp\/v2\/types\/product"}],"replies":[{"embeddable":true,"href":"https:\/\/whisky.ad\/fr\/wp-json\/wp\/v2\/comments?post=79230"}],"wp:featuredmedia":[{"embeddable":true,"href":"https:\/\/whisky.ad\/fr\/wp-json\/wp\/v2\/media\/77425"}],"wp:attachment":[{"href":"https:\/\/whisky.ad\/fr\/wp-json\/wp\/v2\/media?parent=79230"}],"wp:term":[{"taxonomy":"product_brand","embeddable":true,"href":"https:\/\/whisky.ad\/fr\/wp-json\/wp\/v2\/product_brand?post=79230"},{"taxonomy":"product_cat","embeddable":true,"href":"https:\/\/whisky.ad\/fr\/wp-json\/wp\/v2\/product_cat?post=79230"},{"taxonomy":"product_tag","embeddable":true,"href":"https:\/\/whisky.ad\/fr\/wp-json\/wp\/v2\/product_tag?post=79230"}],"curies":[{"name":"wp","href":"https:\/\/api.w.org\/{rel}","templated":true}]}}