{"id":79227,"date":"2018-11-13T11:15:34","date_gmt":"2018-11-13T10:15:34","guid":{"rendered":"https:\/\/whisky.ad\/product\/znaps-of-sweden-vodka-forest-tale-blackberry-blueberry-0-7l-375\/"},"modified":"2018-11-13T11:15:34","modified_gmt":"2018-11-13T10:15:34","slug":"znaps-of-sweden-vodka-forest-tale-blackberry-blueberry-0-7l-375","status":"publish","type":"product","link":"https:\/\/whisky.ad\/fr\/produit\/znaps-of-sweden-vodka-forest-tale-blackberry-blueberry-0-7l-375\/","title":{"rendered":"Znaps of Sweden Vodka Forest Tale-Blackberry &amp; blueberry 0.7l. 37,5%"},"content":{"rendered":"","protected":false},"excerpt":{"rendered":"<p>Ar\u00f4me naturel : La vodka Znaps Forest Tale de m\u00fbre et de myrtille est un produit su\u00e9dois de haute qualit\u00e9 \u00e0 partir de bl\u00e9 d&#8217;hiver et distill\u00e9 par la m\u00e9thode de distillation continue sur plusieurs colonnes. L&#8217;eau d&#8217;une cr\u00eate vieille de deux millions d&#8217;ann\u00e9es qui a pris sa forme d\u00e9finitive au cours de la derni\u00e8re p\u00e9riode glaciaire est naturellement filtr\u00e9e \u00e0 travers de la roche fine et du sable pour la min\u00e9raliser et l&#8217;adoucir parfaitement avant de se m\u00e9langer. &#8220;Ma voisine adore cueillir des myrtilles en \u00e9t\u00e9, par seaux. Elle vient toujours avec quelques-unes pour moi. Ma voisine est un enfant de la nature, pas un citadin comme moi. Je bois du caf\u00e9 dans un gobelet en carton en marchant dans la rue, je visite Je suis \u00e0 la pharmacie apr\u00e8s minuit et mes cheveux sont toujours parfaits. Mon voisin veut que je me rapproche de la nature. Pourquoi, je me demande, quand il s&#8217;agit de moi \u2013 dans un seau.<\/p>\n","protected":false},"featured_media":77407,"comment_status":"open","ping_status":"closed","template":"","meta":{"_acf_changed":false},"product_brand":[],"product_cat":[418,347],"product_tag":[],"class_list":{"0":"post-79227","1":"product","2":"type-product","3":"status-publish","4":"has-post-thumbnail","6":"product_cat-vodka-fr","7":"product_cat-spirits-fr","9":"first","10":"instock","11":"taxable","12":"shipping-taxable","13":"purchasable","14":"product-type-simple"},"acf":[],"aioseo_notices":[],"jetpack_sharing_enabled":true,"_links":{"self":[{"href":"https:\/\/whisky.ad\/fr\/wp-json\/wp\/v2\/product\/79227","targetHints":{"allow":["GET"]}}],"collection":[{"href":"https:\/\/whisky.ad\/fr\/wp-json\/wp\/v2\/product"}],"about":[{"href":"https:\/\/whisky.ad\/fr\/wp-json\/wp\/v2\/types\/product"}],"replies":[{"embeddable":true,"href":"https:\/\/whisky.ad\/fr\/wp-json\/wp\/v2\/comments?post=79227"}],"wp:featuredmedia":[{"embeddable":true,"href":"https:\/\/whisky.ad\/fr\/wp-json\/wp\/v2\/media\/77407"}],"wp:attachment":[{"href":"https:\/\/whisky.ad\/fr\/wp-json\/wp\/v2\/media?parent=79227"}],"wp:term":[{"taxonomy":"product_brand","embeddable":true,"href":"https:\/\/whisky.ad\/fr\/wp-json\/wp\/v2\/product_brand?post=79227"},{"taxonomy":"product_cat","embeddable":true,"href":"https:\/\/whisky.ad\/fr\/wp-json\/wp\/v2\/product_cat?post=79227"},{"taxonomy":"product_tag","embeddable":true,"href":"https:\/\/whisky.ad\/fr\/wp-json\/wp\/v2\/product_tag?post=79227"}],"curies":[{"name":"wp","href":"https:\/\/api.w.org\/{rel}","templated":true}]}}