{"id":79224,"date":"2018-11-13T10:43:23","date_gmt":"2018-11-13T09:43:23","guid":{"rendered":"https:\/\/whisky.ad\/product\/znaps-of-sweden-ultra-premium-gin-0-7l-40\/"},"modified":"2018-11-13T10:43:23","modified_gmt":"2018-11-13T09:43:23","slug":"znaps-of-sweden-ultra-premium-gin-0-7l-40","status":"publish","type":"product","link":"https:\/\/whisky.ad\/fr\/produit\/znaps-of-sweden-ultra-premium-gin-0-7l-40\/","title":{"rendered":"Znaps of Sweden Ultra Premium Gin 0.7L. 40%"},"content":{"rendered":"","protected":false},"excerpt":{"rendered":"<p>Fabriqu\u00e9 en Su\u00e8de, ce gin incorpore des plantes traditionnelles du gin ainsi qu&#8217;un soup\u00e7on d&#8217;orange am\u00e8re, apportant une touche unique. Il est habilement m\u00e9lang\u00e9 en utilisant la m\u00eame eau su\u00e9doise exceptionnelle qui d\u00e9finit toutes nos offres. Notre engagement envers la qualit\u00e9 est \u00e9vident dans sa production en petits lots, garantissant les meilleurs r\u00e9sultats.  <\/p>\n","protected":false},"featured_media":75757,"comment_status":"open","ping_status":"closed","template":"","meta":{"_acf_changed":false},"product_brand":[],"product_cat":[347,416],"product_tag":[548],"class_list":{"0":"post-79224","1":"product","2":"type-product","3":"status-publish","4":"has-post-thumbnail","6":"product_cat-spirits-fr","7":"product_cat-gin-fr","8":"product_tag-swedish-fr","10":"first","11":"instock","12":"taxable","13":"shipping-taxable","14":"purchasable","15":"product-type-simple"},"acf":[],"aioseo_notices":[],"jetpack_sharing_enabled":true,"_links":{"self":[{"href":"https:\/\/whisky.ad\/fr\/wp-json\/wp\/v2\/product\/79224","targetHints":{"allow":["GET"]}}],"collection":[{"href":"https:\/\/whisky.ad\/fr\/wp-json\/wp\/v2\/product"}],"about":[{"href":"https:\/\/whisky.ad\/fr\/wp-json\/wp\/v2\/types\/product"}],"replies":[{"embeddable":true,"href":"https:\/\/whisky.ad\/fr\/wp-json\/wp\/v2\/comments?post=79224"}],"wp:featuredmedia":[{"embeddable":true,"href":"https:\/\/whisky.ad\/fr\/wp-json\/wp\/v2\/media\/75757"}],"wp:attachment":[{"href":"https:\/\/whisky.ad\/fr\/wp-json\/wp\/v2\/media?parent=79224"}],"wp:term":[{"taxonomy":"product_brand","embeddable":true,"href":"https:\/\/whisky.ad\/fr\/wp-json\/wp\/v2\/product_brand?post=79224"},{"taxonomy":"product_cat","embeddable":true,"href":"https:\/\/whisky.ad\/fr\/wp-json\/wp\/v2\/product_cat?post=79224"},{"taxonomy":"product_tag","embeddable":true,"href":"https:\/\/whisky.ad\/fr\/wp-json\/wp\/v2\/product_tag?post=79224"}],"curies":[{"name":"wp","href":"https:\/\/api.w.org\/{rel}","templated":true}]}}