{"id":79221,"date":"2023-08-05T11:14:42","date_gmt":"2023-08-05T10:14:42","guid":{"rendered":"https:\/\/whisky.ad\/product\/worthy-park-single-estate-reser-0-7l-45\/"},"modified":"2023-08-05T11:14:42","modified_gmt":"2023-08-05T10:14:42","slug":"worthy-park-single-estate-reser-0-7l-45","status":"publish","type":"product","link":"https:\/\/whisky.ad\/fr\/produit\/worthy-park-single-estate-reser-0-7l-45\/","title":{"rendered":"Worthy Park Single Estate Reser. 0.7l 45%"},"content":{"rendered":"","protected":false},"excerpt":{"rendered":"<div class=\"flex flex-grow flex-col gap-3\">\n<div class=\"min-h-[20px] flex flex-col items-start gap-3 overflow-x-auto whitespace-pre-wrap break-words\">\n<div class=\"markdown prose w-full break-words dark:prose-invert light\">\n<p>Worthy Park Single Estate Reserve est un rhum jama\u00efcain prestigieux et tr\u00e8s recherch\u00e9 qui met en valeur le savoir-faire et le d\u00e9vouement exceptionnels du Worthy Park Estate. Comme son nom l&#8217;indique, ce rhum t\u00e9moigne de l&#8217;engagement du domaine \u00e0 produire un spiritueux enti\u00e8rement \u00e9labor\u00e9 sur sa propre propri\u00e9t\u00e9, depuis la culture de la canne \u00e0 sucre jusqu&#8217;\u00e0 la mise en bouteille finale. Cette \u00e9dition limit\u00e9e est un m\u00e9lange de rhums vieillis soigneusement s\u00e9lectionn\u00e9s, distill\u00e9s \u00e0 l&#8217;aide d&#8217;alambics traditionnels en cuivre. Le vieillissement se d\u00e9roule en f\u00fbts de ch\u00eane, permettant au rhum de d\u00e9velopper au fil du temps son caract\u00e8re unique et sa complexit\u00e9. Chaque lot est m\u00e9ticuleusement contr\u00f4l\u00e9 par le Ma\u00eetre M\u00e9langeur pour garantir la plus grande qualit\u00e9 et coh\u00e9rence. Le nez de Worthy Park Single Estate Reserve est une d\u00e9licieuse r\u00e9v\u00e9lation de fruits tropicaux, avec des notes de bananes m\u00fbres, de mangues et des notes d&#8217;agrumes. D\u00e8s que vous en prenez une gorg\u00e9e, la texture velout\u00e9e embrasse votre palais, d\u00e9voilant un profil aromatique riche et multiforme. Attendez-vous \u00e0 un m\u00e9lange harmonieux de fruits tropicaux, de ch\u00eane grill\u00e9 et d&#8217;\u00e9pices chaudes, accentu\u00e9 par une subtile touche de funky terreux caract\u00e9ristique des rhums jama\u00efcains authentiques. Le corps moyen \u00e0 cors\u00e9 du rhum est compl\u00e9t\u00e9 par une douceur bien \u00e9quilibr\u00e9e, avec des saveurs de caramel, de vanille et une touche de m\u00e9lasse. La finale est longue et satisfaisante, vous laissant des impressions persistantes de fruit tropical et la douce chaleur du ch\u00eane vieilli. Worthy Park Single Estate Reserve se d\u00e9guste de pr\u00e9f\u00e9rence pur ou avec quelques gla\u00e7ons pour appr\u00e9cier pleinement ses saveurs complexes. En tant que rhum d&#8217;un seul domaine, il offre une v\u00e9ritable repr\u00e9sentation du terroir, de l&#8217;histoire et du d\u00e9vouement de Worthy Park Estate \u00e0 produire certains des meilleurs rhums au monde. Pour les aficionados et les collectionneurs, Worthy Park Single Estate Reserve est un v\u00e9ritable joyau, mettant en valeur le summum de l&#8217;expertise jama\u00efcaine en mati\u00e8re de fabrication de rhum et illustrant le riche h\u00e9ritage de l&#8217;esprit embl\u00e9matique des Cara\u00efbes. <\/p>\n<\/div>\n<\/div>\n<\/div>\n","protected":false},"featured_media":77023,"comment_status":"open","ping_status":"closed","template":"","meta":{"_acf_changed":false},"product_brand":[],"product_cat":[368,385],"product_tag":[],"class_list":{"0":"post-79221","1":"product","2":"type-product","3":"status-publish","4":"has-post-thumbnail","6":"product_cat-rhum-fr","7":"product_cat-jamaica-fr","9":"first","10":"instock","11":"taxable","12":"shipping-taxable","13":"purchasable","14":"product-type-simple"},"acf":[],"aioseo_notices":[],"jetpack_sharing_enabled":true,"_links":{"self":[{"href":"https:\/\/whisky.ad\/fr\/wp-json\/wp\/v2\/product\/79221","targetHints":{"allow":["GET"]}}],"collection":[{"href":"https:\/\/whisky.ad\/fr\/wp-json\/wp\/v2\/product"}],"about":[{"href":"https:\/\/whisky.ad\/fr\/wp-json\/wp\/v2\/types\/product"}],"replies":[{"embeddable":true,"href":"https:\/\/whisky.ad\/fr\/wp-json\/wp\/v2\/comments?post=79221"}],"wp:featuredmedia":[{"embeddable":true,"href":"https:\/\/whisky.ad\/fr\/wp-json\/wp\/v2\/media\/77023"}],"wp:attachment":[{"href":"https:\/\/whisky.ad\/fr\/wp-json\/wp\/v2\/media?parent=79221"}],"wp:term":[{"taxonomy":"product_brand","embeddable":true,"href":"https:\/\/whisky.ad\/fr\/wp-json\/wp\/v2\/product_brand?post=79221"},{"taxonomy":"product_cat","embeddable":true,"href":"https:\/\/whisky.ad\/fr\/wp-json\/wp\/v2\/product_cat?post=79221"},{"taxonomy":"product_tag","embeddable":true,"href":"https:\/\/whisky.ad\/fr\/wp-json\/wp\/v2\/product_tag?post=79221"}],"curies":[{"name":"wp","href":"https:\/\/api.w.org\/{rel}","templated":true}]}}