{"id":79218,"date":"2023-08-28T09:53:37","date_gmt":"2023-08-28T08:53:37","guid":{"rendered":"https:\/\/whisky.ad\/product\/worthy-park-single-estate-12yo-0-7l-56\/"},"modified":"2023-12-13T17:29:57","modified_gmt":"2023-12-13T16:29:57","slug":"worthy-park-single-estate-12yo-0-7l-56","status":"publish","type":"product","link":"https:\/\/whisky.ad\/fr\/produit\/worthy-park-single-estate-12yo-0-7l-56\/","title":{"rendered":"Worthy Park Single Estate 12YO 0.7l 56%"},"content":{"rendered":"","protected":false},"excerpt":{"rendered":"<p>Le rhum jama\u00efcain Worthy Park se pr\u00e9sente comme une v\u00e9ritable cr\u00e9ation d\u2019un seul domaine. Fabriqu\u00e9 \u00e0 partir de m\u00e9lasse, le processus de distillation est exclusivement ex\u00e9cut\u00e9 \u00e0 l\u2019aide d\u2019alambics en cuivre. L&#8217;\u00e9levage se d\u00e9roule dans d&#8217;anciens f\u00fbts de ch\u00eane am\u00e9ricain, sur une dur\u00e9e de 6 \u00e0 10 ans. Pr\u00e9sent\u00e9 brut de f\u00fbt, ce rhum conserve son int\u00e9grit\u00e9 sans sucres ajout\u00e9s, colorants ou filtration \u00e0 froid. Profil de d\u00e9gustation : Aspect : Une teinte dor\u00e9e profonde et brillante. Ar\u00f4me : \u00c9mane des parfums rappelant une banane fendue, avec des notes de banane, de glace \u00e0 la vanille et une touche de chocolat, entrelac\u00e9es de nuances vertes. Bouche : Introduit une amertume bois\u00e9e accompagn\u00e9e de subtiles nuances de caoutchouc l\u00e9g\u00e8rement carbonis\u00e9, compl\u00e9t\u00e9es par des notes de fruits exotiques. Finale : Pr\u00e9sente une long\u00e9vit\u00e9 remarquable en bouche.   <\/p>\n","protected":false},"featured_media":77233,"comment_status":"open","ping_status":"closed","template":"","meta":{"_acf_changed":false},"product_brand":[],"product_cat":[368,385],"product_tag":[],"class_list":{"0":"post-79218","1":"product","2":"type-product","3":"status-publish","4":"has-post-thumbnail","6":"product_cat-rhum-fr","7":"product_cat-jamaica-fr","9":"first","10":"outofstock","11":"taxable","12":"shipping-taxable","13":"product-type-simple"},"acf":[],"aioseo_notices":[],"jetpack_sharing_enabled":true,"_links":{"self":[{"href":"https:\/\/whisky.ad\/fr\/wp-json\/wp\/v2\/product\/79218","targetHints":{"allow":["GET"]}}],"collection":[{"href":"https:\/\/whisky.ad\/fr\/wp-json\/wp\/v2\/product"}],"about":[{"href":"https:\/\/whisky.ad\/fr\/wp-json\/wp\/v2\/types\/product"}],"replies":[{"embeddable":true,"href":"https:\/\/whisky.ad\/fr\/wp-json\/wp\/v2\/comments?post=79218"}],"wp:featuredmedia":[{"embeddable":true,"href":"https:\/\/whisky.ad\/fr\/wp-json\/wp\/v2\/media\/77233"}],"wp:attachment":[{"href":"https:\/\/whisky.ad\/fr\/wp-json\/wp\/v2\/media?parent=79218"}],"wp:term":[{"taxonomy":"product_brand","embeddable":true,"href":"https:\/\/whisky.ad\/fr\/wp-json\/wp\/v2\/product_brand?post=79218"},{"taxonomy":"product_cat","embeddable":true,"href":"https:\/\/whisky.ad\/fr\/wp-json\/wp\/v2\/product_cat?post=79218"},{"taxonomy":"product_tag","embeddable":true,"href":"https:\/\/whisky.ad\/fr\/wp-json\/wp\/v2\/product_tag?post=79218"}],"curies":[{"name":"wp","href":"https:\/\/api.w.org\/{rel}","templated":true}]}}