{"id":79215,"date":"2023-08-28T10:21:28","date_gmt":"2023-08-28T09:21:28","guid":{"rendered":"https:\/\/whisky.ad\/product\/worthy-park-select-0-7l-40\/"},"modified":"2023-08-28T10:21:28","modified_gmt":"2023-08-28T09:21:28","slug":"worthy-park-select-0-7l-40","status":"publish","type":"product","link":"https:\/\/whisky.ad\/fr\/produit\/worthy-park-select-0-7l-40\/","title":{"rendered":"Worthy Park Select 0.7l 40%"},"content":{"rendered":"","protected":false},"excerpt":{"rendered":"<div class=\"flex flex-grow flex-col gap-3 max-w-full\">\n<div class=\"min-h-[20px] flex flex-col items-start gap-3 overflow-x-auto whitespace-pre-wrap break-words\">\n<div class=\"markdown prose w-full break-words dark:prose-invert light\">\n<p>Fabriqu\u00e9 sous la propri\u00e9t\u00e9 jama\u00efcaine et produit dans le paysage jama\u00efcain, le rhum jama\u00efcain Worthy Park SELECT se pr\u00e9sente comme une repr\u00e9sentation authentique. Ce rhum est m\u00e9ticuleusement distill\u00e9 \u00e0 l&#8217;aide d&#8217;alambics 100 % cuivre et poss\u00e8de une p\u00e9riode de vieillissement mod\u00e9r\u00e9e, r\u00e9sultant en une fusion harmonieuse de rhums vieillis de 4 \u00e0 12 ans, culminant dans un assemblage moyennement cors\u00e9. Chacun de nos rhums m\u00fbrit dans des f\u00fbts de ch\u00eane blanc am\u00e9ricain Ex-Bourbon autrefois utilis\u00e9s, tous r\u00e9alis\u00e9s dans les locaux de notre distillerie. L&#8217;amalgame de notre s\u00e9lection de rhums, vieillis dans un spectre de 4 \u00e0 12 ans, donne un caract\u00e8re distinct qui rend hommage \u00e0 la vigueur et \u00e0 la d\u00e9termination de notre communaut\u00e9 r\u00e9siliente. Worthy Park r\u00e9sume et v\u00e9n\u00e8re la culture et le charisme sans pr\u00e9c\u00e9dent de la population jama\u00efcaine, qui suscite l&#8217;admiration \u00e0 l&#8217;\u00e9chelle mondiale. Profil de d\u00e9gustation : L&#8217;ar\u00f4me est velout\u00e9 et doux, offrant des notes de vanille accompagn\u00e9es de subtiles traces de cannelle, de fruits tropicaux, de banane et d&#8217;orange. En bouche, d\u00e9couvrez la douceur d\u00e9licate de la m\u00e9lasse, accompagn\u00e9e d&#8217;une d\u00e9licate touche de p\u00eache et de chocolat. Vient ensuite la gourmandise des saveurs cr\u00e9meuses de caramel et de toffee, \u00e9l\u00e9gamment superpos\u00e9es \u00e0 des nuances de ch\u00eane.  <\/p>\n<\/div>\n<\/div>\n<\/div>\n","protected":false},"featured_media":77263,"comment_status":"open","ping_status":"closed","template":"","meta":{"_acf_changed":false},"product_brand":[],"product_cat":[368,385],"product_tag":[],"class_list":{"0":"post-79215","1":"product","2":"type-product","3":"status-publish","4":"has-post-thumbnail","6":"product_cat-rhum-fr","7":"product_cat-jamaica-fr","9":"first","10":"outofstock","11":"taxable","12":"shipping-taxable","13":"product-type-simple"},"acf":[],"aioseo_notices":[],"jetpack_sharing_enabled":true,"_links":{"self":[{"href":"https:\/\/whisky.ad\/fr\/wp-json\/wp\/v2\/product\/79215","targetHints":{"allow":["GET"]}}],"collection":[{"href":"https:\/\/whisky.ad\/fr\/wp-json\/wp\/v2\/product"}],"about":[{"href":"https:\/\/whisky.ad\/fr\/wp-json\/wp\/v2\/types\/product"}],"replies":[{"embeddable":true,"href":"https:\/\/whisky.ad\/fr\/wp-json\/wp\/v2\/comments?post=79215"}],"wp:featuredmedia":[{"embeddable":true,"href":"https:\/\/whisky.ad\/fr\/wp-json\/wp\/v2\/media\/77263"}],"wp:attachment":[{"href":"https:\/\/whisky.ad\/fr\/wp-json\/wp\/v2\/media?parent=79215"}],"wp:term":[{"taxonomy":"product_brand","embeddable":true,"href":"https:\/\/whisky.ad\/fr\/wp-json\/wp\/v2\/product_brand?post=79215"},{"taxonomy":"product_cat","embeddable":true,"href":"https:\/\/whisky.ad\/fr\/wp-json\/wp\/v2\/product_cat?post=79215"},{"taxonomy":"product_tag","embeddable":true,"href":"https:\/\/whisky.ad\/fr\/wp-json\/wp\/v2\/product_tag?post=79215"}],"curies":[{"name":"wp","href":"https:\/\/api.w.org\/{rel}","templated":true}]}}