{"id":79212,"date":"2023-08-28T10:31:30","date_gmt":"2023-08-28T09:31:30","guid":{"rendered":"https:\/\/whisky.ad\/product\/worthy-park-rum-bar-silver-0-7l-40\/"},"modified":"2023-08-28T10:31:30","modified_gmt":"2023-08-28T09:31:30","slug":"worthy-park-rum-bar-silver-0-7l-40","status":"publish","type":"product","link":"https:\/\/whisky.ad\/fr\/produit\/worthy-park-rum-bar-silver-0-7l-40\/","title":{"rendered":"Worthy Park Rum Bar Silver 0.7l 40%"},"content":{"rendered":"","protected":false},"excerpt":{"rendered":"<p>Originaire de The Worthy Park Single Estate Reserve en Jama\u00efque, ce rhum non vieilli \u00e9merge de la m\u00e9thode jama\u00efcaine s\u00e9culaire de l&#8217;alambic, r\u00e9put\u00e9e pour cr\u00e9er des rhums robustes et lourds. \u00c9labor\u00e9e \u00e0 partir d&#8217;un m\u00e9lange de trois marques distinctes de rhum, cette offre pr\u00e9sente des notes opulentes de banane beurr\u00e9e, ce qui en fait un superbe choix pour la pr\u00e9paration de cocktails et de boissons m\u00e9lang\u00e9es. <\/p>\n","protected":false},"featured_media":77272,"comment_status":"open","ping_status":"closed","template":"","meta":{"_acf_changed":false},"product_brand":[],"product_cat":[368,385],"product_tag":[],"class_list":{"0":"post-79212","1":"product","2":"type-product","3":"status-publish","4":"has-post-thumbnail","6":"product_cat-rhum-fr","7":"product_cat-jamaica-fr","9":"first","10":"instock","11":"taxable","12":"shipping-taxable","13":"purchasable","14":"product-type-simple"},"acf":[],"aioseo_notices":[],"jetpack_sharing_enabled":true,"_links":{"self":[{"href":"https:\/\/whisky.ad\/fr\/wp-json\/wp\/v2\/product\/79212","targetHints":{"allow":["GET"]}}],"collection":[{"href":"https:\/\/whisky.ad\/fr\/wp-json\/wp\/v2\/product"}],"about":[{"href":"https:\/\/whisky.ad\/fr\/wp-json\/wp\/v2\/types\/product"}],"replies":[{"embeddable":true,"href":"https:\/\/whisky.ad\/fr\/wp-json\/wp\/v2\/comments?post=79212"}],"wp:featuredmedia":[{"embeddable":true,"href":"https:\/\/whisky.ad\/fr\/wp-json\/wp\/v2\/media\/77272"}],"wp:attachment":[{"href":"https:\/\/whisky.ad\/fr\/wp-json\/wp\/v2\/media?parent=79212"}],"wp:term":[{"taxonomy":"product_brand","embeddable":true,"href":"https:\/\/whisky.ad\/fr\/wp-json\/wp\/v2\/product_brand?post=79212"},{"taxonomy":"product_cat","embeddable":true,"href":"https:\/\/whisky.ad\/fr\/wp-json\/wp\/v2\/product_cat?post=79212"},{"taxonomy":"product_tag","embeddable":true,"href":"https:\/\/whisky.ad\/fr\/wp-json\/wp\/v2\/product_tag?post=79212"}],"curies":[{"name":"wp","href":"https:\/\/api.w.org\/{rel}","templated":true}]}}